{"id":518,"date":"2018-05-08T07:56:54","date_gmt":"2018-05-08T07:56:54","guid":{"rendered":"http:\/\/www.hu.life4oakforests.eu\/?page_id=518"},"modified":"2025-03-06T10:20:41","modified_gmt":"2025-03-06T10:20:41","slug":"foti-somlyo","status":"publish","type":"page","link":"https:\/\/hu.life4oakforests.eu\/de\/foti-somlyo\/","title":{"rendered":"F\u00f3ti Somly\u00f3"},"content":{"rendered":"<h4 style=\"text-align: center;\">Projektter\u00fclet \u00e1ltal\u00e1nos le\u00edr\u00e1sa<\/h4>\n<div class=\"row\"> <div class=\"col-md-6\">\n<p>A projektter\u00fclet neve: F\u00f3ti Somly\u00f3<\/p>\n<p>Ter\u00fclet (ha): 93,400<\/p>\n<p>EU v\u00e9delmi jog\u00e1ll\u00e1s: NATURA 2000 K\u00f3d HUDI20040<\/p>\n<p>Egy\u00e9b jog\u00e1ll\u00e1s nemzeti vagy region\u00e1lis szab\u00e1lyoz\u00e1s \u00e9rtelm\u00e9ben:<\/p>\n<p>F\u00f3ti Somly\u00f3 Term\u00e9szetv\u00e9delmi Ter\u00fclet, nemzeti oltalom alatt \u00e1ll<\/p>\n<p>A projektter\u00fcet hasznos\u00edt\u00e1sa: F\u00f6ldhaszn\u00e1lat: Term\u00e9szetv\u00e9delem 50%, turizmus 30%, erd\u0151gazd\u00e1lkod\u00e1s 20%<\/p>\n<p>Tulajdonjogi st\u00e1tusz: \u00c1llami tulajdon 100%<\/p>\n<\/div><div class=\"col-md-6\">\n<p><img loading=\"lazy\" decoding=\"async\" class=\"wp-image-1463 aligncenter\" src=\"http:\/\/www.life4oakforests.eu\/wp-content\/uploads\/2018\/05\/F\u00f3ti-Somly\u00f32-300x225.jpg\" alt=\"\" width=\"431\" height=\"325\" \/><\/p>\n<\/div><\/div>\n<h4><\/h4>\n<h4 style=\"text-align: center;\">Projektter\u00fclet tudom\u00e1nyos le\u00edr\u00e1sa<\/h4>\n<p>A projektter\u00fclet egy\u00e9rtelm\u0171en k\u00fcl\u00f6nb\u00f6zik a t\u00f6bbi itteni ter\u00fclett\u0151l, mivel massz\u00edv, harmadkori \u00fcled\u00e9ket tal\u00e1lunk a felsz\u00edn\u00e9n (pannon homokk\u0151, m\u00e9szk\u0151), amelynek mindig is jelent\u0151s hat\u00e1sa volt \u00e9s ma is jelent\u0151s hat\u00e1ssal van a term\u00e9szetre. A Soml\u00f3-hegy jellegzetes vonulatai azt k\u00f6vet\u0151en alakultak ki, hogy a s\u00edks\u00e1got bor\u00edt\u00f3 Pannon-tenger visszah\u00faz\u00f3dott, a kisz\u00e1radt tengerfen\u00e9k pedig vet\u0151d\u00e9ssel a felsz\u00ednre emelkedett. A negyedid\u0151szakban kisebb m\u00e9rt\u00e9kben l\u00f6sztakar\u00f3 rak\u00f3dott a harmadkori \u00fcled\u00e9kre (a hegy nyugati r\u00e9szein), m\u00edg nagyobb m\u00e9rt\u00e9kben homok rek\u00f3dott le (a hegy l\u00e1b\u00e1n\u00e1l \u00e9s a d\u00e9lkeleti r\u00e9szeken).<br \/>\nA ter\u00fcleten m\u00e9rs\u00e9kelten hideg \u00e9ghajlat uralkodik, a csapad\u00e9k \u00e9vi \u00e1tlag mennyis\u00e9ge 550-600 mm, ebb\u0151l kb. 340 mm a veget\u00e1ci\u00f3s id\u0151szakban hullik (F\u00f3ti Somly\u00f3 Term\u00e9szetv\u00e9delmi Ter\u00fclet \u2013 Gazd\u00e1lkod\u00e1si Terv p. 11.)<br \/>\nSz\u00e1mos tiszt\u00e1st tal\u00e1lunk a F\u00f3ti Somly\u00f3-hegy szigetszer\u0171en kiemelked\u0151 erdeiben, ahol jellemz\u0151en pannon n\u00f6v\u00e9nyvil\u00e1g-csoportosul\u00e1sok alakultak ki. Ezek a csoportosul\u00e1sok k\u00fcl\u00f6nb\u00f6z\u0151 ritka \u00e9s v\u00e9dett \u00e1llat-\u00e9s n\u00f6v\u00e9nyfaj sz\u00e1m\u00e1ra biztos\u00edtanak \u00e9l\u0151helyet<br \/>\nA ter\u00fclet \u00e9l\u0151helyei: 91H0* &#8211; Pannon molyhos t\u00f6lgyesek (60%) \u00e9s 6240* &#8211; pannon lejt\u0151sztyeppek \u00e9s sziklaf\u00fcves lejt\u0151k (10%). Nagyj\u00e1b\u00f3l 15 %-ban van jelen az invaz\u00edv nyugati ostorfa \u00e9s ak\u00e1c, az eredetileg itt tal\u00e1lhat\u00f3 t\u00f6lgyesek\u00a0rov\u00e1s\u00e1ra. Term\u00e9szeti \u00e9rt\u00e9kek: pusztai met\u00e9ng, nagyezerj\u00f3f\u0171, tavaszi h\u00e9rics, selymes peremizs, turb\u00e1nliliom, kikeleti h\u00f3vir\u00e1g, le\u00e1nyk\u00f6k\u00f6rcsin, feh\u00e9res cs\u00fcdf\u0171, sz\u00e1rtalan cs\u00fcdf\u0171, f\u00fcrt\u00f6s homokliliom, b\u00edboros kosbor.<\/p>\n<p>A ter\u00fclet kiemelt \u00e1llatai:<\/p>\n<ul>\n<li>Madarak:\u00a0<em>Eur\u00f3pai lappanty\u00fa, fekete hark\u00e1ly, kis fakop\u00e1ncs, nagy fakop\u00e1ncs, z\u00f6ld k\u00fcll\u0151, bar\u00e1tposz\u00e1ta, \u00f6rv\u00f6s l\u00e9gykap\u00f3, csuszka, r\u00f6vidkarm\u00fa fak\u00fasz, erdei pinty, eger\u00e9sz\u00f6lyv, macskabagoly<\/em><\/li>\n<li>Eml\u0151s\u00f6k:\u00a0<em>Mogyor\u00f3s pele, erdei pele H\u00fcll\u0151k: <\/em>Pannon gy\u00edk, z\u00f6ld gy\u00edk<\/li>\n<li>Bogarak:\u00a0<em>Sisakos s\u00e1ska, nagy szarvasbog\u00e1r, magyar futrinka, skarl\u00e1tbog\u00e1r, nagy h\u0151scinc\u00e9r,<\/em><\/li>\n<li>Lepk\u00e9k:\u00a0<em>Kis Apoll\u00f3-lepke, farkasalmalepke, f\u00f3ti bogl\u00e1rka, cs\u00edkos medvelepke, t\u00f6lgyfaszender, s\u00f6t\u00e9t \u0151szibagoly, buckabagoly, z\u00f6rg\u0151lepke,<\/em><\/li>\n<\/ul>\n<p>.<\/p>\n<h4 style=\"text-align: center;\"><strong>A projektter\u00fclet jelent\u0151s\u00e9ge a biol\u00f3giai sokf\u00e9les\u00e9g \u00e9s \/ vagy a region\u00e1lis, nemzeti \u00e9s uni\u00f3s szinten c\u00e9lzott fajok \/ \u00e9l\u0151helyt\u00edpusok meg\u0151rz\u00e9se szempontj\u00e1b\u00f3l<br \/>\n<\/strong><\/h4>\n<p>Biol\u00f3giai sokf\u00e9les\u00e9g szempontj\u00e1b\u00f3l uni\u00f3s szinten is jelent\u0151s a ter\u00fclet az itt tal\u00e1lhat\u00f3 erd\u0151k kora, szerkezete \u00e9s faj\u00f6sszet\u00e9tele, valamint a holtfa mennyis\u00e9ge miatt. Tov\u00e1bb\u00e1 a t\u00f6lgyesek \u00e9s a pannon lejt\u0151sztyeppek \u00e9s sziklaf\u00fcves lejt\u0151k (6240) meg\u0151rz\u00e9se is fontos a ter\u00fcleten. Az idegenhonos invaz\u00edv fajok elterjed\u00e9se vesz\u00e9lyt jelent ezekre az \u00e9l\u0151helyekre, ami beavatkoz\u00e1st ig\u00e9nyel.<\/p>\n<h4><\/h4>\n<h4 style=\"text-align: center;\">Projektter\u00fclet z\u00e1szl\u00f3shaj\u00f3 fajai<\/h4>\n<p style=\"text-align: center;\"><em>Dictamnus albus,\u00a0Lucanus cervus,\u00a0Dryomys nitedula<\/em><\/p>\n<p style=\"text-align: center;\"><a href=\"http:\/\/hu.life4oakforests.eu\/projekthelyszinek-magyarorszagon\/\">Vissza a projekt ter\u00fcletekre<\/a><\/p>\n","protected":false},"excerpt":{"rendered":"<p>Projektter\u00fclet \u00e1ltal\u00e1nos le\u00edr\u00e1sa Projektter\u00fclet tudom\u00e1nyos le\u00edr\u00e1sa A projektter\u00fclet egy\u00e9rtelm\u0171en k\u00fcl\u00f6nb\u00f6zik a t\u00f6bbi itteni ter\u00fclett\u0151l, mivel massz\u00edv, harmadkori \u00fcled\u00e9ket tal\u00e1lunk a felsz\u00edn\u00e9n (pannon homokk\u0151, m\u00e9szk\u0151), amelynek mindig is jelent\u0151s hat\u00e1sa volt \u00e9s ma is jelent\u0151s hat\u00e1ssal van a term\u00e9szetre. A Soml\u00f3-hegy &hellip; <a href=\"https:\/\/hu.life4oakforests.eu\/de\/foti-somlyo\/\">Weiterlesen<\/a><\/p>\n","protected":false},"author":1,"featured_media":0,"parent":0,"menu_order":0,"comment_status":"closed","ping_status":"closed","template":"","meta":{"kt_blocks_editor_width":"","_monsterinsights_skip_tracking":false,"_monsterinsights_sitenote_active":false,"_monsterinsights_sitenote_note":"","_monsterinsights_sitenote_category":0,"footnotes":""},"class_list":["post-518","page","type-page","status-publish","hentry"],"translation":{"provider":"WPGlobus","version":"3.0.1","language":"de","enabled_languages":["en","es","de","fr","ru"],"languages":{"en":{"title":true,"content":true,"excerpt":false},"es":{"title":false,"content":false,"excerpt":false},"de":{"title":false,"content":false,"excerpt":false},"fr":{"title":false,"content":false,"excerpt":false},"ru":{"title":false,"content":false,"excerpt":false}}},"aioseo_notices":[],"_links":{"self":[{"href":"https:\/\/hu.life4oakforests.eu\/de\/wp-json\/wp\/v2\/pages\/518","targetHints":{"allow":["GET"]}}],"collection":[{"href":"https:\/\/hu.life4oakforests.eu\/de\/wp-json\/wp\/v2\/pages"}],"about":[{"href":"https:\/\/hu.life4oakforests.eu\/de\/wp-json\/wp\/v2\/types\/page"}],"author":[{"embeddable":true,"href":"https:\/\/hu.life4oakforests.eu\/de\/wp-json\/wp\/v2\/users\/1"}],"replies":[{"embeddable":true,"href":"https:\/\/hu.life4oakforests.eu\/de\/wp-json\/wp\/v2\/comments?post=518"}],"version-history":[{"count":10,"href":"https:\/\/hu.life4oakforests.eu\/de\/wp-json\/wp\/v2\/pages\/518\/revisions"}],"predecessor-version":[{"id":5650,"href":"https:\/\/hu.life4oakforests.eu\/de\/wp-json\/wp\/v2\/pages\/518\/revisions\/5650"}],"wp:attachment":[{"href":"https:\/\/hu.life4oakforests.eu\/de\/wp-json\/wp\/v2\/media?parent=518"}],"curies":[{"name":"wp","href":"https:\/\/api.w.org\/{rel}","templated":true}]}}