{"id":504,"date":"2018-05-08T07:24:49","date_gmt":"2018-05-08T07:24:49","guid":{"rendered":"http:\/\/www.hu.life4oakforests.eu\/?page_id=504"},"modified":"2025-03-06T10:25:41","modified_gmt":"2025-03-06T10:25:41","slug":"kerecsendi-erdo","status":"publish","type":"page","link":"https:\/\/hu.life4oakforests.eu\/de\/kerecsendi-erdo\/","title":{"rendered":"Kerecsendi-erd\u0151"},"content":{"rendered":"<h4 style=\"text-align: center;\">Projektter\u00fclet \u00e1ltal\u00e1nos le\u00edr\u00e1sa<\/h4>\n<div class=\"row\"> <div class=\"col-md-6\">\n<p>A projektter\u00fclet neve: Kerecsendi-erd\u0151<\/p>\n<p>Ter\u00fclet (ha): 118,020<\/p>\n<p>EU v\u00e9delmi jog\u00e1ll\u00e1s: K\u00fcl\u00f6nleges Term\u00e9szetmeg\u0151rz\u00e9si Ter\u00fclet (SCI): HUBN20038<\/p>\n<p>Egy\u00e9b jog\u00e1ll\u00e1s nemzeti vagy region\u00e1lis szab\u00e1lyoz\u00e1s \u00e9rtelm\u00e9ben:<\/p>\n<p>Nemzeti oltalom alatt \u00e1ll\u00f3 ter\u00fclet<\/p>\n<p>A projektter\u00fcet hasznos\u00edt\u00e1sa: F\u00f6ldhaszn\u00e1lat: Term\u00e9szetmeg\u0151rz\u00e9s 98%, erd\u0151gazd\u00e1lkod\u00e1s 2%<\/p>\n<p>Tulajdonjogi st\u00e1tusz: \u00c1llami tulajdon 98%, mag\u00e1ntulajdon 2%<\/p>\n<\/div><div class=\"col-md-6\">\n<p><img loading=\"lazy\" decoding=\"async\" class=\"wp-image-1501 aligncenter\" src=\"http:\/\/www.life4oakforests.eu\/wp-content\/uploads\/2018\/05\/Kerecsendi_erdo_1-300x171.jpg\" alt=\"\" width=\"430\" height=\"245\" \/><\/p>\n<\/div><\/div>\n<h5><\/h5>\n<h4 style=\"text-align: center;\">Projektter\u00fclet tudom\u00e1nyos le\u00edr\u00e1sa<\/h4>\n<p>A projektter\u00fclet a B\u00fckk-hegys\u00e9g \u00e9s az Alf\u00f6ld k\u00f6z\u00f6tti \u00e1tmeneti z\u00f3n\u00e1ban tal\u00e1lhat\u00f3, ahol a s\u00edks\u00e1gi \u00e9s hegyi \u00e9l\u0151vil\u00e1g egyar\u00e1nt el\u0151fordul. A ter\u00fcleten jellemz\u0151en 91I0 * Euro-szib\u00e9riai erd\u0151ssztyepp-t\u00f6lgyeseket (58%) \u00e9s 91G0*pannon gyerty\u00e1nos-t\u00f6lgyeseket Quercus petraea-val \u00e9s Carpinus betulus-szal\u00a0(25%) tal\u00e1lunk.<br \/>\nSzint\u00e9n megtal\u00e1lhat\u00f3ak itt 91M0 pannon cseres-t\u00f6lgyesek (3%).<br \/>\nA 91I0 * euro-szib\u00e9riai erd\u0151ssztyepp-t\u00f6lgyesek \u00e9l\u0151helyei k\u00f6z\u00fcl n\u00e9h\u00e1ny helyen el\u0151fordul az invaz\u00edv <em>ak\u00e1c<\/em> (3%) \u00e9s az idegenhonos <em>v\u00f6r\u00f6s t\u00f6lgy<\/em> (6%). Egyes r\u00e9szeket 40A0 *kontinent\u00e1lis sziklai- \u00e9s sztyeppcserj\u00e9sek (4%) bor\u00edtanak.<br \/>\nA ter\u00fclet legfontosabb n\u00f6v\u00e9nyei a <em>nagyezerj\u00f3f\u0171, magyar zergevir\u00e1g, p\u00e1zsitos n\u0151szirom, tarka n\u0151szirom, le\u00e1nyk\u00f6k\u00f6rcsin<\/em> \u00e9s <em>Janka-tars\u00f3ka<\/em>.<\/p>\n<p>A ter\u00fclet \u00e1llatai:<\/p>\n<ul>\n<li>Eml\u0151s\u00f6k:\u00a0<em>Erdei pele<\/em><\/li>\n<li>Madarak:\u00a0<em>Nagy fakop\u00e1ncs, fekete hark\u00e1ly, hamvas k\u00fcll\u0151.<\/em><\/li>\n<li>Bogarak:\u00a0<em>Nagy h\u0151scinc\u00e9r \u00e9s nagy szarvasbog\u00e1r<\/em><\/li>\n<li>Lepk\u00e9k:\u00a0<em>Magyar tavaszi-f\u00e9s\u0171sbagolylepke<\/em><\/li>\n<\/ul>\n<h4 style=\"text-align: center;\"><strong>A projektter\u00fclet jelent\u0151s\u00e9ge a biol\u00f3giai sokf\u00e9les\u00e9g \u00e9s \/ vagy a region\u00e1lis, nemzeti \u00e9s uni\u00f3s szinten c\u00e9lzott fajok \/ \u00e9l\u0151helyt\u00edpusok meg\u0151rz\u00e9se szempontj\u00e1b\u00f3l<br \/>\n<\/strong><\/h4>\n<p>A k\u00fcl\u00f6nf\u00e9le t\u00f6lgyerd\u0151\u00e1llom\u00e1nyok (91G0, 91I0, 91M0) sz\u00e1mos fokozottan v\u00e9dett fajnak, valamint k\u00f6zel 450 ed\u00e9nyes n\u00f6v\u00e9nynek (lsd. projektter\u00fclet tudom\u00e1nyos le\u00edr\u00e1sa) biztos\u00edtanak \u00e9l\u0151helyet, \u00edgy megfelel\u0151 term\u00e9szetv\u00e9delmi kezel\u00e9st ig\u00e9nyelnek. K\u00fcl\u00f6n\u00f6sen a 91I0 * euro-szib\u00e9riai erd\u0151ssztyepp-t\u00f6lgyesek \u00e9l\u0151helyeit fenyegeti vesz\u00e9ly, mivel \u00e1llom\u00e1nya nemzeti szinten az eredeti 9%-r\u00f3l m\u00e1ra 0,1%-ra cs\u00f6kkent. Azonban, a fejleszt\u00e9shez a mag\u00e1ntulajdonban l\u00e9v\u0151 erd\u0151k felv\u00e1s\u00e1rl\u00e1sa sz\u00fcks\u00e9ges, \u00e9s a <em>v\u00f6r\u00f6s t\u00f6lggyel <\/em>ben\u0151tt erd\u0151ket 91I0* euro-szib\u00e9riai erd\u0151ssztyepp-t\u00f6lgyerd\u0151kk\u00e9 kell alak\u00edtanunk, valamint az invaz\u00edv fajokat is el kell t\u00e1vol\u00edtani. A megfelel\u0151 term\u00e9szetv\u00e9delmi erd\u0151kezel\u00e9s hozz\u00e1j\u00e1rulhat az euro-szib\u00e9riai erd\u0151ssztyepp-t\u00f6lgyerd\u0151k, a pannon t\u00f6lgyesek Quercus petraea-val \u00e9s Carpinus betulus-szal, \u00e9s pannon cseres-t\u00f6lgyesek bor\u00edtotta ter\u00fcletek fejl\u0151d\u00e9s\u00e9hez. Ezen erd\u0151k \u00e9s a pannon lejt\u0151sztyeppek \u00e9s sziklaf\u00fcves lejt\u0151k jelenl\u00e9te biol\u00f3giai soksz\u00edn\u0171s\u00e9g szempontj\u00e1b\u00f3l, uni\u00f3s szinten teszi fontoss\u00e1 a ter\u00fcletet. A ter\u00fclet term\u00e9szetess\u00e9ge \u00e9s biol\u00f3giai soksz\u00edn\u0171s\u00e9ge viszonylag r\u00f6vid id\u0151n bel\u00fcl jobb\u00e1 tehet\u0151 megfelel\u0151 term\u00e9szetv\u00e9delmi kezel\u00e9ssel.<\/p>\n<h4 style=\"text-align: center;\">Projektter\u00fclet z\u00e1szl\u00f3shaj\u00f3 fajai<\/h4>\n<p style=\"text-align: center;\"><em>Dictamnus albus,\u00a0Euphydryas maturna,\u00a0Parnassius mnemosyne<\/em><\/p>\n<p style=\"text-align: center;\"><a href=\"http:\/\/hu.life4oakforests.eu\/projekthelyszinek-magyarorszagon\/\">Vissza a projekt ter\u00fcletekre<\/a><\/p>\n<h3 style=\"text-align: center;\"><\/h3>\n","protected":false},"excerpt":{"rendered":"<p>Projektter\u00fclet \u00e1ltal\u00e1nos le\u00edr\u00e1sa Projektter\u00fclet tudom\u00e1nyos le\u00edr\u00e1sa A projektter\u00fclet a B\u00fckk-hegys\u00e9g \u00e9s az Alf\u00f6ld k\u00f6z\u00f6tti \u00e1tmeneti z\u00f3n\u00e1ban tal\u00e1lhat\u00f3, ahol a s\u00edks\u00e1gi \u00e9s hegyi \u00e9l\u0151vil\u00e1g egyar\u00e1nt el\u0151fordul. A ter\u00fcleten jellemz\u0151en 91I0 * Euro-szib\u00e9riai erd\u0151ssztyepp-t\u00f6lgyeseket (58%) \u00e9s 91G0*pannon gyerty\u00e1nos-t\u00f6lgyeseket Quercus petraea-val \u00e9s Carpinus &hellip; <a href=\"https:\/\/hu.life4oakforests.eu\/de\/kerecsendi-erdo\/\">Weiterlesen<\/a><\/p>\n","protected":false},"author":1,"featured_media":0,"parent":0,"menu_order":0,"comment_status":"closed","ping_status":"closed","template":"","meta":{"kt_blocks_editor_width":"","_monsterinsights_skip_tracking":false,"_monsterinsights_sitenote_active":false,"_monsterinsights_sitenote_note":"","_monsterinsights_sitenote_category":0,"footnotes":""},"class_list":["post-504","page","type-page","status-publish","hentry"],"translation":{"provider":"WPGlobus","version":"3.0.1","language":"de","enabled_languages":["en","es","de","fr","ru"],"languages":{"en":{"title":true,"content":true,"excerpt":false},"es":{"title":false,"content":false,"excerpt":false},"de":{"title":false,"content":false,"excerpt":false},"fr":{"title":false,"content":false,"excerpt":false},"ru":{"title":false,"content":false,"excerpt":false}}},"aioseo_notices":[],"_links":{"self":[{"href":"https:\/\/hu.life4oakforests.eu\/de\/wp-json\/wp\/v2\/pages\/504","targetHints":{"allow":["GET"]}}],"collection":[{"href":"https:\/\/hu.life4oakforests.eu\/de\/wp-json\/wp\/v2\/pages"}],"about":[{"href":"https:\/\/hu.life4oakforests.eu\/de\/wp-json\/wp\/v2\/types\/page"}],"author":[{"embeddable":true,"href":"https:\/\/hu.life4oakforests.eu\/de\/wp-json\/wp\/v2\/users\/1"}],"replies":[{"embeddable":true,"href":"https:\/\/hu.life4oakforests.eu\/de\/wp-json\/wp\/v2\/comments?post=504"}],"version-history":[{"count":9,"href":"https:\/\/hu.life4oakforests.eu\/de\/wp-json\/wp\/v2\/pages\/504\/revisions"}],"predecessor-version":[{"id":5658,"href":"https:\/\/hu.life4oakforests.eu\/de\/wp-json\/wp\/v2\/pages\/504\/revisions\/5658"}],"wp:attachment":[{"href":"https:\/\/hu.life4oakforests.eu\/de\/wp-json\/wp\/v2\/media?parent=504"}],"curies":[{"name":"wp","href":"https:\/\/api.w.org\/{rel}","templated":true}]}}