{"id":494,"date":"2018-05-07T13:59:27","date_gmt":"2018-05-07T13:59:27","guid":{"rendered":"http:\/\/www.hu.life4oakforests.eu\/?page_id=494"},"modified":"2025-03-06T10:24:30","modified_gmt":"2025-03-06T10:24:30","slug":"garabi-varju-berc","status":"publish","type":"page","link":"https:\/\/hu.life4oakforests.eu\/de\/garabi-varju-berc\/","title":{"rendered":"Gar\u00e1bi Varj\u00fa-b\u00e9rc"},"content":{"rendered":"<h4 style=\"text-align: center;\">Projektter\u00fclet \u00e1ltal\u00e1nos le\u00edr\u00e1sa<\/h4>\n<div class=\"row\"> <div class=\"col-md-6\">\n<p>A projektter\u00fclet neve: Gar\u00e1bi Varj\u00fa-b\u00e9rc<\/p>\n<p>Ter\u00fclet (ha): 42,390<\/p>\n<p>EU v\u00e9delmi jog\u00e1ll\u00e1s: K\u00fcl\u00f6nleges Term\u00e9szetmeg\u0151rz\u00e9si Ter\u00fclet (SCI): HUBN20056<\/p>\n<p>Egy\u00e9b jog\u00e1ll\u00e1s nemzeti vagy region\u00e1lis szab\u00e1lyoz\u00e1s \u00e9rtelm\u00e9ben:<\/p>\n<p>Kelet-Cserh\u00e1t T\u00e1jv\u00e9delmi K\u00f6rzet<\/p>\n<p>A projektter\u00fcet hasznos\u00edt\u00e1sa: F\u00f6ldhaszn\u00e1lat: Term\u00e9szetv\u00e9delem 100%<\/p>\n<p>Tulajdonjogi st\u00e1tusz: \u00c1llami tulajdon 100%<\/p>\n<\/div><div class=\"col-md-6\">\n<p><img loading=\"lazy\" decoding=\"async\" class=\"wp-image-1493 aligncenter\" src=\"http:\/\/www.life4oakforests.eu\/wp-content\/uploads\/2018\/05\/Garab1-300x172.jpg\" alt=\"\" width=\"431\" height=\"247\" \/><\/p>\n<\/div><\/div>\n<h5><\/h5>\n<h3><\/h3>\n<h4 style=\"text-align: center;\">Projektter\u00fclet tudom\u00e1nyos le\u00edr\u00e1sa<\/h4>\n<p>A ter\u00fclet 400-450 m\u00e9teres tengerszint feletti magass\u00e1gban tal\u00e1lhat\u00f3, andezit alapk\u0151zeten. A hegy \u00e9szaki \u00e9s nyugati r\u00e9szeit 67-82 \u00e9ves term\u00e9szetes erd\u0151k bor\u00edtj\u00e1k, mint 91G0*pannon gyerty\u00e1nos-t\u00f6lgyesek Quercus petraea-val \u00e9s Carpinus betulus-szal\u00a0(42%), 91M0 pannon cseres-t\u00f6lgyesek (27%) \u00e9s \u00e1tmeneti 91G0* erd\u0151k (21%). A hegyet k\u00f6r\u00fclvev\u0151 t\u00e1jon tal\u00e1lunk erd\u0151ket, gondozott \u00e9s elhagyatott puszt\u00e1kat. A szikl\u00e1s hegyh\u00e1tat 40A0* kontinent\u00e1lis cserj\u00e9sek bor\u00edtj\u00e1k (0,2%). Az erdei tiszt\u00e1sokat 6240* pannon lejt\u0151sztyeppek\u00e9s sziklaf\u00fcves lejt\u0151k (0,7%) fedik. A lejt\u0151k\u00f6n 9180* lejt\u0151 \u00e9s sziklat\u00f6rmel\u00e9kek Tilio- Acerion erdeit tal\u00e1ljuk (4%). Az invaz\u00edv <em>ak\u00e1c<\/em> szint\u00e9n el\u0151fordul a projektter\u00fcleten (1,4%). \u00c9rt\u00e9kes n\u00f6v\u00e9nyek a <em>bug\u00e1s hagyma, sz\u00e9les pajzsika,<\/em> <em>piros k\u00edgy\u00f3szisz<\/em>,\u00a0<em>le\u00e1nyk\u00f6k\u00f6rcsin<\/em>\u00a0\u00e9s Janka-tars\u00f3ka.<\/p>\n<p>A ter\u00fclet \u00e1llatai:<\/p>\n<ul>\n<li>Eml\u0151s\u00f6k:\u00a0<em>Vadmacska, r\u0151t koraidenev\u00e9r, nagy pele<\/em><\/li>\n<li>Madarak:\u00a0<em>K\u00e9k galamb, fekete hark\u00e1ly, k\u00f6z\u00e9p fakop\u00e1ncs, \u00f6rv\u00f6s l\u00e9gykap\u00f3, hamvas k\u00fcll\u0151, macskabagoly, l\u00e9prig\u00f3.<\/em><\/li>\n<li>Bogarak:\u00a0<em>Nagy h\u0151scinc\u00e9r, nagy szarvasbog\u00e1r \u00e9s r\u00e1ncos gy\u00e1szbog\u00e1r.<\/em><\/li>\n<li>Lepk\u00e9k:\u00a0<em>Magyar tavaszi-f\u00e9s\u0171sbagolylepke, s\u00e1rga gyapjassz\u00f6v\u0151, nagy t\u0171zlepke, magyar t\u00f6lgymakkmoly, kis Apoll\u00f3-lepke<\/em><\/li>\n<\/ul>\n<h4><\/h4>\n<h4 style=\"text-align: center;\"><strong>A projektter\u00fclet jelent\u0151s\u00e9ge a biol\u00f3giai sokf\u00e9les\u00e9g \u00e9s \/ vagy a region\u00e1lis, nemzeti \u00e9s uni\u00f3s szinten c\u00e9lzott fajok \/ \u00e9l\u0151helyt\u00edpusok meg\u0151rz\u00e9se szempontj\u00e1b\u00f3l<br \/>\n<\/strong><\/h4>\n<p>Jelent\u0151s a ter\u00fclet biol\u00f3giai sokf\u00e9les\u00e9ge; sz\u00e1mos ritka \u00e9s \u00e9rt\u00e9kes n\u00f6v\u00e9ny-\u00e9s \u00e1llatfaj tal\u00e1lhat\u00f3 itt. Ezek biogeogr\u00e1fiailag jelent\u0151s, \u00e9l\u0151helyspecifikus fajok, amelyek nagy popul\u00e1ci\u00f3kban fordulnak el\u0151 a ter\u00fcleten. A k\u00fcl\u00f6nf\u00e9le t\u00f6lgyerd\u0151\u00e1llom\u00e1nyok (91G0, 91M0) sz\u00e1mos fokozottan v\u00e9dett fajnak (lsd. projektter\u00fclet tudom\u00e1nyos le\u00edr\u00e1sa) biztos\u00edtanak \u00e9l\u0151helyet, \u00edgy megfelel\u0151 term\u00e9szetv\u00e9delmi kezel\u00e9st ig\u00e9nyelnek. A pannon gyerty\u00e1nos-t\u00f6lgyesek Quercus petraea-val \u00e9s Carpinus betulus-szal, a pannon molyhos t\u00f6lgyesek Quercus pubescens-szel \u00e9s pannon cseres-t\u00f6lgyesek, valamint a kontinent\u00e1lis cserj\u00e9sek \u00e9s pannon lejt\u0151sztyeppek \u00e9s sziklaf\u00fcves lejt\u0151k jelenl\u00e9te biol\u00f3giai soksz\u00edn\u0171s\u00e9g szempontj\u00e1b\u00f3l \u00e9s uni\u00f3s szinten is jelent\u0151ss\u00e9 teszi a ter\u00fcletet. A ter\u00fclet term\u00e9szetess\u00e9ge \u00e9s biol\u00f3giai soksz\u00edn\u0171s\u00e9ge viszonylag r\u00f6vid id\u0151n bel\u00fcl fejleszthet\u0151 megfelel\u0151 term\u00e9szetv\u00e9delmi kezel\u00e9ssel \u00e9s az invaz\u00edv fajok kiirt\u00e1s\u00e1val.<\/p>\n<h3><\/h3>\n<h4 style=\"text-align: center;\">Projektter\u00fclet z\u00e1szl\u00f3shaj\u00f3 fajai<\/h4>\n<p style=\"text-align: center;\"><em>Anguis colchica,\u00a0Picus canus,\u00a0Barbastella barbastellus<\/em><\/p>\n<p style=\"text-align: center;\"><a href=\"http:\/\/hu.life4oakforests.eu\/projekthelyszinek-magyarorszagon\/\">Vissza a projekt ter\u00fcletekre<\/a><\/p>\n","protected":false},"excerpt":{"rendered":"<p>Projektter\u00fclet \u00e1ltal\u00e1nos le\u00edr\u00e1sa Projektter\u00fclet tudom\u00e1nyos le\u00edr\u00e1sa A ter\u00fclet 400-450 m\u00e9teres tengerszint feletti magass\u00e1gban tal\u00e1lhat\u00f3, andezit alapk\u0151zeten. A hegy \u00e9szaki \u00e9s nyugati r\u00e9szeit 67-82 \u00e9ves term\u00e9szetes erd\u0151k bor\u00edtj\u00e1k, mint 91G0*pannon gyerty\u00e1nos-t\u00f6lgyesek Quercus petraea-val \u00e9s Carpinus betulus-szal\u00a0(42%), 91M0 pannon cseres-t\u00f6lgyesek (27%) \u00e9s &hellip; <a href=\"https:\/\/hu.life4oakforests.eu\/de\/garabi-varju-berc\/\">Weiterlesen<\/a><\/p>\n","protected":false},"author":1,"featured_media":0,"parent":0,"menu_order":0,"comment_status":"closed","ping_status":"closed","template":"","meta":{"kt_blocks_editor_width":"","_monsterinsights_skip_tracking":false,"_monsterinsights_sitenote_active":false,"_monsterinsights_sitenote_note":"","_monsterinsights_sitenote_category":0,"footnotes":""},"class_list":["post-494","page","type-page","status-publish","hentry"],"translation":{"provider":"WPGlobus","version":"3.0.1","language":"de","enabled_languages":["en","es","de","fr","ru"],"languages":{"en":{"title":true,"content":true,"excerpt":false},"es":{"title":false,"content":false,"excerpt":false},"de":{"title":false,"content":false,"excerpt":false},"fr":{"title":false,"content":false,"excerpt":false},"ru":{"title":false,"content":false,"excerpt":false}}},"aioseo_notices":[],"_links":{"self":[{"href":"https:\/\/hu.life4oakforests.eu\/de\/wp-json\/wp\/v2\/pages\/494","targetHints":{"allow":["GET"]}}],"collection":[{"href":"https:\/\/hu.life4oakforests.eu\/de\/wp-json\/wp\/v2\/pages"}],"about":[{"href":"https:\/\/hu.life4oakforests.eu\/de\/wp-json\/wp\/v2\/types\/page"}],"author":[{"embeddable":true,"href":"https:\/\/hu.life4oakforests.eu\/de\/wp-json\/wp\/v2\/users\/1"}],"replies":[{"embeddable":true,"href":"https:\/\/hu.life4oakforests.eu\/de\/wp-json\/wp\/v2\/comments?post=494"}],"version-history":[{"count":5,"href":"https:\/\/hu.life4oakforests.eu\/de\/wp-json\/wp\/v2\/pages\/494\/revisions"}],"predecessor-version":[{"id":5656,"href":"https:\/\/hu.life4oakforests.eu\/de\/wp-json\/wp\/v2\/pages\/494\/revisions\/5656"}],"wp:attachment":[{"href":"https:\/\/hu.life4oakforests.eu\/de\/wp-json\/wp\/v2\/media?parent=494"}],"curies":[{"name":"wp","href":"https:\/\/api.w.org\/{rel}","templated":true}]}}