{"id":488,"date":"2018-05-07T12:59:42","date_gmt":"2018-05-07T12:59:42","guid":{"rendered":"http:\/\/www.hu.life4oakforests.eu\/?page_id=488"},"modified":"2019-05-08T12:58:53","modified_gmt":"2019-05-08T12:58:53","slug":"carne-e-rontana","status":"publish","type":"page","link":"https:\/\/hu.life4oakforests.eu\/de\/carne-e-rontana\/","title":{"rendered":"Carn\u00e8 e Rontana"},"content":{"rendered":"<h4 style=\"text-align: center;\"><strong>Projektter\u00fclet \u00e1ltal\u00e1nos le\u00edr\u00e1sa<\/strong><\/h4>\n<div class=\"row\"> <div class=\"col-md-6\">\n<p>A projektter\u00fclet neve: Carn\u00e8 e Rontana<\/p>\n<p>Ter\u00fclet (ha): 71.170<\/p>\n<p>Eus v\u00e9delmi jog\u00e1ll\u00e1s: NATURA 2000 Code IT4070011<\/p>\n<p>Egy\u00e9b jog\u00e1ll\u00e1s nemzeti vagy region\u00e1lis szab\u00e1lyoz\u00e1s \u00e9rtelm\u00e9ben:\u00a0Nemzeti park<\/p>\n<p>A projektter\u00fcet hasznos\u00edt\u00e1sa: A f\u00f6ldhaszn\u00e1lat: Term\u00e9szetv\u00e9delem 70%, turizmus 10%, erd\u0151gazd\u00e1lkod\u00e1s 10%, mez\u0151gazdas\u00e1g 10%<\/p>\n<p>Tulajdonjogi st\u00e1tusz: \u00c1llami tulajdon 80%, Mag\u00e1ntulajdon 20%<\/p>\n<\/div><div class=\"col-md-6\">\n<p><img loading=\"lazy\" decoding=\"async\" class=\"wp-image-1519 aligncenter\" src=\"http:\/\/www.life4oakforests.eu\/wp-content\/uploads\/2018\/05\/Bosco-di-roverella-gi\u016f-oggetto-di-interventi-forestali-di-rinaturalizzazione_Max-Costa-300x201.jpg\" alt=\"\" width=\"431\" height=\"289\" \/><\/p>\n<\/div><\/div>\n<h5><\/h5>\n<h3><\/h3>\n<h4 style=\"text-align: center;\">Projektter\u00fclet tudom\u00e1nyos le\u00edr\u00e1sa<\/h4>\n<p>&nbsp;<\/p>\n<p>A ter\u00fclet mag\u00e1ba foglalja a messinai gipszt keleti felsz\u00edni kib\u00fav\u00e1s\u00e1t \u00a0Eur\u00f3p\u00e1ban, amely f\u00f6ldtani \u00e9s term\u00e9szeti szempontb\u00f3l igen \u00e9rt\u00e9kes.<br \/>\nAz \u00fagynevezett Gipsz Erezet r\u00e9tegei, amelyek a s\u00edks\u00e1g fel\u00e9 ereszkednek le, meredek, d\u00e9li fekv\u00e9s\u0171 szikl\u00e1kat k\u00e9peznek. Ezek n\u00f6v\u00e9nyvil\u00e1gukkal \u00e9rdekes, mediterr\u00e1n hat\u00e1st eredm\u00e9nyeznek (<em>terpentinpiszt\u00e1cia, \u00f6r\u00f6kz\u00f6ld benge, napr\u00f3zsa<\/em>), ellent\u00e9tben az \u00e9szaki lejt\u0151kkel, amelyeket f\u00e1k bor\u00edtanak \u00e9s az Appenninek magasabb szintjeire jellemz\u0151 gazdag n\u00f6v\u00e9nyvil\u00e1ggal rendelkeznek (<em>d\u00e1rd\u00e1s vesep\u00e1fr\u00e1ny, kikeleti h\u00f3vir\u00e1g, eur\u00f3pai h\u00e1rs, egyny\u00e1ri sz\u00e9lf\u0171, odvas keltike, k\u00f6z\u00f6ns\u00e9ges aranyes\u0151, mogyor\u00f3s h\u00f3lyagfa<\/em>). Az eg\u00e9sz ter\u00fcletre jellemz\u0151ek a kiterjedt karsztjelens\u00e9gek mind a felsz\u00ednen, (z\u00e1rt v\u00f6lgyek, v\u00edznyel\u0151k, szurdokok, erod\u00e1lt k\u00e9pz\u0151dm\u00e9nyek) mind pedig a felsz\u00edn alatt (v\u00edznyel\u0151k, szakad\u00e9kok \u00e9s barlangok). Ezek hozz\u00e1j\u00e1rulnak a t\u00e1j alaktani \u00e9s biol\u00f3giai soksz\u00edn\u0171s\u00e9g\u00e9hez. Emellett a n\u00f6v\u00e9nyvil\u00e1g is igen gazdag; mediterr\u00e1n \u00e9s k\u00f6z\u00e9p-eur\u00f3pai n\u00f6v\u00e9nyek jellemz\u0151k, de \u00e9rdekes a felsz\u00edni \u00e9s felsz\u00edn alatti \u00e1llatvil\u00e1g is. Mezofil \u00e9s xerofil cserj\u00e9sek \u00e9s erd\u0151k egyar\u00e1nt el\u0151fordulnak, amelyekben z\u00f6mmel <em>molyhos t\u00f6lgyet<\/em> tal\u00e1lunk (91AA*), a hegyoldalakat <em>magyalt\u00f6lgyek<\/em> tark\u00edtj\u00e1k (9340), a p\u00e1r\u00e1s hegyszorosokban pedig mezofil n\u00f6v\u00e9nyvil\u00e1g uralkodik, ahol a csalitos \u00e9s a f\u00fcves r\u00e9t, az egykor megm\u0171velt f\u00f6ldek, valamint a p\u00e1fr\u00e1nnyal \u00e9s egy\u00e9ves n\u00f6v\u00e9nyfajokkal bor\u00edtott szikl\u00e1k v\u00e1ltozatosan fordulnak el\u0151. A sz\u00e1razs\u00e1gkedvel\u0151 mez\u0151k\u00f6n orchideaf\u00e9l\u00e9kkel tal\u00e1lkozunk (6210*), tov\u00e1bb\u00e1 itt tal\u00e1ljuk a molyhos t\u00f6lgyesek term\u00e9szetes kialakul\u00e1si hely\u00e9t (91AA*). A barlangokban fennmaradt a term\u00e9szetes k\u00f6rnyezet, amely b\u0151velkedik p\u00e1fr\u00e1nyokban \u00e9s k\u00fcl\u00f6nleges n\u00f6v\u00e9nyekben, valamint denev\u00e9rkol\u00f3ni\u00e1kban \u00e9s barlangkedvel\u0151 gerinctelen \u00e1llatfajokban. A mez\u0151gazdas\u00e1gi n\u00f6v\u00e9nyek viszonylag ritk\u00e1k ezen a ter\u00fcleten, ink\u00e1bb a k\u00f6rnyez\u0151 t\u00e1jakon fordulnak el\u0151. A ter\u00fclet Vena del Gesso Romagnola region\u00e1lis parkj\u00e1ban tal\u00e1lhat\u00f3. A 92\/43\/EEC ir\u00e1nyelv I. mell\u00e9klete alapj\u00e1n nyolc v\u00e9dett\u00e9 nyilv\u00e1n\u00edtott \u00e9l\u0151hely van itt: 6110*-<em> Feh\u00e9r varj\u00fah\u00e1jas m\u00e9szkedvel\u0151 sziklai pion\u00edr n\u00f6v\u00e9nyzet <\/em>\u00a06210*-Sz\u00e1lkaperj\u00e9s-rozsnokos xero-mezofil gyepek jelent\u0151s orchidea telepekkel (10,05 ha).<\/p>\n<p>8210-sziklahasad\u00e9kok, -falak \u00e9s t\u00f6rmel\u00e9klejt\u0151k n\u00f6v\u00e9nyzete<br \/>\n8310-Nagyk\u00f6z\u00f6ns\u00e9g sz\u00e1m\u00e1ra meg nem nyitott barlangok<\/p>\n<p>9180*-lejt\u0151k \u00e9s sziklat\u00f6rmel\u00e9kek Tilio-Acerion erd\u0151i<\/p>\n<p>91AA*-Keleti feh\u00e9r t\u00f6lgyesek (54,39 ha).<br \/>\n9260-<em>Gesztenyeligetek<\/em><br \/>\n92A0-Feh\u00e9rf\u0171z \u00e9s <em>feh\u00e9rny\u00e1r<\/em>-gal\u00e9riaerd\u0151k<br \/>\nA 92\/43\/EEC ir\u00e1nyelv II. mell\u00e9klete alapj\u00e1n v\u00e9dett n\u00f6v\u00e9nyfaj:\u00a0<em>Adriai sallangvir\u00e1g<\/em>.<br \/>\nOrchideaf\u00e9l\u00e9kben (30 faj) \u00e9s <em>harasztokban<\/em> gazdag n\u00f6v\u00e9nyvil\u00e1g.<br \/>\nA 09\/147\/EU ir\u00e1nyelv I. mell\u00e9klet\u00e9ben szerepl\u0151 madarak:<br \/>\n<em>Dar\u00e1zs\u00f6lyv, barna k\u00e1nya, k\u00edgy\u00e1sz\u00f6lyv, barna r\u00e9tih\u00e9ja, k\u00e9kes r\u00e9tih\u00e9ja, hamvas r\u00e9tih\u00e9ja, hal\u00e1szsas, k\u00e9k v\u00e9rcse, kis s\u00f3lyom, v\u00e1ndors\u00f3lyom, eur\u00f3pai lappanty\u00fa, eur\u00f3pai szalak\u00f3ta, szikipacsirta, erdei pacsirta, parlagi pityer, t\u00f6vissz\u00far\u00f3 g\u00e9bics, kerti s\u00e1rm\u00e1ny<\/em><br \/>\nA 92\/43\/EEC ir\u00e1nyelv II. mell\u00e9klet\u00e9ben szerepl\u0151 eml\u0151s\u00f6k:<br \/>\n<em>Kis patk\u00f3sdenev\u00e9r, nagy patk\u00f3sdenev\u00e9r, kereknyerg\u0171 patk\u00f3sdenev\u00e9r, hegyesorr\u00fa denev\u00e9r, hossz\u00fasz\u00e1rny\u00fa denev\u00e9r, csonkaf\u00fcl\u0171 denev\u00e9r, k\u00f6z\u00f6ns\u00e9ges denev\u00e9r, sz\u00fcrke farkas*<\/em><br \/>\nA 92\/43\/EEC ir\u00e1nyelv II. mell\u00e9klet\u00e9ben szerepl\u0151 h\u00fcll\u0151k \u00e9s k\u00e9t\u00e9lt\u0171ek:\u00a0<em>Alpesi tarajosg\u0151te,<\/em><\/p>\n<p>IA 92\/43\/EEC ir\u00e1nyelv II. mell\u00e9klet\u00e9ben szerepl\u0151 gerinctelenek:\u00a0<em>Cs\u00edkos medvelepke*, remetebog\u00e1r*, nagy szarvasbog\u00e1r, nagy h\u0151scinc\u00e9r, d\u00e9li szitak\u00f6t\u0151, <\/em><\/p>\n<p>&nbsp;<\/p>\n<h4 style=\"text-align: center;\"><strong>A projektter\u00fclet jelent\u0151s\u00e9ge a biol\u00f3giai sokf\u00e9les\u00e9g \u00e9s \/ vagy a region\u00e1lis, nemzeti \u00e9s uni\u00f3s szinten c\u00e9lzott fajok \/ \u00e9l\u0151helyt\u00edpusok meg\u0151rz\u00e9se szempontj\u00e1b\u00f3l<br \/>\n<\/strong><\/h4>\n<p>&nbsp;<\/p>\n<p>Carn\u00e9 \u00e9s Rontana biogeogr\u00e1fiai jelent\u0151s\u00e9ge mediterr\u00e1n n\u00f6v\u00e9nyzet\u00e9ben rejlik, kieg\u00e9sz\u00fclve az Appenninek \u00e9szaki hat\u00e1r\u00e1n\u00e1l tal\u00e1lhat\u00f3 r\u00e9szekkel. Ezek k\u00f6z\u00f6tt elterjedtek itt a 91AA* Keleti feh\u00e9r t\u00f6lgyesek (54,39 ha) mint szubmediterr\u00e1n erd\u0151t\u00e1rsul\u00e1sok <em>molyhos t\u00f6lgyekkel<\/em> \u00e9s egy\u00e9b n\u00f6v\u00e9nyekkel, mint: <em>Vir\u00e1gos k\u0151ris, koml\u00f3gyerty\u00e1n, keleti gyerty\u00e1n, h\u00e1zi berkenye, s\u00e1rgavir\u00e1g\u00fa jeneszter, galambsz\u00edn\u0171 \u00f6rd\u00f6gszem, k\u00f3nya habszegf\u0171, bokros koronaf\u00fcrt, \u00e1gas homokliliom, nagyezerj\u00f3f\u0171, piros g\u00f3lyaorr, sz\u00e9leslevel\u0171 n\u0151sz\u0151f\u0171, r\u00fabia, osyris, Dorycnium hirsutum, kocsord<\/em> \u00e9s sztenomediterr\u00e1n fajok, mint <em>Asparagus acutifolius, r\u00fabia<\/em>, <em>Clematis flammula, \u00f6r\u00f6kz\u00f6ld r\u00f3zsa, v\u00f6r\u00f6s bor\u00f3ka<\/em>. Sz\u00e1razs\u00e1gkedvel\u0151, <em>sud\u00e1r rozsnokkal<\/em> \u00e9s rengeteg orchideafajbor\u00edtott mez\u0151k (6210*) fedik le a 10,05 ha ter\u00fcletet \u00e9s szorosan kapcsol\u00f3dnak a 91AA* \u00e9l\u0151helyhez.<br \/>\nA mag\u00e1ntulajdonban l\u00e9v\u0151 erd\u0151kben az erd\u0151 szerkezete gyakran v\u00e1ltoztozik \u00e9s egys\u00edk\u00fav\u00e1 v\u00e1lik \u00a0a sarjerd\u0151 \u00fczemm\u00f3ddal. Ezt azonban tiltj\u00e1k a park ter\u00fclet\u00e9n, ahol csak a teljes erd\u0151\u00e1talk\u00edt\u00e1s enged\u00e9lyezett. Az erd\u0151k z\u00f6me elhagyatott vagy illeg\u00e1lisan \u00edrtj\u00e1k, teh\u00e1t \u00e9get\u0151 sz\u00fcks\u00e9g volna helyes igazgat\u00e1sukra meg\u0151rz\u00e9s\u00fck \u00e9s az illeg\u00e1lis v\u00e1g\u00e1s meg\u00e1ll\u00edt\u00e1s\u00e1nak \u00e9rdek\u00e9ben. M\u00e1s vesz\u00e9lyek is fenyegetik azonban az erd\u0151ket, p\u00e9ld\u00e1ul az erd\u0151t\u00fczek \u00e9s az aljn\u00f6v\u00e9nyzet, valamint a fiatal n\u00f6v\u00e9nyek kiv\u00e1g\u00e1sa. Tov\u00e1bbi probl\u00e9ma a nem \u0151shonos, invaz\u00edv fajok, mint a <em>\u00a0b\u00e1lv\u00e1nyfa<\/em> \u00e9s az <em>ak\u00e1c<\/em>\u00a0 jelenl\u00e9te; valamint az erd\u0151k \u00fajraf\u00e1s\u00edt\u00e1sa nem \u0151shonos fajokkal: <em>feketefeny\u0151, erdeifeny\u0151, ariz\u00f3niai ciprus<\/em>, \u00e9s a f\u00f6ldm\u0171vel\u00e9s nem k\u00edv\u00e1natos hat\u00e1sai az erd\u0151k hat\u00e1r\u00e1ban.<\/p>\n<h3><\/h3>\n<h4 style=\"text-align: center;\">Projektter\u00fclet z\u00e1szl\u00f3shaj\u00f3 fajai<\/h4>\n<p style=\"text-align: center;\"><em>Himantoglossum adriaticum,\u00a0Speleomantes italicus,\u00a0Hystrix cristata<\/em><\/p>\n<p style=\"text-align: center;\"><a href=\"http:\/\/hu.life4oakforests.eu\/projekthelyszinek-magyarorszagon\/\">Back to Project Areas<\/a><\/p>\n<p>&nbsp;<\/p>\n","protected":false},"excerpt":{"rendered":"<p>Projektter\u00fclet \u00e1ltal\u00e1nos le\u00edr\u00e1sa Projektter\u00fclet tudom\u00e1nyos le\u00edr\u00e1sa &nbsp; A ter\u00fclet mag\u00e1ba foglalja a messinai gipszt keleti felsz\u00edni kib\u00fav\u00e1s\u00e1t \u00a0Eur\u00f3p\u00e1ban, amely f\u00f6ldtani \u00e9s term\u00e9szeti szempontb\u00f3l igen \u00e9rt\u00e9kes. Az \u00fagynevezett Gipsz Erezet r\u00e9tegei, amelyek a s\u00edks\u00e1g fel\u00e9 ereszkednek le, meredek, d\u00e9li fekv\u00e9s\u0171 szikl\u00e1kat &hellip; <a href=\"https:\/\/hu.life4oakforests.eu\/de\/carne-e-rontana\/\">Weiterlesen<\/a><\/p>\n","protected":false},"author":1,"featured_media":0,"parent":0,"menu_order":0,"comment_status":"closed","ping_status":"closed","template":"","meta":{"kt_blocks_editor_width":"","_monsterinsights_skip_tracking":false,"_monsterinsights_sitenote_active":false,"_monsterinsights_sitenote_note":"","_monsterinsights_sitenote_category":0,"footnotes":""},"class_list":["post-488","page","type-page","status-publish","hentry"],"translation":{"provider":"WPGlobus","version":"3.0.1","language":"de","enabled_languages":["en","es","de","fr","ru"],"languages":{"en":{"title":true,"content":true,"excerpt":false},"es":{"title":false,"content":false,"excerpt":false},"de":{"title":false,"content":false,"excerpt":false},"fr":{"title":false,"content":false,"excerpt":false},"ru":{"title":false,"content":false,"excerpt":false}}},"aioseo_notices":[],"_links":{"self":[{"href":"https:\/\/hu.life4oakforests.eu\/de\/wp-json\/wp\/v2\/pages\/488","targetHints":{"allow":["GET"]}}],"collection":[{"href":"https:\/\/hu.life4oakforests.eu\/de\/wp-json\/wp\/v2\/pages"}],"about":[{"href":"https:\/\/hu.life4oakforests.eu\/de\/wp-json\/wp\/v2\/types\/page"}],"author":[{"embeddable":true,"href":"https:\/\/hu.life4oakforests.eu\/de\/wp-json\/wp\/v2\/users\/1"}],"replies":[{"embeddable":true,"href":"https:\/\/hu.life4oakforests.eu\/de\/wp-json\/wp\/v2\/comments?post=488"}],"version-history":[{"count":5,"href":"https:\/\/hu.life4oakforests.eu\/de\/wp-json\/wp\/v2\/pages\/488\/revisions"}],"predecessor-version":[{"id":1373,"href":"https:\/\/hu.life4oakforests.eu\/de\/wp-json\/wp\/v2\/pages\/488\/revisions\/1373"}],"wp:attachment":[{"href":"https:\/\/hu.life4oakforests.eu\/de\/wp-json\/wp\/v2\/media?parent=488"}],"curies":[{"name":"wp","href":"https:\/\/api.w.org\/{rel}","templated":true}]}}