{"id":465,"date":"2018-05-07T08:58:37","date_gmt":"2018-05-07T08:58:37","guid":{"rendered":"http:\/\/www.hu.life4oakforests.eu\/?page_id=465"},"modified":"2025-03-06T10:16:31","modified_gmt":"2025-03-06T10:16:31","slug":"tihany","status":"publish","type":"page","link":"https:\/\/hu.life4oakforests.eu\/de\/tihany\/","title":{"rendered":"Tihany"},"content":{"rendered":"<h4 style=\"text-align: center;\"><strong>Projektter\u00fclet \u00e1ltal\u00e1nos le\u00edr\u00e1sa<\/strong><\/h4>\n<div class=\"row\"> <div class=\"col-md-6\">\n<p>A projektter\u00fclet neve: Tihany<\/p>\n<p>Ter\u00fclet (ha): 116.610<\/p>\n<p>Eus v\u00e9delmi jog\u00e1ll\u00e1s: NATURA 2000 Code 30001,\u00a0NATURA 2000 Code HUBF 20006 Tihanyi-f\u00e9lsziget<\/p>\n<p>Egy\u00e9b jog\u00e1ll\u00e1s nemzeti vagy region\u00e1lis szab\u00e1lyoz\u00e1s \u00e9rtelm\u00e9ben: Nemzeti park<\/p>\n<p>A projektter\u00fcet hasznos\u00edt\u00e1sa: A f\u00f6ldhaszn\u00e1lat: Term\u00e9szetv\u00e9delem 80%, turizmus 10%, erd\u0151gazd\u00e1lkod\u00e1s 30%<\/p>\n<p>Tulajdonjogi st\u00e1tusz: \u00c1llami tulajdon 100%<\/p>\n<\/div><div class=\"col-md-6\">\n<p><img loading=\"lazy\" decoding=\"async\" class=\" wp-image-1433 aligncenter\" src=\"http:\/\/www.life4oakforests.eu\/wp-content\/uploads\/2018\/05\/tihany_2-300x212.jpg\" alt=\"\" width=\"429\" height=\"303\" \/><\/p>\n<\/div><\/div>\n<h5><\/h5>\n<h5><\/h5>\n<h4 style=\"text-align: center;\">Projektter\u00fclet tudom\u00e1nyos le\u00edr\u00e1sa<\/h4>\n<p>A projektter\u00fclet neve: Tihany \u00a0Ter\u00fclet (ha): 116.610 Eus V\u00e9delmi jog\u00e1ll\u00e1s:\u00a0 K\u00fcl\u00f6nleges Term\u00e9szetmeg\u0151rz\u00e9si \u00a0Ter\u00fclet (SCI): HUBF20006 Tihabyi-f\u00e9lsziget \u00a0Egy\u00e9b jog\u00e1ll\u00e1s nemzeti vagy region\u00e1lis szab\u00e1lyoz\u00e1s \u00e9rtelm\u00e9ben: Nemzeti park A projektter\u00fcet hasznos\u00edt\u00e1sa: F\u00f6ldhaszn\u00e1lat: term\u00e9szetv\u00e9delem 80%, turizmus: 10%, erd\u0151gazd\u00e1lkod\u00e1s: 10% Tulajdonjogi st\u00e1tusz: \u00e1llami tulajdon 100%<\/p>\n<p>A Tihanyi-f\u00e9lsziget ter\u00fclete ugyan csup\u00e1n 12 km<sup>2<\/sup>, \u00e1m m\u00e9gis ez a Balaton-Felvid\u00e9k legsoksz\u00edn\u0171bb \u00e9s leg\u00e9rt\u00e9kesebb r\u00e9sze. Az igen v\u00e1ltozatos, szubmediterr\u00e1n \u00e9ghajlati felsz\u00ednt, amely az \u00f6sszetett vulkanikus (bazalt, piroklaszt) \u00e9s posztvulkanikus (gejzirit) alapk\u0151zet f\u00f6l\u00f6tt helyezkedik el, f\u0151k\u00e9nt <em>91H0*Pannon molyhos t\u00f6lgyesek bor\u00edtj\u00e1k (75%),<\/em>\u00a0de vannak itt 91M0 Pannon cseres-t\u00f6lgyesek (18%) \u00e9s<em>91G0 Pannon gyerty\u00e1nos-t\u00f6lgyesek<\/em>\u00a0az \u00e9szaki lejt\u0151k\u00f6n a bels\u0151 tavak ment\u00e9n.\u00a0 A ter\u00fclet egy r\u00e9sz\u00e9t egykor f\u00e1s legel\u0151 bor\u00edtotta, amelynek az \u00fajraf\u00e1s\u00edt\u00e1s\u00e1t 80 \u00e9ve kezdt\u00e9k meg. Ennek eredm\u00e9nye egy korban \u00e9s strukt\u00far\u00e1j\u00e1ban v\u00e1ltozatos erd\u0151 lett, b\u00e1r olykor az idegenhonos feketefeny\u0151 is \u00fcltet\u00e9sre ker\u00fclt. Az \u00f6reg feketefeny\u0151 erd\u0151ben n\u00e9h\u00e1ny \u0151shonos fafaj \u00fajra megtelepedett, de e folyamat m\u00e9g t\u00e1mogat\u00e1sra szorul. P\u00e1r invaz\u00edv faj, p\u00e9ld\u00e1ul az \u00a0ak\u00e1c \u00e9s a \u00a0b\u00e1lv\u00e1nyfa elszaporodott a ter\u00fcleten.<br \/>\nA projektter\u00fcleten t\u00f6red\u00e9kesen el\u0151fordul 6110* feh\u00e9r varj\u00fah\u00e1jas m\u00e9szkedvel\u0151 sziklai pion\u00edr n\u00f6v\u00e9nyzet, 6240* Pannon lejt\u0151sztyeppek \u00e9s sziklaf\u00fcves lejt\u0151k \u00e9s 6190 Pannon sziklagyepek.<br \/>\nMeghat\u00e1roz\u00f3 n\u00f6v\u00e9nyek:\u00a0<em>pusztai ty\u00faktar\u00e9j, \u0151szi csillagvir\u00e1g \u00e9s apr\u00f3 vet\u0151vir\u00e1g,<\/em><br \/>\nMeghat\u00e1roz\u00f3 \u00e1llatok:<br \/>\nEml\u0151s\u00f6k:\u00a0<em>k\u00f6z\u00f6ns\u00e9ges denev\u00e9r<\/em>,<br \/>\nMadarak:\u00a0<em>k\u00f6z\u00e9p fakop\u00e1ncs, kis fakop\u00e1ncs, fekete hark\u00e1ly, hamvas k\u00fcll\u0151, z\u00f6ld k\u00fcll\u0151, f\u00fcleskuvik<\/em>;<br \/>\nRovarok:\u00a0<em>nagy h\u0151scinc\u00e9r, nagy szarvasbog\u00e1r.<\/em><\/p>\n<h4 style=\"text-align: center;\"><strong>A projektter\u00fclet jelent\u0151s\u00e9ge a biol\u00f3giai sokf\u00e9les\u00e9g \u00e9s \/ vagy a region\u00e1lis, nemzeti \u00e9s uni\u00f3s szinten c\u00e9lzott fajok \/ \u00e9l\u0151helyt\u00edpusok meg\u0151rz\u00e9se szempontj\u00e1b\u00f3l<br \/>\n<\/strong><\/h4>\n<p>A projektter\u00fclet fontos a <em>91H0*Pannon molyhos t\u00f6lgyesek<\/em> fejleszt\u00e9se \u00e9s kiterjeszt\u00e9se szempontj\u00e1b\u00f3l, amelyek az \u00e9l\u0151helyv\u00e9delmi ir\u00e1nyelv I. mell\u00e9klet\u00e9nek alapj\u00e1n Eur\u00f3pai Uni\u00f3s kiemelt jelent\u0151s\u00e9g\u0171 \u00e9l\u0151helyek.<br \/>\nSzint\u00e9n fontos ter\u00fclet az idegenhonos <em>\u00a0ak\u00e1c<\/em>\u00a0\u00e9s b\u00e1lv\u00e1nyfa ki\u00edrt\u00e1s\u00e1nak szempontj\u00e1b\u00f3l.<br \/>\nA ter\u00fclet helyre\u00e1ll\u00edt\u00e1sa a r\u00e9gi\u00f3 t\u00f6bbi erd\u0151gazd\u00e1lkod\u00f3j\u00e1nak is k\u00f6vetend\u0151 p\u00e9ldak\u00e9nt szolg\u00e1lhat.<\/p>\n<h4 style=\"text-align: center;\">Projektter\u00fclet z\u00e1szl\u00f3shaj\u00f3 fajai<\/h4>\n<p style=\"text-align: center;\"><em>Volvariella bombycina,\u00a0Megascolia maculata,\u00a0Glis glis<\/em><\/p>\n<p style=\"text-align: center;\"><a href=\"http:\/\/hu.life4oakforests.eu\/projekthelyszinek-magyarorszagon\/\">Vissza a projekt ter\u00fcletekre<\/a><\/p>\n","protected":false},"excerpt":{"rendered":"<p>Projektter\u00fclet \u00e1ltal\u00e1nos le\u00edr\u00e1sa Projektter\u00fclet tudom\u00e1nyos le\u00edr\u00e1sa A projektter\u00fclet neve: Tihany \u00a0Ter\u00fclet (ha): 116.610 Eus V\u00e9delmi jog\u00e1ll\u00e1s:\u00a0 K\u00fcl\u00f6nleges Term\u00e9szetmeg\u0151rz\u00e9si \u00a0Ter\u00fclet (SCI): HUBF20006 Tihabyi-f\u00e9lsziget \u00a0Egy\u00e9b jog\u00e1ll\u00e1s nemzeti vagy region\u00e1lis szab\u00e1lyoz\u00e1s \u00e9rtelm\u00e9ben: Nemzeti park A projektter\u00fcet hasznos\u00edt\u00e1sa: F\u00f6ldhaszn\u00e1lat: term\u00e9szetv\u00e9delem 80%, turizmus: 10%, erd\u0151gazd\u00e1lkod\u00e1s: &hellip; <a href=\"https:\/\/hu.life4oakforests.eu\/de\/tihany\/\">Weiterlesen<\/a><\/p>\n","protected":false},"author":1,"featured_media":0,"parent":0,"menu_order":0,"comment_status":"closed","ping_status":"closed","template":"","meta":{"kt_blocks_editor_width":"","_monsterinsights_skip_tracking":false,"_monsterinsights_sitenote_active":false,"_monsterinsights_sitenote_note":"","_monsterinsights_sitenote_category":0,"footnotes":""},"class_list":["post-465","page","type-page","status-publish","hentry"],"translation":{"provider":"WPGlobus","version":"3.0.1","language":"de","enabled_languages":["en","es","de","fr","ru"],"languages":{"en":{"title":true,"content":true,"excerpt":false},"es":{"title":false,"content":false,"excerpt":false},"de":{"title":false,"content":false,"excerpt":false},"fr":{"title":false,"content":false,"excerpt":false},"ru":{"title":false,"content":false,"excerpt":false}}},"aioseo_notices":[],"_links":{"self":[{"href":"https:\/\/hu.life4oakforests.eu\/de\/wp-json\/wp\/v2\/pages\/465","targetHints":{"allow":["GET"]}}],"collection":[{"href":"https:\/\/hu.life4oakforests.eu\/de\/wp-json\/wp\/v2\/pages"}],"about":[{"href":"https:\/\/hu.life4oakforests.eu\/de\/wp-json\/wp\/v2\/types\/page"}],"author":[{"embeddable":true,"href":"https:\/\/hu.life4oakforests.eu\/de\/wp-json\/wp\/v2\/users\/1"}],"replies":[{"embeddable":true,"href":"https:\/\/hu.life4oakforests.eu\/de\/wp-json\/wp\/v2\/comments?post=465"}],"version-history":[{"count":6,"href":"https:\/\/hu.life4oakforests.eu\/de\/wp-json\/wp\/v2\/pages\/465\/revisions"}],"predecessor-version":[{"id":5643,"href":"https:\/\/hu.life4oakforests.eu\/de\/wp-json\/wp\/v2\/pages\/465\/revisions\/5643"}],"wp:attachment":[{"href":"https:\/\/hu.life4oakforests.eu\/de\/wp-json\/wp\/v2\/media?parent=465"}],"curies":[{"name":"wp","href":"https:\/\/api.w.org\/{rel}","templated":true}]}}