{"id":426,"date":"2018-05-04T09:24:32","date_gmt":"2018-05-04T09:24:32","guid":{"rendered":"http:\/\/www.hu.life4oakforests.eu\/?page_id=426"},"modified":"2025-03-06T10:18:24","modified_gmt":"2025-03-06T10:18:24","slug":"bakonyszucs","status":"publish","type":"page","link":"https:\/\/hu.life4oakforests.eu\/de\/bakonyszucs\/","title":{"rendered":"Bakonysz\u0171cs"},"content":{"rendered":"<h4 style=\"text-align: center;\">Projektter\u00fclet \u00e1ltal\u00e1nos le\u00edr\u00e1sa<\/h4>\n<div class=\"row\"> <div class=\"col-md-6\">\n<p>A projektter\u00fclet neve: Bakonysz\u0171cs<\/p>\n<p>Ter\u00fclet (ha): 82,200<\/p>\n<p>Eus v\u00e9delmi jog\u00e1ll\u00e1s: K\u00fcl\u00f6nleges mad\u00e1rv\u00e9delmi ter\u00fclet: HUBF 30001, \u00c9szaki-Bakony<\/p>\n<p>Egy\u00e9b jog\u00e1ll\u00e1s nemzeti vagy region\u00e1lis szab\u00e1lyoz\u00e1s \u00e9rtelm\u00e9ben:<\/p>\n<p>Nemzeti park<\/p>\n<p>A projektter\u00fcet hasznos\u00edt\u00e1sa: A f\u00f6ldhaszn\u00e1lat: Term\u00e9szetv\u00e9delem 70%, erd\u0151gazd\u00e1lkod\u00e1s 30%<\/p>\n<p>Tulajdonjogi st\u00e1tusz: \u00c1llami tulajdon 100%<\/p>\n<\/div><div class=\"col-md-6\">\n<p><img loading=\"lazy\" decoding=\"async\" class=\"wp-image-1443 aligncenter\" src=\"http:\/\/www.life4oakforests.eu\/wp-content\/uploads\/2018\/05\/bakonyszucs_2-300x225.jpg\" alt=\"\" width=\"430\" height=\"324\" \/><\/p>\n<\/div><\/div>\n<h3><\/h3>\n<h4 style=\"text-align: center;\">Projektter\u00fclet tudom\u00e1nyos le\u00edr\u00e1sa<\/h4>\n<p>A projektter\u00fclet az \u00c9szaki-Bakony \u00e9szaki r\u00e9sz\u00e9n tal\u00e1lhat\u00f3. Ez egy igen \u00e9rt\u00e9kes r\u00e9sz, amely k\u00fcl\u00f6nb\u00f6zik a Bakony-hegys\u00e9g magter\u00fclet\u00e9t\u0151l. Alapk\u0151zete a m\u00e9szk\u0151, fel\u00fclete pedig m\u00e9lyed\u00e9sekkel tark\u00edtott, amelyeket meredek \u00e9s keskeny v\u00f6lgyek alkotnak. A ter\u00fclet v\u00e1ltozatos mikrokl\u00edm\u00e1ja miatt n\u00f6v\u00e9nyzete is soksz\u00edn\u0171. \u00a0A ter\u00fclet jav\u00e1t 91G0 * Pannon gyerty\u00e1nos-t\u00f6lgyesek Quercus petraea-val \u00e9s Carpinus betulus-szal (50%) fedik. \u00a0Vannak m\u00e9g itt 91H0* Pannon molyhos t\u00f6lgyesek Quercus pubescens-szel (20%) v\u00e9gig a hegytet\u0151n. Megk\u00f6zel\u00edt\u0151leg a ter\u00fclet 18%-\u00e1t fedik 91M0 pannon cseres-t\u00f6lgyesek. A v\u00f6lgy alj\u00e1ban 9150 Sziklai b\u00fckk\u00f6s\u00f6k, sziklai h\u00e1rserd\u0151k \u00e9s h\u00e1rsas-berkeny\u00e9s sziklaerd\u0151ket (5%) tal\u00e1lunk. A meredek lejt\u0151k\u00f6n 9180* lejt\u0151k \u00e9s sziklat\u00f6rmel\u00e9kek Tilio- Acerion erd\u0151it tal\u00e1ljuk (5%).<\/p>\n<p>Pannon cseres-t\u00f6lgyesek a ter\u00fcleten.\u00a0 A legmeredekebb r\u00e9szeken \u00e9s a sek\u00e9ly talajokon az erd\u0151 szerkezete v\u00e1ltozatos, \u00e1m azokon a ter\u00fcketeken, amelyek alkalmasak az erd\u0151gazd\u00e1lkod\u00e1sra, ma 2-6 ha-os homog\u00e9n t\u00f6mb\u00f6k vannak, ahol a fak\u00e9szlet \u00a0lecs\u00f6kkent mik\u00f6zben az invaz\u00edv <em>\u00a0ak\u00e1c<\/em> elszaporodott. A legmeghat\u00e1roz\u00f3bb n\u00f6v\u00e9ny:\u00a0<em>Bab\u00e9rboroszl\u00e1n.\u00a0<\/em><\/p>\n<p>A legmeghat\u00e1roz\u00f3bb \u00e1llatok:<\/p>\n<ul>\n<li>Eml\u0151s\u00f6k:\u00a0<em>Nyugati piszedenev\u00e9r, nagyf\u00fcl\u0171 denev\u00e9r, hegyesorr\u00fa denev\u00e9r, csonkaf\u00fcl\u0171 denev\u00e9r, k\u00f6z\u00f6ns\u00e9ges denev\u00e9r, nagy patk\u00f3sdenev\u00e9r, kis patk\u00f3sdenev\u00e9r<\/em>,<\/li>\n<li>Madarak:\u00a0<em>K\u00e9k galamb, kis l\u00e9gykap\u00f3, \u00f6rv\u00f6s l\u00e9gykap\u00f3, k\u00f6z\u00e9p fakop\u00e1ncs, kis fakop\u00e1ncs, balk\u00e1ni fakop\u00e1ncs, fekete hark\u00e1ly; t\u00f6vissz\u00far\u00f3 g\u00e9bics, erdei pacsirta, karvalyposz\u00e1ta.<\/em><\/li>\n<li>Rovarok:\u00a0<em>Nagy h\u0151scinc\u00e9r, s\u00e1rga gyapjassz\u00f6v\u0151, nagy szarvasbog\u00e1r, gy\u00e1szcinc\u00e9r, havasi cinc\u00e9r.<\/em><\/li>\n<\/ul>\n<h4 style=\"text-align: center;\"><strong>A projektter\u00fclet jelent\u0151s\u00e9ge a biol\u00f3giai sokf\u00e9les\u00e9g \u00e9s \/ vagy a region\u00e1lis, nemzeti \u00e9s uni\u00f3s szinten c\u00e9lzott fajok \/ \u00e9l\u0151helyt\u00edpusok meg\u0151rz\u00e9se szempontj\u00e1b\u00f3l<br \/>\n<\/strong><\/h4>\n<p>A projektter\u00fclet rendk\u00edv\u00fcl fontos a 91G0 Pannon gyerty\u00e1nos-t\u00f6lgyesek \u00e9s <em>91H0*Pannon molyhos t\u00f6lgyesek<\/em> rehabilit\u00e1l\u00e1s\u00e1nak szempontj\u00e1b\u00f3l, amelyek az \u00e9l\u0151helyv\u00e9delmi ir\u00e1nyelv I. mell\u00e9klet\u00e9nek alapj\u00e1n Eur\u00f3pai Uni\u00f3s kiemelt jelent\u0151s\u00e9g\u0171 \u00e9l\u0151helyek. Az erd\u0151knek k\u00fcl\u00f6n\u00f6sen ama r\u00e9szei szorulnak rehabilit\u00e1ci\u00f3ra, amelyek homog\u00e9nn\u00e9 v\u00e1ltak a kor\u00e1bbi erd\u0151gazd\u00e1lkod\u00e1si tev\u00e9kenys\u00e9gek sor\u00e1n. Szint\u00e9n fontos az idegenhonos fajok, mint az <em>ak\u00e1c<\/em>\u00a0\u00e9s b\u00e1lv\u00e1nyfa ki\u00edrt\u00e1sa. A ter\u00fclet helyre\u00e1ll\u00edt\u00e1sa a r\u00e9gi\u00f3 t\u00f6bbi erd\u0151kezel\u0151j\u00e9nek is p\u00e9ldak\u00e9nt szolg\u00e1l majd.<\/p>\n<h4 style=\"text-align: center;\">Projektter\u00fclet z\u00e1szl\u00f3shaj\u00f3 fajai<\/h4>\n<p style=\"text-align: center;\"><em>Daphne laureola,\u00a0Morimus funereus,\u00a0Picus canus<\/em><\/p>\n<p style=\"text-align: center;\"><a href=\"http:\/\/hu.life4oakforests.eu\/projekthelyszinek-magyarorszagon\/\">Vissza a projekt ter\u00fcletekre<\/a><\/p>\n","protected":false},"excerpt":{"rendered":"<p>Projektter\u00fclet \u00e1ltal\u00e1nos le\u00edr\u00e1sa Projektter\u00fclet tudom\u00e1nyos le\u00edr\u00e1sa A projektter\u00fclet az \u00c9szaki-Bakony \u00e9szaki r\u00e9sz\u00e9n tal\u00e1lhat\u00f3. Ez egy igen \u00e9rt\u00e9kes r\u00e9sz, amely k\u00fcl\u00f6nb\u00f6zik a Bakony-hegys\u00e9g magter\u00fclet\u00e9t\u0151l. Alapk\u0151zete a m\u00e9szk\u0151, fel\u00fclete pedig m\u00e9lyed\u00e9sekkel tark\u00edtott, amelyeket meredek \u00e9s keskeny v\u00f6lgyek alkotnak. A ter\u00fclet v\u00e1ltozatos mikrokl\u00edm\u00e1ja &hellip; <a href=\"https:\/\/hu.life4oakforests.eu\/de\/bakonyszucs\/\">Weiterlesen<\/a><\/p>\n","protected":false},"author":1,"featured_media":0,"parent":0,"menu_order":0,"comment_status":"closed","ping_status":"closed","template":"","meta":{"kt_blocks_editor_width":"","_monsterinsights_skip_tracking":false,"_monsterinsights_sitenote_active":false,"_monsterinsights_sitenote_note":"","_monsterinsights_sitenote_category":0,"footnotes":""},"class_list":["post-426","page","type-page","status-publish","hentry"],"translation":{"provider":"WPGlobus","version":"3.0.1","language":"de","enabled_languages":["en","es","de","fr","ru"],"languages":{"en":{"title":true,"content":true,"excerpt":false},"es":{"title":false,"content":false,"excerpt":false},"de":{"title":false,"content":false,"excerpt":false},"fr":{"title":false,"content":false,"excerpt":false},"ru":{"title":false,"content":false,"excerpt":false}}},"aioseo_notices":[],"_links":{"self":[{"href":"https:\/\/hu.life4oakforests.eu\/de\/wp-json\/wp\/v2\/pages\/426","targetHints":{"allow":["GET"]}}],"collection":[{"href":"https:\/\/hu.life4oakforests.eu\/de\/wp-json\/wp\/v2\/pages"}],"about":[{"href":"https:\/\/hu.life4oakforests.eu\/de\/wp-json\/wp\/v2\/types\/page"}],"author":[{"embeddable":true,"href":"https:\/\/hu.life4oakforests.eu\/de\/wp-json\/wp\/v2\/users\/1"}],"replies":[{"embeddable":true,"href":"https:\/\/hu.life4oakforests.eu\/de\/wp-json\/wp\/v2\/comments?post=426"}],"version-history":[{"count":21,"href":"https:\/\/hu.life4oakforests.eu\/de\/wp-json\/wp\/v2\/pages\/426\/revisions"}],"predecessor-version":[{"id":5646,"href":"https:\/\/hu.life4oakforests.eu\/de\/wp-json\/wp\/v2\/pages\/426\/revisions\/5646"}],"wp:attachment":[{"href":"https:\/\/hu.life4oakforests.eu\/de\/wp-json\/wp\/v2\/media?parent=426"}],"curies":[{"name":"wp","href":"https:\/\/api.w.org\/{rel}","templated":true}]}}