{"id":1934,"date":"2022-05-02T21:25:17","date_gmt":"2022-05-02T21:25:17","guid":{"rendered":"http:\/\/hu.life4oakforests.eu\/?page_id=1934"},"modified":"2022-05-05T10:25:25","modified_gmt":"2022-05-05T10:25:25","slug":"erdobongeszo-tananyag","status":"publish","type":"page","link":"https:\/\/hu.life4oakforests.eu\/de\/erdobongeszo-tananyag\/","title":{"rendered":"Erd\u0151b\u00f6ng\u00e9sz\u0151"},"content":{"rendered":"\n<h2 class=\"wp-block-heading\">Erd\u0151ismereti tananyag kisiskol\u00e1soknak<\/h2>\n\n\n\n<p>Tudtad, hogy ma m\u00e1r alig tal\u00e1lunk Magyarorsz\u00e1gon term\u00e9szetes t\u00f6lgyerd\u0151ket? Az erd\u0151gazd\u00e1lkod\u00e1s \u00e9s m\u00e1s emberi hat\u00e1sok miatt a t\u00f6lgyeseink szinte teljesen \u00e1talakultak, az egykori vadonok elt\u0171ntek Eur\u00f3p\u00e1b\u00f3l \u00e9s Magyarorsz\u00e1gr\u00f3l is. Pedig a term\u00e9szetes erd\u0151kben sokf\u00e9le k\u00fcl\u00f6nleges \u00e1llat-, n\u00f6v\u00e9ny- \u00e9s gombafaj tal\u00e1l mened\u00e9ket. Az erd\u0151k iv\u00f3v\u00edzzel, tiszta leveg\u0151vel l\u00e1tnak el minket, kir\u00e1ndulhatunk, gomb\u00e1szhatunk, \u00e1llatokat \u00e9s n\u00f6v\u00e9nyeket figyelhet\u00fcnk meg benn\u00fck. Ez\u00e9rt nagyon fontos meg\u0151rizn\u00fcnk term\u00e9szetes erdeinket.<br>Tarts vel\u00fcnk! Az Erd\u0151b\u00f6ng\u00e9sz\u0151 online j\u00e1t\u00e9kb\u00f3l \u00e9s foglalkoztat\u00f3 f\u00fczetb\u0151l megtudhatod, hogy milyen \u00e9l\u0151l\u00e9nyek \u00e9lnek egy term\u00e9szetes t\u00f6lgyerd\u0151ben, \u00e9s megismerheted az erd\u0151 rejtett kincseit.<br>Er\u0151b\u00f6ng\u00e9sz\u0151 online j\u00e1t\u00e9k:<br>Kattints a bal als\u00f3 sarokban a lej\u00e1tsz\u00e1s ikonra \u00e9s indulhat a j\u00e1t\u00e9k. A j\u00e1t\u00e9kot b\u00e1rmikor meg\u00e1ll\u00edthatod a jobb als\u00f3 sarokban l\u00e9v\u0151 meg\u00e1ll\u00edt\u00e1s ikonra kattintva. Ezzel a gombbal \u00e1t is ugorhatsz egy feladatot, \u00e9s tov\u00e1bb l\u00e9phetsz a k\u00f6vetkez\u0151re. <\/p>\n\n\n\n<p><strong>Figyelem, a j\u00e1t\u00e9k kiz\u00e1r\u00f3lag desktopon \u00e9s digit\u00e1lis t\u00e1bl\u00e1n fut, mobil eszk\u00f6z\u00f6k\u00f6n (telefonon \u00e9s tableten) nem!<\/strong><\/p>\n\n\n\n<p><a href=\"http:\/\/hu.life4oakforests.eu\/erdobongeszo\/\">A j\u00e1t\u00e9kot ide kattintva \u00e9rtheted el.<\/a><\/p>\n\n\n\n<p>Tetszett a j\u00e1t\u00e9k? Az Erd\u0151b\u00f6ng\u00e9sz\u0151 foglalkoztat\u00f3 f\u00fczetben tov\u00e1bbi j\u00e1t\u00e9kokat is tal\u00e1lsz. T\u00f6ltsd le, j\u00e1tssz tov\u00e1bb, \u00e9s fedezd fel a t\u00f6lgyerd\u0151k titkait!<\/p>\n\n\n\n<p><a href=\"https:\/\/drive.google.com\/file\/d\/1sguYoSG4UBCTqu8CnCvumsJPNtaWn2Du\/view?usp=sharing\">Let\u00f6lthet\u0151 foglalkoztat\u00f3 f\u00fczet innen \u00e9rhet\u0151 el.<\/a><\/p>\n\n\n\n<p>Oktat\u00e1si seg\u00e9danyagok tan\u00e1roknak<br><a href=\"https:\/\/drive.google.com\/file\/d\/1we71CfMCYtQ19OHOHgJ_TU4UBK5r1sGA\/view?usp=sharing\">Let\u00f6lthet\u0151 \u00f3rav\u00e1zlat<\/a><br><a href=\"https:\/\/drive.google.com\/file\/d\/1JuBuHqYuM8IhmFDct5Ung-XTRDwWI-ef\/view?usp=sharing\">Let\u00f6lthet\u0151 prezent\u00e1ci\u00f3<\/a><\/p>\n","protected":false},"excerpt":{"rendered":"<p>Erd\u0151ismereti tananyag kisiskol\u00e1soknak Tudtad, hogy ma m\u00e1r alig tal\u00e1lunk Magyarorsz\u00e1gon term\u00e9szetes t\u00f6lgyerd\u0151ket? Az erd\u0151gazd\u00e1lkod\u00e1s \u00e9s m\u00e1s emberi hat\u00e1sok miatt a t\u00f6lgyeseink szinte teljesen \u00e1talakultak, az egykori vadonok elt\u0171ntek Eur\u00f3p\u00e1b\u00f3l \u00e9s Magyarorsz\u00e1gr\u00f3l is. Pedig a term\u00e9szetes erd\u0151kben sokf\u00e9le k\u00fcl\u00f6nleges \u00e1llat-, n\u00f6v\u00e9ny- &hellip; <a href=\"https:\/\/hu.life4oakforests.eu\/de\/erdobongeszo-tananyag\/\">Weiterlesen<\/a><\/p>\n","protected":false},"author":1,"featured_media":0,"parent":0,"menu_order":0,"comment_status":"closed","ping_status":"closed","template":"","meta":{"kt_blocks_editor_width":"","_monsterinsights_skip_tracking":false,"_monsterinsights_sitenote_active":false,"_monsterinsights_sitenote_note":"","_monsterinsights_sitenote_category":0,"footnotes":""},"class_list":["post-1934","page","type-page","status-publish","hentry"],"translation":{"provider":"WPGlobus","version":"3.0.1","language":"de","enabled_languages":["en","es","de","fr","ru"],"languages":{"en":{"title":true,"content":true,"excerpt":false},"es":{"title":false,"content":false,"excerpt":false},"de":{"title":false,"content":false,"excerpt":false},"fr":{"title":false,"content":false,"excerpt":false},"ru":{"title":false,"content":false,"excerpt":false}}},"aioseo_notices":[],"_links":{"self":[{"href":"https:\/\/hu.life4oakforests.eu\/de\/wp-json\/wp\/v2\/pages\/1934","targetHints":{"allow":["GET"]}}],"collection":[{"href":"https:\/\/hu.life4oakforests.eu\/de\/wp-json\/wp\/v2\/pages"}],"about":[{"href":"https:\/\/hu.life4oakforests.eu\/de\/wp-json\/wp\/v2\/types\/page"}],"author":[{"embeddable":true,"href":"https:\/\/hu.life4oakforests.eu\/de\/wp-json\/wp\/v2\/users\/1"}],"replies":[{"embeddable":true,"href":"https:\/\/hu.life4oakforests.eu\/de\/wp-json\/wp\/v2\/comments?post=1934"}],"version-history":[{"count":6,"href":"https:\/\/hu.life4oakforests.eu\/de\/wp-json\/wp\/v2\/pages\/1934\/revisions"}],"predecessor-version":[{"id":1954,"href":"https:\/\/hu.life4oakforests.eu\/de\/wp-json\/wp\/v2\/pages\/1934\/revisions\/1954"}],"wp:attachment":[{"href":"https:\/\/hu.life4oakforests.eu\/de\/wp-json\/wp\/v2\/media?parent=1934"}],"curies":[{"name":"wp","href":"https:\/\/api.w.org\/{rel}","templated":true}]}}