{"id":1785,"date":"2020-10-18T22:36:48","date_gmt":"2020-10-18T22:36:48","guid":{"rendered":"http:\/\/hu.life4oakforests.eu\/?page_id=1785"},"modified":"2022-05-08T22:21:07","modified_gmt":"2022-05-08T22:21:07","slug":"galeria","status":"publish","type":"page","link":"https:\/\/hu.life4oakforests.eu\/de\/galeria\/","title":{"rendered":"Gal\u00e9ria"},"content":{"rendered":"\n<div style=\"display: inline-block;\">\n<figure><a href=\"https:\/\/photos.app.goo.gl\/UTBTmaziYue4nR2H6\" target=\"_blank\" rel=\"noopener noreferrer\"><img loading=\"lazy\" decoding=\"async\" class=\"size-medium wp-image-832 aligncenter\" style=\"border-radius: 10px;\" src=\"http:\/\/hu.life4oakforests.eu\/wp-content\/uploads\/2020\/10\/tihany.png\" alt=\"\" width=\"300\" height=\"227\"><\/a><\/figure><p><\/p>\n<p style=\"text-align: center;\">Tihany (2017 10 10)<\/p>\n<\/div>\n\n\n\n<div style=\"display: inline-block;\">\n<figure><a href=\"https:\/\/photos.google.com\/share\/AF1QipNAzVz0DZfdbmmDutoVfcoffLfTY0z9_x3nAVr3v5ZeLOFoFigLtOogK_BYmIgMuA?key=VHNlSmdIc1VRV0lRQXB2ZFNjb0hnWHRqMjZzWk53\" target=\"_blank\" rel=\"noopener noreferrer\"><img loading=\"lazy\" decoding=\"async\" class=\"size-medium wp-image-832 aligncenter\" style=\"border-radius: 10px;\" src=\"http:\/\/www.life4oakforests.eu\/wp-content\/uploads\/2018\/05\/carne-e1547414421574.png\" alt=\"\" width=\"300\" height=\"227\"><\/a><\/figure><p><\/p>\n<p style=\"text-align: center;\">SCM Carne Riolo (2018 04 10)<\/p>\n<\/div>\n\n\n\n<div style=\"display: inline-block;\">\n<figure><a href=\"https:\/\/photos.app.goo.gl\/9o5pQnuWG5ZGTeVw8\" target=\"_blank\" rel=\"noopener noreferrer\"><img loading=\"lazy\" decoding=\"async\" class=\"size-medium wp-image-832 aligncenter\" style=\"border-radius: 10px;\" src=\"http:\/\/hu.life4oakforests.eu\/wp-content\/uploads\/2020\/10\/kiri_1.jpg\" alt=\"\" width=\"300\" height=\"227\"><\/a><\/figure><p><\/p>\n<p style=\"text-align: center;\">Sajt\u00f3kir\u00e1ndul\u00e1s (2018 05 10)<\/p>\n<\/div>\n\n\n\n\n\n<div style=\"display: inline-block;\">\n<figure><a href=\"https:\/\/photos.google.com\/share\/AF1QipNJVSwHZcrVW9siDpnDwviek26HCisTxoWEr-kMzduXE42B587XS_Fklm5-kv8sAA?key=OUtyYXBJWmVPSnBaVk82M004T0RBS0hUdjdRTjV3\" target=\"_blank\" rel=\"noopener noreferrer\"><img loading=\"lazy\" decoding=\"async\" class=\"size-medium wp-image-832 aligncenter\" style=\"border-radius: 10px;\" src=\"http:\/\/www.life4oakforests.eu\/wp-content\/uploads\/2018\/06\/3.k\u00e9p-Nagy-szarvasbog\u00e1r-h\u00edmje-e1547414789321.jpg\" alt=\"\" width=\"300\" height=\"227\"><\/a><\/figure><p><\/p>\n<p style=\"text-align: center;\">Kir\u00e1ndul\u00e1s a projektter\u00fcleten (2018 06 02)<\/p>\n<\/div>\n\n\n\n\n\n<div style=\"display: inline-block;\">\n<figure><a href=\"https:\/\/photos.app.goo.gl\/brb6gZSz6G728Ury5\" target=\"_blank\" rel=\"noopener noreferrer\"><img loading=\"lazy\" decoding=\"async\" class=\"size-medium wp-image-832 aligncenter\" style=\"border-radius: 10px;\" src=\"http:\/\/hu.life4oakforests.eu\/wp-content\/uploads\/2020\/10\/karpat_4.jpg\" alt=\"\" width=\"300\" height=\"227\"><\/a><\/figure><p><\/p>\n<p style=\"text-align: center;\">WWF Danube csoport l\u00e1togat\u00e1s (2018 09 10)<\/p>\n<\/div>\n\n\n\n<div style=\"display: inline-block;\">\n<figure><a href=\"https:\/\/photos.app.goo.gl\/TW2Ljtxr3bjRN3os7\" target=\"_blank\" rel=\"noopener noreferrer\"><img loading=\"lazy\" decoding=\"async\" class=\"size-medium wp-image-832 aligncenter\" style=\"border-radius: 10px;\" src=\"http:\/\/www.life4oakforests.eu\/wp-content\/uploads\/2018\/10\/plakat_jav_w-1-1-e1547415038487.jpg\" alt=\"\" width=\"300\" height=\"227\"><\/a><\/figure><p><\/p>\n<p style=\"text-align: center;\">Sas-hegy 60. sz\u00fclet\u00e9snap (2018 10 13)<\/p>\n<\/div>\n\n\n\n<div style=\"display: inline-block;\">\n<figure><a href=\"<div style=\" display:=\"\" inline-block;\"=\"\">\n<\/a><figure><a href=\"<div style=\" display:=\"\" inline-block;\"=\"\"><\/a><a href=\"https:\/\/photos.google.com\/share\/AF1QipNJVSwHZcrVW9siDpnDwviek26HCisTxoWEr-kMzduXE42B587XS_Fklm5-kv8sAA?key=OUtyYXBJWmVPSnBaVk82M004T0RBS0hUdjdRTjV3\" target=\"_blank\" rel=\"noopener noreferrer\"><img loading=\"lazy\" decoding=\"async\" class=\"size-medium wp-image-832 aligncenter\" style=\"border-radius: 10px;\" src=\"http:\/\/hu.life4oakforests.eu\/wp-content\/uploads\/2020\/10\/20181013_Sashegy60.jpg\" alt=\"\" width=\"300\" height=\"227\"><\/a><\/figure><p><\/p>\n<p style=\"text-align: center;\">Kir\u00e1ndul\u00e1s a projektter\u00fcleten (2018 06 02)<\/p>\n<p style=\"text-align: center;\">(10 k\u00e9p)<\/p>\n<\/figure><\/div>&#8220;\n\n\n\n\n\n<div style=\"display: inline-block;\">\n<figure><a href=\"https:\/\/photos.app.goo.gl\/W2LjfPy847TiuD8r7\" target=\"_blank\" rel=\"noopener noreferrer\"><img loading=\"lazy\" decoding=\"async\" class=\"size-medium wp-image-832 aligncenter\" style=\"border-radius: 10px;\" src=\"http:\/\/hu.life4oakforests.eu\/wp-content\/uploads\/2020\/10\/pusztavacs.jpg\" alt=\"\" width=\"300\" height=\"227\"><\/a><\/figure><p><\/p>\n<p style=\"text-align: center;\">Kir\u00e1ndul\u00e1s a projektter\u00fcleten (2018 06 02)<\/p>\n<p style=\"text-align: center;\">(10 k\u00e9p)<\/p>\n<\/div>\n\n\n\n<div style=\"display: inline-block;\">\n<figure><a href=\"https:\/\/photos.app.goo.gl\/7c9kGJ9mrv2FuppG6\" target=\"_blank\" rel=\"noopener noreferrer\"><img loading=\"lazy\" decoding=\"async\" class=\"size-medium wp-image-832 aligncenter\" style=\"border-radius: 10px;\" src=\"http:\/\/hu.life4oakforests.eu\/wp-content\/uploads\/2022\/05\/hirkep.jpg\" alt=\"\" width=\"300\" height=\"227\"><\/a><\/figure><p><\/p>\n<p style=\"text-align: center;\">L\u00e1togat\u00e1s a BFNPI projektter\u00fcletein (2022 04 05-06)<\/p>\n<p style=\"text-align: center;\">(35 k\u00e9p)<\/p>\n<\/div>\n","protected":false},"excerpt":{"rendered":"<p>Tihany (2017 10 10) SCM Carne Riolo (2018 04 10) Sajt\u00f3kir\u00e1ndul\u00e1s (2018 05 10) Kir\u00e1ndul\u00e1s a projektter\u00fcleten (2018 06 02) WWF Danube csoport l\u00e1togat\u00e1s (2018 09 10) Sas-hegy 60. sz\u00fclet\u00e9snap (2018 10 13)<\/p>\n","protected":false},"author":1,"featured_media":0,"parent":0,"menu_order":0,"comment_status":"closed","ping_status":"closed","template":"","meta":{"kt_blocks_editor_width":"","_monsterinsights_skip_tracking":false,"_monsterinsights_sitenote_active":false,"_monsterinsights_sitenote_note":"","_monsterinsights_sitenote_category":0,"footnotes":""},"class_list":["post-1785","page","type-page","status-publish","hentry"],"translation":{"provider":"WPGlobus","version":"3.0.1","language":"de","enabled_languages":["en","es","de","fr","ru"],"languages":{"en":{"title":true,"content":true,"excerpt":false},"es":{"title":false,"content":false,"excerpt":false},"de":{"title":false,"content":false,"excerpt":false},"fr":{"title":false,"content":false,"excerpt":false},"ru":{"title":false,"content":false,"excerpt":false}}},"aioseo_notices":[],"_links":{"self":[{"href":"https:\/\/hu.life4oakforests.eu\/de\/wp-json\/wp\/v2\/pages\/1785","targetHints":{"allow":["GET"]}}],"collection":[{"href":"https:\/\/hu.life4oakforests.eu\/de\/wp-json\/wp\/v2\/pages"}],"about":[{"href":"https:\/\/hu.life4oakforests.eu\/de\/wp-json\/wp\/v2\/types\/page"}],"author":[{"embeddable":true,"href":"https:\/\/hu.life4oakforests.eu\/de\/wp-json\/wp\/v2\/users\/1"}],"replies":[{"embeddable":true,"href":"https:\/\/hu.life4oakforests.eu\/de\/wp-json\/wp\/v2\/comments?post=1785"}],"version-history":[{"count":13,"href":"https:\/\/hu.life4oakforests.eu\/de\/wp-json\/wp\/v2\/pages\/1785\/revisions"}],"predecessor-version":[{"id":1959,"href":"https:\/\/hu.life4oakforests.eu\/de\/wp-json\/wp\/v2\/pages\/1785\/revisions\/1959"}],"wp:attachment":[{"href":"https:\/\/hu.life4oakforests.eu\/de\/wp-json\/wp\/v2\/media?parent=1785"}],"curies":[{"name":"wp","href":"https:\/\/api.w.org\/{rel}","templated":true}]}}