{"id":1347,"date":"2019-05-08T09:08:16","date_gmt":"2019-05-08T09:08:16","guid":{"rendered":"http:\/\/hu.life4oakforests.eu\/?page_id=1347"},"modified":"2019-05-08T09:08:16","modified_gmt":"2019-05-08T09:08:16","slug":"nagyezerjofu-dictamnus-albus","status":"publish","type":"page","link":"https:\/\/hu.life4oakforests.eu\/de\/nagyezerjofu-dictamnus-albus\/","title":{"rendered":"Nagyezerj\u00f3f\u0171 (Dictamnus albus)"},"content":{"rendered":"<p style=\"text-align: left;\"><div class=\"row\"> <div class=\"col-md-6\">\n<h4>Faj- \u00e9s \u00e9l\u0151hely ismertet\u00e9s<\/h4>\n<p>Napos t\u00f6lgyesek, bokorerd\u0151k, gyepes tiszt\u00e1sok, sztyepr\u00e9tek d\u00edsze. A karsztbokor erd\u0151 nemcsak f\u00e1kb\u00f3l \u00e1ll, hanem az erd\u0151s-gyepes foltok mozaikj\u00e1b\u00f3l is \u00e1ll, ez\u00e9rt is v\u00e1lasztottuk z\u00e1szl\u00f3shaj\u00f3fajnak! Mintegy 50\u201380 (\u2013100) cm magasra n\u0151. Nagy, r\u00f3zsasz\u00edn (ritk\u00e1n feh\u00e9res) vir\u00e1gai v\u00e9g\u00e1ll\u00f3 f\u00fcrtben \u00e1llnak. A n\u00e9pi gy\u00f3gy\u00e1szat egykor sebek kezel\u00e9s\u00e9re, bels\u0151leg reuma ellen haszn\u00e1lta a level\u00e9t \u00e9s a gy\u00f6ker\u00e9t. A leveleken olajtart\u00f3k helyezkednek el, melyekben ill\u00f3olajok tal\u00e1lhat\u00f3k (furokinolin-alkaloidok, furokumarin).<\/p>\n<h4>Vesz\u00e9lyeztet\u0151 t\u00e9nyez\u0151k<\/h4>\n<p>Az erd\u0151k homogeniz\u00e1l\u00f3d\u00e1sa, a gyep-erd\u0151 mozaik foltok hi\u00e1nya cs\u00f6kkentik a faj elterjed\u00e9si ter\u00fclet\u00e9t. A pilisben t\u00f6bb helyen t\u00f6megesen fordul el\u0151, de a F\u00f3ti-Somly\u00f3n \u00e9l\u0151helye a tiszt\u00e1sok erd\u0151s\u00fcl\u00e9s\u00e9vel cs\u00f6kkenhet.<\/p>\n<h4>Faj-specifikus kezel\u00e9sek<\/h4>\n<p>A cserj\u00e9k, term\u00e9szetes erd\u0151szeg\u00e9lyek \u00e9s a nagyobb, naps\u00fct\u00f6tte l\u00e9kek, tiszt\u00e1sok fenntart\u00e1s\u00e1val, kialak\u00edt\u00e1s\u00e1val hozz\u00e1j\u00e1rulunk a faj v\u00e9delm\u00e9hez. A F\u00f3ti-Somly\u00f3n az esztergomi projekt ter\u00fcletekhez hasonl\u00f3an t\u00f6bb helyen a tiszt\u00e1sok fenntart\u00e1s\u00e1t is elv\u00e9gezz\u00fck.<\/p>\n<p style=\"text-align: left;\"><\/div><div class=\"col-md-6\">\n<p style=\"text-align: left;\"><img loading=\"lazy\" decoding=\"async\" class=\"wp-image-1684 aligncenter\" src=\"http:\/\/www.life4oakforests.eu\/wp-content\/uploads\/2019\/05\/Nagyezerjo_KlebertAntal-300x200.jpg\" alt=\"\" width=\"501\" height=\"334\" \/><\/p>\n<p style=\"text-align: left;\"><\/div><\/div>\n<p><b>Kapcsol\u00f3d\u00f3 projekt helysz\u00ednek\u00a0<\/b><br \/>\nF\u00f3ti-Somly\u00f3<\/p>\n<p><b>Irodalom<\/b><br \/>\nLendvai G\u00e1bor, in Farkas S\u00e1ndor (szerk.) 1999: Magyarorsz\u00e1g v\u00e9dett n\u00f6v\u00e9nyei. Mez\u0151gazda Kiad\u00f3, Bp., &#8211; Bartha D\u00e9nes-Felf\u00f6ldy Lajos in Kir\u00e1ly Gergely (szerk.) 2009: \u00daj magyar f\u00fcv\u00e9szk\u00f6nyv. Magyarorsz\u00e1g hajt\u00e1sos n\u00f6v\u00e9nyei. Aggteleki Nemzeti Park Igazgat\u00f3s\u00e1g, J\u00f3svaf\u0151.<br \/>\nhttp:\/\/www.termeszetvedelem.hu\/index.php?pg=vf_288<\/p>\n<h6><\/h6>\n","protected":false},"excerpt":{"rendered":"<p>Kapcsol\u00f3d\u00f3 projekt helysz\u00ednek\u00a0 F\u00f3ti-Somly\u00f3 Irodalom Lendvai G\u00e1bor, in Farkas S\u00e1ndor (szerk.) 1999: Magyarorsz\u00e1g v\u00e9dett n\u00f6v\u00e9nyei. Mez\u0151gazda Kiad\u00f3, Bp., &#8211; Bartha D\u00e9nes-Felf\u00f6ldy Lajos in Kir\u00e1ly Gergely (szerk.) 2009: \u00daj magyar f\u00fcv\u00e9szk\u00f6nyv. Magyarorsz\u00e1g hajt\u00e1sos n\u00f6v\u00e9nyei. Aggteleki Nemzeti Park Igazgat\u00f3s\u00e1g, J\u00f3svaf\u0151. http:\/\/www.termeszetvedelem.hu\/index.php?pg=vf_288<\/p>\n","protected":false},"author":1,"featured_media":0,"parent":0,"menu_order":0,"comment_status":"closed","ping_status":"closed","template":"","meta":{"kt_blocks_editor_width":"","_monsterinsights_skip_tracking":false,"_monsterinsights_sitenote_active":false,"_monsterinsights_sitenote_note":"","_monsterinsights_sitenote_category":0,"footnotes":""},"class_list":["post-1347","page","type-page","status-publish","hentry"],"translation":{"provider":"WPGlobus","version":"3.0.1","language":"de","enabled_languages":["en","es","de","fr","ru"],"languages":{"en":{"title":true,"content":true,"excerpt":false},"es":{"title":false,"content":false,"excerpt":false},"de":{"title":false,"content":false,"excerpt":false},"fr":{"title":false,"content":false,"excerpt":false},"ru":{"title":false,"content":false,"excerpt":false}}},"aioseo_notices":[],"_links":{"self":[{"href":"https:\/\/hu.life4oakforests.eu\/de\/wp-json\/wp\/v2\/pages\/1347","targetHints":{"allow":["GET"]}}],"collection":[{"href":"https:\/\/hu.life4oakforests.eu\/de\/wp-json\/wp\/v2\/pages"}],"about":[{"href":"https:\/\/hu.life4oakforests.eu\/de\/wp-json\/wp\/v2\/types\/page"}],"author":[{"embeddable":true,"href":"https:\/\/hu.life4oakforests.eu\/de\/wp-json\/wp\/v2\/users\/1"}],"replies":[{"embeddable":true,"href":"https:\/\/hu.life4oakforests.eu\/de\/wp-json\/wp\/v2\/comments?post=1347"}],"version-history":[{"count":1,"href":"https:\/\/hu.life4oakforests.eu\/de\/wp-json\/wp\/v2\/pages\/1347\/revisions"}],"predecessor-version":[{"id":1349,"href":"https:\/\/hu.life4oakforests.eu\/de\/wp-json\/wp\/v2\/pages\/1347\/revisions\/1349"}],"wp:attachment":[{"href":"https:\/\/hu.life4oakforests.eu\/de\/wp-json\/wp\/v2\/media?parent=1347"}],"curies":[{"name":"wp","href":"https:\/\/api.w.org\/{rel}","templated":true}]}}