{"id":1344,"date":"2019-05-08T09:05:28","date_gmt":"2019-05-08T09:05:28","guid":{"rendered":"http:\/\/hu.life4oakforests.eu\/?page_id=1344"},"modified":"2019-05-08T09:05:28","modified_gmt":"2019-05-08T09:05:28","slug":"szajko-garrulus-glandarius","status":"publish","type":"page","link":"https:\/\/hu.life4oakforests.eu\/de\/szajko-garrulus-glandarius\/","title":{"rendered":"Szajk\u00f3 (Garrulus glandarius)"},"content":{"rendered":"<p style=\"text-align: left;\"><div class=\"row\"> <div class=\"col-md-6\">\n<h4>Faj- \u00e9s \u00e9l\u0151hely ismertet\u00e9s<\/h4>\n<p>Varj\u00faf\u00e9l\u00e9khez tartoz\u00f3 gyakori mad\u00e1r. H\u00edres a hangut\u00e1nz\u00f3 k\u00e9pess\u00e9g\u00e9r\u0151l. Erd\u00e9szeti jelent\u0151s\u00e9ge abban rejlik, hogy a t\u00f6lgy makkot az avar al\u00e1 dugdossa, \u00edgy k\u00e9pez mag\u00e1nak t\u00e9li \u00e9lelem-tartal\u00e9kot. A \u201efel nem haszn\u00e1lt\u201d makk gyakran kics\u00edr\u00e1zik, megered. Ilyen form\u00e1ban a szajk\u00f3 t\u00f6bb sz\u00e1z m\u00e9ter (esetleg kilom\u00e9ter) t\u00e1vols\u00e1gokra k\u00e9pes sz\u00e1ll\u00edtani a makkot, \u00edgy az \u00f6reg t\u00f6lgyf\u00e1t\u00f3l nagyon nagy t\u00e1vols\u00e1gokban is megjelenhet t\u00f6lgy \u00fajulat. A szajk\u00f3nak ezzel fontos szerepe van a felhagyott parlag ter\u00fcletek beerd\u0151s\u00fcl\u00e9s\u00e9ben, a t\u00e1jidegen fafaj\u00fa erd\u0151k (fenyvesek, ak\u00e1cosok stb.) term\u00e9szetes \u00e1talakul\u00e1s\u00e1ban.<br \/>\nA szajk\u00f3 gyakorlati meg\u00edt\u00e9l\u00e9se m\u00e9gis ellentmond\u00e1sos: jelent\u0151s mennyis\u00e9g\u0171 \u00e1llati t\u00e1pl\u00e1l\u00e9kot is fogyaszt, a mad\u00e1rf\u00e9szkek kifoszt\u00e1s\u00e1val pedig \u00e9rz\u00e9keny k\u00e1rokat okoz term\u00e9szetv\u00e9delmi \u00e9s vadgazd\u00e1lkod\u00e1si szempontb\u00f3l is.<\/p>\n<h4>Vesz\u00e9lyeztet\u0151 t\u00e9nyez\u0151k<\/h4>\n<p>Nem v\u00e9dett, gyakori faj, de \u00f6kol\u00f3giai, erd\u00e9szeti szerepe jelent\u0151s, ez\u00e9rt \u00e9l\u0151hely\u00e9nek, t\u00e1pl\u00e1l\u00e9kform\u00e1inak fenntart\u00e1sa indokolt.<\/p>\n<h4>Faj-specifikus kezel\u00e9sek<\/h4>\n<p>A holtfa ar\u00e1ny\u00e1nak n\u00f6vel\u00e9s\u00e9vel el\u0151seg\u00edtj\u00fck a holtf\u00e1ban \u00e9l\u0151 rovarok jelenl\u00e9t\u00e9t, ezzel pedig gazdag\u00edtjuk a szajk\u00f3 t\u00e1pl\u00e1l\u00e9kk\u00edn\u00e1lat\u00e1t. A szajk\u00f3 sz\u00e1m\u00e1ra kedvez\u0151 \u00e9l\u0151helyek l\u00e9trehoz\u00e1sa hozz\u00e1j\u00e1rul maguknak a t\u00f6lgyeseknek a term\u00e9szetes fel\u00fajul\u00e1s\u00e1hoz.<\/p>\n<p style=\"text-align: left;\"><\/div><div class=\"col-md-6\">\n<p style=\"text-align: left;\"><img loading=\"lazy\" decoding=\"async\" class=\"wp-image-1674 aligncenter\" src=\"http:\/\/www.life4oakforests.eu\/wp-content\/uploads\/2019\/05\/Szajko_KalotasZsolt-300x196.jpg\" alt=\"\" width=\"501\" height=\"327\" \/><\/p>\n<p style=\"text-align: left;\"><\/div><\/div>\n<p><b>Kapcsol\u00f3d\u00f3 projekt helysz\u00ednek<\/b><br \/>\nEsztergom<\/p>\n<p><b>Irodalom<\/b><br \/>\nIUCN, BirdLife International. 2017. Garrulus glandarius (amended version of 2016 assessment). The IUCN Red List of Threatened Species 2017: e.T103723684A118779004. http:\/\/dx.doi.org\/10.2305\/IUCN.UK.2017-3.RLTS.T103723684A118779004.en<\/p>\n<h6><\/h6>\n","protected":false},"excerpt":{"rendered":"<p>Kapcsol\u00f3d\u00f3 projekt helysz\u00ednek Esztergom Irodalom IUCN, BirdLife International. 2017. Garrulus glandarius (amended version of 2016 assessment). The IUCN Red List of Threatened Species 2017: e.T103723684A118779004. http:\/\/dx.doi.org\/10.2305\/IUCN.UK.2017-3.RLTS.T103723684A118779004.en<\/p>\n","protected":false},"author":1,"featured_media":0,"parent":0,"menu_order":0,"comment_status":"closed","ping_status":"closed","template":"","meta":{"kt_blocks_editor_width":"","_monsterinsights_skip_tracking":false,"_monsterinsights_sitenote_active":false,"_monsterinsights_sitenote_note":"","_monsterinsights_sitenote_category":0,"footnotes":""},"class_list":["post-1344","page","type-page","status-publish","hentry"],"translation":{"provider":"WPGlobus","version":"3.0.1","language":"de","enabled_languages":["en","es","de","fr","ru"],"languages":{"en":{"title":true,"content":true,"excerpt":false},"es":{"title":false,"content":false,"excerpt":false},"de":{"title":false,"content":false,"excerpt":false},"fr":{"title":false,"content":false,"excerpt":false},"ru":{"title":false,"content":false,"excerpt":false}}},"aioseo_notices":[],"_links":{"self":[{"href":"https:\/\/hu.life4oakforests.eu\/de\/wp-json\/wp\/v2\/pages\/1344","targetHints":{"allow":["GET"]}}],"collection":[{"href":"https:\/\/hu.life4oakforests.eu\/de\/wp-json\/wp\/v2\/pages"}],"about":[{"href":"https:\/\/hu.life4oakforests.eu\/de\/wp-json\/wp\/v2\/types\/page"}],"author":[{"embeddable":true,"href":"https:\/\/hu.life4oakforests.eu\/de\/wp-json\/wp\/v2\/users\/1"}],"replies":[{"embeddable":true,"href":"https:\/\/hu.life4oakforests.eu\/de\/wp-json\/wp\/v2\/comments?post=1344"}],"version-history":[{"count":1,"href":"https:\/\/hu.life4oakforests.eu\/de\/wp-json\/wp\/v2\/pages\/1344\/revisions"}],"predecessor-version":[{"id":1346,"href":"https:\/\/hu.life4oakforests.eu\/de\/wp-json\/wp\/v2\/pages\/1344\/revisions\/1346"}],"wp:attachment":[{"href":"https:\/\/hu.life4oakforests.eu\/de\/wp-json\/wp\/v2\/media?parent=1344"}],"curies":[{"name":"wp","href":"https:\/\/api.w.org\/{rel}","templated":true}]}}