{"id":1332,"date":"2019-05-08T08:48:48","date_gmt":"2019-05-08T08:48:48","guid":{"rendered":"http:\/\/hu.life4oakforests.eu\/?page_id=1332"},"modified":"2019-05-08T08:48:48","modified_gmt":"2019-05-08T08:48:48","slug":"bokros-koronafurt-hippocrepis-emerus","status":"publish","type":"page","link":"https:\/\/hu.life4oakforests.eu\/de\/bokros-koronafurt-hippocrepis-emerus\/","title":{"rendered":"Bokros koronaf\u00fcrt (Hippocrepis emerus)"},"content":{"rendered":"<p style=\"text-align: left;\"><div class=\"row\"> <div class=\"col-md-6\">\n<h4>Faj \u00e9s \u00e9l\u0151hely le\u00edr\u00e1s<\/h4>\n<p>Szubmediterr\u00e1n elterjed\u00e9s\u0171 pillang\u00f3s vir\u00e1g\u00fa n\u00f6v\u00e9ny. Magass\u00e1ga \u00e1ltal\u00e1ban nem haladja meg az egy m\u00e9tert. Haz\u00e1nkban el\u0151fordul\u00e1sa szinte csak a Balaton-felvid\u00e9kre \u00e9s a Keszthelyi-hegys\u00e9gre szor\u00edtkozik, ahol a sz\u00e1raz, meleg molyhos t\u00f6lgyesek \u00e9s sziklaerd\u0151k jellemz\u0151 cserj\u00e9je. S\u00e1rga vir\u00e1g\u00f6z\u00f6n\u00e9t \u00e1prilis m\u00e1sodik fel\u00e9ben \u00e9s m\u00e1jus elej\u00e9n s\u0171r\u0171n l\u00e1togatj\u00e1k a k\u00fcl\u00f6nb\u00f6z\u0151 poszm\u00e9h fajok, melyek a n\u00f6v\u00e9ny megporz\u00e1s\u00e1t v\u00e9gzik. Tavaszi fagyokra \u00e9rz\u00e9keny, ez\u00e9rt elterjed\u00e9s\u00e9t f\u0151k\u00e9nt a meleg, sz\u00e1raz, szikl\u00e1s erdei \u00e9l\u0151helyekre korl\u00e1tozza, itt ugyanis a tavaszi kisug\u00e1rz\u00e1sos fagyok kialakul\u00e1s\u00e1nak es\u00e9lye eleny\u00e9sz\u0151.<\/p>\n<h4>F\u0151bb vesz\u00e9lyeztet\u0151 t\u00e9nyez\u0151k<\/h4>\n<p>\u00c9l\u0151helyein els\u0151sorban a nagyvad r\u00e1g\u00e1sa, valamint a v\u00e1g\u00e1sos erd\u0151gazd\u00e1lkod\u00e1s jelenti a faj sz\u00e1m\u00e1ra a legf\u0151bb probl\u00e9m\u00e1t.<\/p>\n<h4>Speci\u00e1lis term\u00e9szetv\u00e9delmi beavatkoz\u00e1sok<\/h4>\n<p>\u00c9l\u0151helyein az \u00e1lland\u00f3 erd\u0151bor\u00edt\u00e1st biztos\u00edt\u00f3 gazd\u00e1lkod\u00e1s valamint a nagyvad l\u00e9tsz\u00e1m\u00e1nak szab\u00e1lyoz\u00e1sa sz\u00fcks\u00e9ges. A projekt keret\u00e9ben t\u00f6bb helysz\u00ednen l\u00e9tes\u00edt\u00fcnk vadv\u00e9delmi ker\u00edt\u00e9seket, hogy az \u00e9l\u0151helyek egy r\u00e9sz\u00e9r\u0151l t\u00e1voltartsuk a vad\u00e1llom\u00e1nyt. A vad\u00e1llom\u00e1ny hat\u00e1s\u00e1nak cs\u00f6kkent\u00e9s\u00e9t seg\u00edti a v\u00e1ltozatos szerkezet\u0171 erd\u0151\u00e1llom\u00e1nyok kialak\u00edt\u00e1sa is, mely l\u00e9nyegesen t\u00f6bb t\u00e1pl\u00e1l\u00e9kot biztos\u00edt, illetve egyenletesebb\u00e9 teszi a t\u00e1pl\u00e1l\u00e9k eloszl\u00e1s\u00e1t a nagytest\u0171 n\u00f6v\u00e9nyev\u0151k sz\u00e1m\u00e1ra is.<\/p>\n<p style=\"text-align: left;\"><\/div><div class=\"col-md-6\">\n<p style=\"text-align: left;\"><img loading=\"lazy\" decoding=\"async\" class=\"wp-image-1630 aligncenter\" src=\"http:\/\/www.life4oakforests.eu\/wp-content\/uploads\/2019\/05\/bokros-koronaf\u00fcrt-300x272.jpg\" alt=\"\" width=\"500\" height=\"453\" \/><\/p>\n<p style=\"text-align: left;\"><\/div><\/div>\n<p><b>Kapcsol\u00f3d\u00f3 projekthelysz\u00ednek<\/b><br \/>\nKoloska<\/p>\n<p><b>Irodalom<\/b><br \/>\n1. Farkas S. (szerk) (1999): Magyarorsz\u00e1g v\u00e9dett n\u00f6v\u00e9nyei. Mez\u0151gazda kiad\u00f3, Budapest, pp. 416.<br \/>\n2. Bartha D. \u2013 B\u00f6l\u00f6ni J. \u2013 Kir\u00e1ly G. (eds., 1999) Magyarorsz\u00e1g ritka fa \u00e9s cserjefajai I. &#8211; Tilia. 7: 1-286.<br \/>\n3. Bartha D. (szerk) Magyarorsz\u00e1g ritka fa- \u00e9s cserjefajainak atlasza. Kossuth kiad\u00f3, Budapest, pp. 352.<\/p>\n<h6><\/h6>\n","protected":false},"excerpt":{"rendered":"<p>Kapcsol\u00f3d\u00f3 projekthelysz\u00ednek Koloska Irodalom 1. Farkas S. (szerk) (1999): Magyarorsz\u00e1g v\u00e9dett n\u00f6v\u00e9nyei. Mez\u0151gazda kiad\u00f3, Budapest, pp. 416. 2. Bartha D. \u2013 B\u00f6l\u00f6ni J. \u2013 Kir\u00e1ly G. (eds., 1999) Magyarorsz\u00e1g ritka fa \u00e9s cserjefajai I. &#8211; Tilia. 7: 1-286. 3. Bartha &hellip; <a href=\"https:\/\/hu.life4oakforests.eu\/de\/bokros-koronafurt-hippocrepis-emerus\/\">Weiterlesen<\/a><\/p>\n","protected":false},"author":1,"featured_media":0,"parent":0,"menu_order":0,"comment_status":"closed","ping_status":"closed","template":"","meta":{"kt_blocks_editor_width":"","_monsterinsights_skip_tracking":false,"_monsterinsights_sitenote_active":false,"_monsterinsights_sitenote_note":"","_monsterinsights_sitenote_category":0,"footnotes":""},"class_list":["post-1332","page","type-page","status-publish","hentry"],"translation":{"provider":"WPGlobus","version":"3.0.1","language":"de","enabled_languages":["en","es","de","fr","ru"],"languages":{"en":{"title":true,"content":true,"excerpt":false},"es":{"title":false,"content":false,"excerpt":false},"de":{"title":false,"content":false,"excerpt":false},"fr":{"title":false,"content":false,"excerpt":false},"ru":{"title":false,"content":false,"excerpt":false}}},"aioseo_notices":[],"_links":{"self":[{"href":"https:\/\/hu.life4oakforests.eu\/de\/wp-json\/wp\/v2\/pages\/1332","targetHints":{"allow":["GET"]}}],"collection":[{"href":"https:\/\/hu.life4oakforests.eu\/de\/wp-json\/wp\/v2\/pages"}],"about":[{"href":"https:\/\/hu.life4oakforests.eu\/de\/wp-json\/wp\/v2\/types\/page"}],"author":[{"embeddable":true,"href":"https:\/\/hu.life4oakforests.eu\/de\/wp-json\/wp\/v2\/users\/1"}],"replies":[{"embeddable":true,"href":"https:\/\/hu.life4oakforests.eu\/de\/wp-json\/wp\/v2\/comments?post=1332"}],"version-history":[{"count":2,"href":"https:\/\/hu.life4oakforests.eu\/de\/wp-json\/wp\/v2\/pages\/1332\/revisions"}],"predecessor-version":[{"id":1487,"href":"https:\/\/hu.life4oakforests.eu\/de\/wp-json\/wp\/v2\/pages\/1332\/revisions\/1487"}],"wp:attachment":[{"href":"https:\/\/hu.life4oakforests.eu\/de\/wp-json\/wp\/v2\/media?parent=1332"}],"curies":[{"name":"wp","href":"https:\/\/api.w.org\/{rel}","templated":true}]}}