{"id":1323,"date":"2019-05-08T08:40:49","date_gmt":"2019-05-08T08:40:49","guid":{"rendered":"http:\/\/hu.life4oakforests.eu\/?page_id=1323"},"modified":"2019-05-08T08:40:49","modified_gmt":"2019-05-08T08:40:49","slug":"nagy-szarvasbogar-lucanus-cervus","status":"publish","type":"page","link":"https:\/\/hu.life4oakforests.eu\/de\/nagy-szarvasbogar-lucanus-cervus\/","title":{"rendered":"Nagy szarvasbog\u00e1r (Lucanus cervus)"},"content":{"rendered":"<p style=\"text-align: left;\"><div class=\"row\"> <div class=\"col-md-6\">\n<h4 style=\"text-align: left;\">Faj- \u00e9s \u00e9l\u0151hely ismertet\u00e9s<\/h4>\n<p style=\"text-align: left;\">A nagy szarvasbog\u00e1r nev\u00e9t a h\u00edmek megnagyobbodott, agancsra eml\u00e9keztet\u0151 r\u00e1g\u00f3j\u00e1r\u00f3l kapta, amelynek a p\u00e1rz\u00e1st megel\u0151z\u0151 vet\u00e9lked\u00e9sben van szerepe. Z\u00f6mmel D\u00e9l- \u00e9s K\u00f6z\u00e9p-Eur\u00f3pa lak\u00f3ja, de \u00c1zsi\u00e1ban Ir\u00e1nig, nyugaton a Brit-szigetekig, \u00e9szakon Sv\u00e9dorsz\u00e1g legd\u00e9libb r\u00e9sz\u00e9ig tal\u00e1lkozhatunk vele. A nagy szarvasbog\u00e1r xilof\u00e1g \u00e1llat, ami azt jelenti, hogy im\u00e1g\u00f3 \u00e1llapotban f\u00e1k \u2013 f\u0151leg t\u00f6lgyek \u2013 nedveit sz\u00edvogatja. Nem csak a kifejlett \u00e1llat k\u00f6t\u0151dik a t\u00f6lgyesekhez, hanem a l\u00e1rv\u00e1k is ezt a f\u00e1t szeretik r\u00e1gni, legink\u00e1bb korhadt \u00e1llapotban.<\/p>\n<h4 style=\"text-align: left;\">Vesz\u00e9lyeztet\u0151 t\u00e9nyez\u0151k<\/h4>\n<p style=\"text-align: left;\">Mint minden szaproxilof\u00e1g fajn\u00e1l, a nagy szarvasbog\u00e1rn\u00e1l is az \u00e9l\u0151helyek feldarabol\u00f3d\u00e1sa \u00e9s a beteg, id\u0151s f\u00e1k elt\u00e1vol\u00edt\u00e1sa jelenti a legs\u00falyosabb fenyeget\u00e9st. Kor\u00e1bban sokkal gyakoribb volt Eur\u00f3pa t\u00f6lgyeseiben, \u00e1m \u00e9l\u0151hely\u00e9nek megritkul\u00e1sa miatt sokfele nagyon megritkult, s\u0151t helyenk\u00e9nt ki is pusztult. Fejl\u0151d\u00e9s\u00e9hez nagy mennyis\u00e9g\u0171 elhalt, m\u00e9gpedig els\u0151sorban f\u00f6ldben l\u00e9v\u0151 faanyag sz\u00fcks\u00e9ges, amely a fakitermel\u00e9s c\u00e9lj\u00e1b\u00f3l fenntartott erd\u0151kben kev\u00e9s, ha a f\u00e1k nem \u00e9rnek el id\u0151s kort, illetve ha a tusk\u00f3kat is elt\u00e1vol\u00edtj\u00e1k az erd\u0151fel\u00faj\u00edt\u00e1s sor\u00e1n.<\/p>\n<h4 style=\"text-align: left;\">Faj-specifikus kezel\u00e9sek<\/h4>\n<p style=\"text-align: left;\">A t\u00f6lgyesek bor\u00edt\u00e1s\u00e1nak n\u00f6vel\u00e9se, illetve az \u00e1ll\u00f3 holt t\u00f6lgyfa ar\u00e1ny\u00e1nak n\u00f6vel\u00e9se hozz\u00e1j\u00e1rul a faj el\u0151fordul\u00e1si gyakoris\u00e1g\u00e1nak n\u00f6vel\u00e9s\u00e9hez (T\u00f3th \u00e9s V\u00e9gv\u00e1ri 2017). Projektter\u00fclet\u00fcnk\u00f6n a faj fennmarad\u00e1s\u00e1hoz az \u00e9l\u0151helyre jellemz\u0151 fafaj\u00f6sszet\u00e9tel fenntart\u00e1s\u00e1val, a hi\u00e1nyz\u00f3 \u0151shonos fafajok (t\u00f6lgyek) visszatelep\u00edt\u00e9s\u00e9vel, a holtfa v\u00e1ltozatos form\u00e1inak k\u00e9pz\u00e9s\u00e9vel, illetve az \u00e9l\u0151 f\u00e1n t\u00f6rt\u00e9n\u0151 holtfar\u00e9szek \u00e9s lassan pusztul\u00f3 faegyedek kialak\u00edt\u00e1s\u00e1val j\u00e1rulunk hozz\u00e1.<\/p>\n<p style=\"text-align: left;\"><\/div><div class=\"col-md-6\">\n<p><img loading=\"lazy\" decoding=\"async\" class=\" wp-image-1592\" src=\"http:\/\/www.life4oakforests.eu\/wp-content\/uploads\/2018\/07\/Lucanus-cervus-2_Ivano-Fabbri-300x225.jpg\" alt=\"\" width=\"499\" height=\"376\" \/><\/p>\n<\/div><\/div>\n<p>&nbsp;<\/p>\n<p><b>Kapcsol\u00f3d\u00f3 projekthelysz\u00ednek<\/b><br \/>\nCarn\u00e8 e Rontana, Locatil\u00e0 Gesso, Monte Penzola, Monte Mauro, Riva di San Biagio<\/p>\n<p><strong>Irodalom<\/strong><br \/>\nhttp:\/\/termeszetvedelmikezeles.hu\/adatlap-allatok?showAll=0&#038;id=829<\/p>\n","protected":false},"excerpt":{"rendered":"<p>&nbsp; Kapcsol\u00f3d\u00f3 projekthelysz\u00ednek Carn\u00e8 e Rontana, Locatil\u00e0 Gesso, Monte Penzola, Monte Mauro, Riva di San Biagio Irodalom http:\/\/termeszetvedelmikezeles.hu\/adatlap-allatok?showAll=0&#038;id=829<\/p>\n","protected":false},"author":1,"featured_media":0,"parent":0,"menu_order":0,"comment_status":"closed","ping_status":"closed","template":"","meta":{"kt_blocks_editor_width":"","_monsterinsights_skip_tracking":false,"_monsterinsights_sitenote_active":false,"_monsterinsights_sitenote_note":"","_monsterinsights_sitenote_category":0,"footnotes":""},"class_list":["post-1323","page","type-page","status-publish","hentry"],"translation":{"provider":"WPGlobus","version":"3.0.1","language":"de","enabled_languages":["en","es","de","fr","ru"],"languages":{"en":{"title":true,"content":true,"excerpt":false},"es":{"title":false,"content":false,"excerpt":false},"de":{"title":false,"content":false,"excerpt":false},"fr":{"title":false,"content":false,"excerpt":false},"ru":{"title":false,"content":false,"excerpt":false}}},"aioseo_notices":[],"_links":{"self":[{"href":"https:\/\/hu.life4oakforests.eu\/de\/wp-json\/wp\/v2\/pages\/1323","targetHints":{"allow":["GET"]}}],"collection":[{"href":"https:\/\/hu.life4oakforests.eu\/de\/wp-json\/wp\/v2\/pages"}],"about":[{"href":"https:\/\/hu.life4oakforests.eu\/de\/wp-json\/wp\/v2\/types\/page"}],"author":[{"embeddable":true,"href":"https:\/\/hu.life4oakforests.eu\/de\/wp-json\/wp\/v2\/users\/1"}],"replies":[{"embeddable":true,"href":"https:\/\/hu.life4oakforests.eu\/de\/wp-json\/wp\/v2\/comments?post=1323"}],"version-history":[{"count":1,"href":"https:\/\/hu.life4oakforests.eu\/de\/wp-json\/wp\/v2\/pages\/1323\/revisions"}],"predecessor-version":[{"id":1325,"href":"https:\/\/hu.life4oakforests.eu\/de\/wp-json\/wp\/v2\/pages\/1323\/revisions\/1325"}],"wp:attachment":[{"href":"https:\/\/hu.life4oakforests.eu\/de\/wp-json\/wp\/v2\/media?parent=1323"}],"curies":[{"name":"wp","href":"https:\/\/api.w.org\/{rel}","templated":true}]}}