{"id":1320,"date":"2019-05-08T08:37:27","date_gmt":"2019-05-08T08:37:27","guid":{"rendered":"http:\/\/hu.life4oakforests.eu\/?page_id=1320"},"modified":"2019-05-08T08:37:27","modified_gmt":"2019-05-08T08:37:27","slug":"molyhos-tolgy-quercus-pubescens","status":"publish","type":"page","link":"https:\/\/hu.life4oakforests.eu\/de\/molyhos-tolgy-quercus-pubescens\/","title":{"rendered":"Molyhos t\u00f6lgy (Quercus pubescens)"},"content":{"rendered":"<p style=\"text-align: left;\"><div class=\"row\"> <div class=\"col-md-6\">\n<h4>Faj- \u00e9s \u00e9l\u0151hely ismertet\u00e9s<\/h4>\n<p>A molyhos t\u00f6lgy k\u00f6nnyen felismerhet\u0151 a kar\u00e9jos leveleinek fon\u00e1kj\u00e1t bor\u00edt\u00f3 sz\u00fcrk\u00e9s-b\u00e1rsonyos fed\u0151sz\u0151rzetr\u0151l, az \u00e1gain csoportokban n\u00f6v\u0151 molyhos kupacs\u00fa makkokr\u00f3l, valamint arr\u00f3l, hogy termete alacsony, 4-6 m\u00e9teres, \u00e1gszerkezete pedig girbegurba. A Sas-hegyen a molyhos t\u00f6lgyes karsztbokorerd\u0151 k\u00e9pviseli azt a sz\u00e1razs\u00e1gt\u0171r\u0151 \u00e9s melegkedvel\u0151 erd\u0151\u00e1llom\u00e1nyt, amely a legjobban tud alkalmazkodni a helyi id\u0151j\u00e1r\u00e1si k\u00f6r\u00fclm\u00e9nyekhez, illetve a kl\u00edmav\u00e1ltoz\u00e1shoz. Ezekre az erd\u0151kre jellemz\u0151, hogy lombozatuk csak foltokban z\u00e1r\u00f3dik, \u00e9s kisebb-nagyobb gyepfoltok, tiszt\u00e1sok teszik v\u00e1ltozatoss\u00e1, mozaikoss\u00e1 szerkezet\u00fcket.<\/p>\n<h4>Vesz\u00e9lyeztet\u0151 t\u00e9nyez\u0151k<\/h4>\n<p>A molyhos t\u00f6lgyes karsztbokor-erd\u0151k kiterjed\u00e9se \u00edgy a molyhos t\u00f6lgyesek sz\u00e1ma is jelent\u0151sen lecs\u00f6kkent. Ezek az erd\u0151k rendszerint \u00e1ldozatul estek a hegyl\u00e1bi sz\u0151l\u0151 \u00e9s gy\u00fcm\u00f6lcs-termeszt\u00e9snek, de a zavartalanabb foltokban, szikl\u00e1s, meredekebb hegyoldalakon jelent\u0151sebb \u00e1llom\u00e1nyiak fennmaradtak.<\/p>\n<h4>Faj-specifikus kezel\u00e9sek<\/h4>\n<p>A Sas-hegyen az \u0151shonos cserj\u00e9k t\u00fal s\u0171r\u0171 \u00e1llom\u00e1nyt k\u00e9peznek, amelyet fel kell szabad\u00edtni \u00e9s az eredeti molyhos t\u00f6lgyeseket helyre kell \u00e1ll\u00edtani. A cserj\u00e9k visszaszor\u00edt\u00e1s\u00e1val teret adunk az \u00fajulat kialakul\u00e1s\u00e1nak. Tov\u00e1bb\u00e1 a degrad\u00e1l\u00f3dott, invaz\u00edv fajokkal fert\u0151z\u00f6tt ter\u00fcleteken az invaz\u00edv n\u00f6v\u00e9nyfajokat elt\u00e1vol\u00edtjuk \u00e9s a hely\u00fckre molyhos t\u00f6lgyeket \u00fclet\u00fcnk.<\/p>\n<p style=\"text-align: left;\"><\/div><div class=\"col-md-6\">\n<p style=\"text-align: left;\"><img loading=\"lazy\" decoding=\"async\" class=\"wp-image-1694 aligncenter\" src=\"http:\/\/www.life4oakforests.eu\/wp-content\/uploads\/2019\/05\/molyhos_tolgy_fotisomlyo-200x300.jpg\" alt=\"\" width=\"369\" height=\"554\" \/><\/p>\n<p style=\"text-align: left;\"><\/div><\/div>\n<p><b>Kapcsol\u00f3d\u00f3 projekt helysz\u00ednek<\/b><br \/>\nBudai Sas-hegy<\/p>\n<p><b>Irodalom<\/b><br \/>\nLiterature http:\/\/www.terra.hu\/fak\/html\/quercus.pubescens.html<\/p>\n<h6><\/h6>\n","protected":false},"excerpt":{"rendered":"<p>Kapcsol\u00f3d\u00f3 projekt helysz\u00ednek Budai Sas-hegy Irodalom Literature http:\/\/www.terra.hu\/fak\/html\/quercus.pubescens.html<\/p>\n","protected":false},"author":1,"featured_media":0,"parent":0,"menu_order":0,"comment_status":"closed","ping_status":"closed","template":"","meta":{"kt_blocks_editor_width":"","_monsterinsights_skip_tracking":false,"_monsterinsights_sitenote_active":false,"_monsterinsights_sitenote_note":"","_monsterinsights_sitenote_category":0,"footnotes":""},"class_list":["post-1320","page","type-page","status-publish","hentry"],"translation":{"provider":"WPGlobus","version":"3.0.1","language":"de","enabled_languages":["en","es","de","fr","ru"],"languages":{"en":{"title":true,"content":true,"excerpt":false},"es":{"title":false,"content":false,"excerpt":false},"de":{"title":false,"content":false,"excerpt":false},"fr":{"title":false,"content":false,"excerpt":false},"ru":{"title":false,"content":false,"excerpt":false}}},"aioseo_notices":[],"_links":{"self":[{"href":"https:\/\/hu.life4oakforests.eu\/de\/wp-json\/wp\/v2\/pages\/1320","targetHints":{"allow":["GET"]}}],"collection":[{"href":"https:\/\/hu.life4oakforests.eu\/de\/wp-json\/wp\/v2\/pages"}],"about":[{"href":"https:\/\/hu.life4oakforests.eu\/de\/wp-json\/wp\/v2\/types\/page"}],"author":[{"embeddable":true,"href":"https:\/\/hu.life4oakforests.eu\/de\/wp-json\/wp\/v2\/users\/1"}],"replies":[{"embeddable":true,"href":"https:\/\/hu.life4oakforests.eu\/de\/wp-json\/wp\/v2\/comments?post=1320"}],"version-history":[{"count":1,"href":"https:\/\/hu.life4oakforests.eu\/de\/wp-json\/wp\/v2\/pages\/1320\/revisions"}],"predecessor-version":[{"id":1322,"href":"https:\/\/hu.life4oakforests.eu\/de\/wp-json\/wp\/v2\/pages\/1320\/revisions\/1322"}],"wp:attachment":[{"href":"https:\/\/hu.life4oakforests.eu\/de\/wp-json\/wp\/v2\/media?parent=1320"}],"curies":[{"name":"wp","href":"https:\/\/api.w.org\/{rel}","templated":true}]}}