{"id":1304,"date":"2019-05-08T08:22:54","date_gmt":"2019-05-08T08:22:54","guid":{"rendered":"http:\/\/hu.life4oakforests.eu\/?page_id=1304"},"modified":"2019-05-08T08:22:54","modified_gmt":"2019-05-08T08:22:54","slug":"ciprusmoha-hypnum-cuppressiforme","status":"publish","type":"page","link":"https:\/\/hu.life4oakforests.eu\/de\/ciprusmoha-hypnum-cuppressiforme\/","title":{"rendered":"Ciprusmoha (Hypnum cuppressiforme)"},"content":{"rendered":"<div class=\"row\"> <div class=\"col-md-6\">\n<h4>Faj- \u00e9s \u00e9l\u0151hely ismertet\u00e9s<\/h4>\n<p>A moh\u00e1k fontos szerepet t\u00f6ltenek be az erd\u0151k \u00e9let\u00e9ben. R\u00e9szt vesznek az erd\u0151 v\u00edzh\u00e1ztart\u00e1s\u00e1nak szab\u00e1lyoz\u00e1s\u00e1ban, v\u00e9dik a talajt az er\u00f3zi\u00f3t\u00f3l, s\u0151t hozz\u00e1j\u00e1rulnak a talajk\u00e9pz\u0151d\u00e9shez, tov\u00e1bb\u00e1 \u00e9l\u0151helyet szolg\u00e1ltatnak m\u00e1s fajok sz\u00e1m\u00e1ra. A ritka mohafajok botanikai szempontb\u00f3l ugyan \u00e9rt\u00e9kesek, de fontos kiemelni, hogy a gyakori fajok bor\u00edt\u00e1sa is jelent\u0151s m\u00e9rt\u00e9kben lecs\u00f6kkent, \u00edgy a gyakori fajok v\u00e9delme, a moh\u00e1k \u00f6kol\u00f3giai szolg\u00e1ltat\u00e1snak fenntart\u00e1sa miatt szint\u00e9n rendk\u00edv\u00fcl fontos. Az egyik ilyen gyakori faj a ciprusmoha. Talajon, szikl\u00e1kon, korhadt \u00e9s \u00e9l\u0151 f\u00e1kon egyar\u00e1nt megtal\u00e1lhat\u00f3. A ciprusmoha nagyon v\u00e1ltozatos megjelen\u00e9s\u0171. A sz\u00e1racsk\u00e1k lehetnek vastagok, d\u00fasan el\u00e1gaz\u00f3ak s\u00f6t\u00e9tz\u00f6ldek, vagy \u00e9ppen ritk\u00e1san el\u00e1gaz\u00f3k, v\u00e9konyak \u00e9s s\u00e1rg\u00e1s, olajz\u00f6ld sz\u00edn\u0171ek.<\/p>\n<h4>Vesz\u00e9lyeztet\u0151 t\u00e9nyez\u0151k<\/h4>\n<p>Az intenz\u00edv erd\u0151gazd\u00e1lkod\u00e1s \u00e9s a vadk\u00e1r miatt m\u00e9g az am\u00fagy t\u00f6meges fajok bor\u00edt\u00e1sa is jelent\u0151sen lecs\u00f6kkent, mind a talajon, mind a f\u00e1kon. A ciprusmoha is az erd\u0151kben gyakori, \u00e1m bolygat\u00e1sra (tapos\u00e1s, t\u00far\u00e1s) \u00e9rz\u00e9keny. A moh\u00e1k tov\u00e1bb\u00e1 \u00e9rz\u00e9kenyek a hirtelen bek\u00f6vetkez\u0151 f\u00e9ny-, illetve p\u00e1ratartalom v\u00e1ltoz\u00e1sokra is, \u00edgy pl. egy-egy jelent\u0151sebb fav\u00e1g\u00e1s jelent\u0151sen megv\u00e1ltoztatja a mikrokl\u00edm\u00e1t, lecs\u00f6kkentve a moh\u00e1k bor\u00edt\u00e1s\u00e1t.<\/p>\n<h4>Faj-specifikus kezel\u00e9sek<\/h4>\n<p>A kezeletlen \u00e1llom\u00e1ny foltok, a vadkiz\u00e1r\u00e1s tov\u00e1bb\u00e1 a k\u00fcl\u00f6nb\u00f6z\u0151 holtfa k\u00e9pz\u00e9sek jelent\u0151sen hozz\u00e1j\u00e1rulnak a moh\u00e1k, \u00edgy a ciprusmoh\u00e1k fennmarad\u00e1s\u00e1hoz. A nagyoroszi projektter\u00fcleten pl. k\u00f6zel 20 hekt\u00e1ron ker\u00edtj\u00fck k\u00f6rbe az erd\u0151t, cs\u00f6kkentve ez\u00e1ltal a vadak \u00e1ltal okozott terhel\u00e9s\u00e9t, n\u00f6velve a mohap\u00e1rn\u00e1k kialakul\u00e1s\u00e1nak es\u00e9ly\u00e9t.<\/p>\n<\/div><div class=\"col-md-6\">\n<p><img loading=\"lazy\" decoding=\"async\" class=\"wp-image-991 aligncenter\" src=\"http:\/\/www.life4oakforests.eu\/wp-content\/uploads\/2018\/07\/hypnum_cuppressiforme-300x150.png\" alt=\"\" width=\"500\" height=\"250\" srcset=\"https:\/\/hu.life4oakforests.eu\/wp-content\/uploads\/2018\/07\/hypnum_cuppressiforme-300x150.png 300w, https:\/\/hu.life4oakforests.eu\/wp-content\/uploads\/2018\/07\/hypnum_cuppressiforme-24x12.png 24w, https:\/\/hu.life4oakforests.eu\/wp-content\/uploads\/2018\/07\/hypnum_cuppressiforme-36x18.png 36w, https:\/\/hu.life4oakforests.eu\/wp-content\/uploads\/2018\/07\/hypnum_cuppressiforme-48x24.png 48w, https:\/\/hu.life4oakforests.eu\/wp-content\/uploads\/2018\/07\/hypnum_cuppressiforme.png 400w\" sizes=\"auto, (max-width: 500px) 100vw, 500px\" \/><\/p>\n<\/div><\/div>\n<p>&nbsp;<\/p>\n<p><b>Kapcsol\u00f3d\u00f3 projekt helysz\u00ednek<\/b><\/p>\n<p>B\u00f6rzs\u00f6ny-Nagyoroszi<\/p>\n<p><b>Irodalom<\/b><\/p>\n<p>Tuba, Z., Slack, N. G., &amp; Stark, L. R. (Eds.). (2011). Bryophyte ecology and climate change. Cambridge University Press.<br \/>\nhttps:\/\/books.google.hu\/books?hl=hu&#038;lr=&#038;id=rHE2KmGdwLEC&#038;oi=fnd&#038;pg=PR7&#038;dq=bryophyte+ecology+tuba&#038;ots=J8YJhnZFA3&#038;sig=swogPwM6prKJ4kUuiXmWS5xjVuY&#038;redir_esc=y#v=onepage&#038;q=bryophyte%20ecology%20tuba&#038;f=false<\/p>\n","protected":false},"excerpt":{"rendered":"<p>&nbsp; Kapcsol\u00f3d\u00f3 projekt helysz\u00ednek B\u00f6rzs\u00f6ny-Nagyoroszi Irodalom Tuba, Z., Slack, N. G., &amp; Stark, L. R. (Eds.). (2011). Bryophyte ecology and climate change. Cambridge University Press. https:\/\/books.google.hu\/books?hl=hu&#038;lr=&#038;id=rHE2KmGdwLEC&#038;oi=fnd&#038;pg=PR7&#038;dq=bryophyte+ecology+tuba&#038;ots=J8YJhnZFA3&#038;sig=swogPwM6prKJ4kUuiXmWS5xjVuY&#038;redir_esc=y#v=onepage&#038;q=bryophyte%20ecology%20tuba&#038;f=false<\/p>\n","protected":false},"author":1,"featured_media":0,"parent":0,"menu_order":0,"comment_status":"closed","ping_status":"closed","template":"","meta":{"kt_blocks_editor_width":"","_monsterinsights_skip_tracking":false,"_monsterinsights_sitenote_active":false,"_monsterinsights_sitenote_note":"","_monsterinsights_sitenote_category":0,"footnotes":""},"class_list":["post-1304","page","type-page","status-publish","hentry"],"translation":{"provider":"WPGlobus","version":"3.0.1","language":"de","enabled_languages":["en","es","de","fr","ru"],"languages":{"en":{"title":true,"content":true,"excerpt":false},"es":{"title":false,"content":false,"excerpt":false},"de":{"title":false,"content":false,"excerpt":false},"fr":{"title":false,"content":false,"excerpt":false},"ru":{"title":false,"content":false,"excerpt":false}}},"aioseo_notices":[],"_links":{"self":[{"href":"https:\/\/hu.life4oakforests.eu\/de\/wp-json\/wp\/v2\/pages\/1304","targetHints":{"allow":["GET"]}}],"collection":[{"href":"https:\/\/hu.life4oakforests.eu\/de\/wp-json\/wp\/v2\/pages"}],"about":[{"href":"https:\/\/hu.life4oakforests.eu\/de\/wp-json\/wp\/v2\/types\/page"}],"author":[{"embeddable":true,"href":"https:\/\/hu.life4oakforests.eu\/de\/wp-json\/wp\/v2\/users\/1"}],"replies":[{"embeddable":true,"href":"https:\/\/hu.life4oakforests.eu\/de\/wp-json\/wp\/v2\/comments?post=1304"}],"version-history":[{"count":1,"href":"https:\/\/hu.life4oakforests.eu\/de\/wp-json\/wp\/v2\/pages\/1304\/revisions"}],"predecessor-version":[{"id":1306,"href":"https:\/\/hu.life4oakforests.eu\/de\/wp-json\/wp\/v2\/pages\/1304\/revisions\/1306"}],"wp:attachment":[{"href":"https:\/\/hu.life4oakforests.eu\/de\/wp-json\/wp\/v2\/media?parent=1304"}],"curies":[{"name":"wp","href":"https:\/\/api.w.org\/{rel}","templated":true}]}}