{"id":1204,"date":"2019-05-01T23:53:14","date_gmt":"2019-05-01T23:53:14","guid":{"rendered":"http:\/\/hu.life4oakforests.eu\/?page_id=1204"},"modified":"2025-03-06T11:15:06","modified_gmt":"2025-03-06T11:15:06","slug":"rovarok","status":"publish","type":"page","link":"https:\/\/hu.life4oakforests.eu\/de\/rovarok\/","title":{"rendered":"Rovarok"},"content":{"rendered":"<div class=\"row\"> <div class=\"col-md-4\">\n<p style=\"text-align: center;\"><a href=\"http:\/\/hu.life4oakforests.eu\/nagy-hoscincer-cerambyx-cerdo\/\"><b>Nagy h\u0151scinc\u00e9r<\/b><\/a><\/p>\n<p style=\"text-align: center;\"><em> (Cerambyx cerdo)<\/em><\/p>\n<\/div><div class=\"col-md-4\">\n<p style=\"text-align: center;\"><a href=\"http:\/\/hu.life4oakforests.eu\/nagy-szarvasbogar-lucanus-cervus\/\"><b>Nagy szarvasbog\u00e1r<\/b><\/a><\/p>\n<p style=\"text-align: center;\"><em> (Lucanus cervus)<\/em><\/p>\n<\/div><div class=\"col-md-4\">\n<p style=\"text-align: center;\"><a href=\"http:\/\/hu.life4oakforests.eu\/magyar-viragdiszbogar-anthaxia-hungarica\/\"><strong>Magyar vir\u00e1gd\u00edszbog\u00e1r<\/strong><\/a><\/p>\n<p style=\"text-align: center;\"><em>(Anthaxia hungarica)<\/em><\/p>\n<\/div><\/div>\n<div class=\"row\"> <div class=\"col-md-4\">\n<p style=\"text-align: center;\"><a href=\"http:\/\/hu.life4oakforests.eu\/orias-torosdarazs-megascolia-maculata\/\"><b>\u00d3ri\u00e1s t\u0151r\u00f6sdar\u00e1zs<\/b><\/a><\/p>\n<p style=\"text-align: center;\"><em> (Megascolia maculata)<\/em><\/p>\n<\/div><div class=\"col-md-4\">\n<p style=\"text-align: center;\"><a href=\"http:\/\/hu.life4oakforests.eu\/tolgyfaszender-marumba-quercus\/\"><b>T\u00f6lgyfaszender<\/b><\/a><\/p>\n<p style=\"text-align: center;\"><em> (Marumba quercus)<\/em><\/p>\n<\/div><div class=\"col-md-4\">\n<p style=\"text-align: center;\"><a href=\"http:\/\/hu.life4oakforests.eu\/gyaszcincer-morimus-funereus\/\"><b>Gy\u00e1szcinc\u00e9r<\/b><\/a><\/p>\n<p style=\"text-align: center;\"><em>(Morimus funereus)<\/em><\/p>\n<\/div><\/div>\n<div class=\"row\"> <div class=\"col-md-4\">\n<\/div><div class=\"col-md-4\">\n<\/div><div class=\"col-md-4\">\n<\/div><\/div>\n<div class=\"row\"> <div class=\"col-md-4\">\n<\/div><div class=\"col-md-4\">\n<\/div><div class=\"col-md-4\">\n<\/div><\/div>\n<div class=\"row\"> <div class=\"col-md-4\">\n<\/div><div class=\"col-md-4\">\n<\/div><div class=\"col-md-4\">\n<\/div><\/div>\n","protected":false},"excerpt":{"rendered":"","protected":false},"author":1,"featured_media":0,"parent":0,"menu_order":0,"comment_status":"closed","ping_status":"closed","template":"","meta":{"kt_blocks_editor_width":"","_monsterinsights_skip_tracking":false,"_monsterinsights_sitenote_active":false,"_monsterinsights_sitenote_note":"","_monsterinsights_sitenote_category":0,"footnotes":""},"class_list":["post-1204","page","type-page","status-publish","hentry"],"translation":{"provider":"WPGlobus","version":"3.0.1","language":"de","enabled_languages":["en","es","de","fr","ru"],"languages":{"en":{"title":true,"content":true,"excerpt":false},"es":{"title":false,"content":false,"excerpt":false},"de":{"title":false,"content":false,"excerpt":false},"fr":{"title":false,"content":false,"excerpt":false},"ru":{"title":false,"content":false,"excerpt":false}}},"aioseo_notices":[],"_links":{"self":[{"href":"https:\/\/hu.life4oakforests.eu\/de\/wp-json\/wp\/v2\/pages\/1204","targetHints":{"allow":["GET"]}}],"collection":[{"href":"https:\/\/hu.life4oakforests.eu\/de\/wp-json\/wp\/v2\/pages"}],"about":[{"href":"https:\/\/hu.life4oakforests.eu\/de\/wp-json\/wp\/v2\/types\/page"}],"author":[{"embeddable":true,"href":"https:\/\/hu.life4oakforests.eu\/de\/wp-json\/wp\/v2\/users\/1"}],"replies":[{"embeddable":true,"href":"https:\/\/hu.life4oakforests.eu\/de\/wp-json\/wp\/v2\/comments?post=1204"}],"version-history":[{"count":4,"href":"https:\/\/hu.life4oakforests.eu\/de\/wp-json\/wp\/v2\/pages\/1204\/revisions"}],"predecessor-version":[{"id":5672,"href":"https:\/\/hu.life4oakforests.eu\/de\/wp-json\/wp\/v2\/pages\/1204\/revisions\/5672"}],"wp:attachment":[{"href":"https:\/\/hu.life4oakforests.eu\/de\/wp-json\/wp\/v2\/media?parent=1204"}],"curies":[{"name":"wp","href":"https:\/\/api.w.org\/{rel}","templated":true}]}}