{"id":1196,"date":"2019-05-01T23:52:13","date_gmt":"2019-05-01T23:52:13","guid":{"rendered":"http:\/\/hu.life4oakforests.eu\/?page_id=1196"},"modified":"2019-10-01T00:16:26","modified_gmt":"2019-10-01T00:16:26","slug":"hullok","status":"publish","type":"page","link":"https:\/\/hu.life4oakforests.eu\/de\/hullok\/","title":{"rendered":"H\u00fcll\u0151k"},"content":{"rendered":"<div class=\"row\"> <div class=\"col-md-4\">\n<p style=\"text-align: center;\"><a href=\"http:\/\/hu.life4oakforests.eu\/zamenis-longissimus\/\"><strong>Erdei sikl\u00f3<\/strong><\/a><\/p>\n<p style=\"text-align: center;\"><em>(Zamenis longissimus)<\/em><\/p>\n<\/div><div class=\"col-md-4\">\n<p style=\"text-align: center;\"><a href=\"http:\/\/hu.life4oakforests.eu\/anguis-colchica\/\"><strong>K\u00e9kpettyes l\u00e1batlangy\u00edk<\/strong><\/a><\/p>\n<p style=\"text-align: center;\"><em>(Anguis colchica)<\/em><\/p>\n<\/div><div class=\"col-md-4\">\n<\/div><\/div>\n","protected":false},"excerpt":{"rendered":"","protected":false},"author":1,"featured_media":0,"parent":0,"menu_order":0,"comment_status":"closed","ping_status":"closed","template":"","meta":{"kt_blocks_editor_width":"","_monsterinsights_skip_tracking":false,"_monsterinsights_sitenote_active":false,"_monsterinsights_sitenote_note":"","_monsterinsights_sitenote_category":0,"footnotes":""},"class_list":["post-1196","page","type-page","status-publish","hentry"],"translation":{"provider":"WPGlobus","version":"3.0.1","language":"de","enabled_languages":["en","es","de","fr","ru"],"languages":{"en":{"title":true,"content":true,"excerpt":false},"es":{"title":false,"content":false,"excerpt":false},"de":{"title":false,"content":false,"excerpt":false},"fr":{"title":false,"content":false,"excerpt":false},"ru":{"title":false,"content":false,"excerpt":false}}},"aioseo_notices":[],"_links":{"self":[{"href":"https:\/\/hu.life4oakforests.eu\/de\/wp-json\/wp\/v2\/pages\/1196","targetHints":{"allow":["GET"]}}],"collection":[{"href":"https:\/\/hu.life4oakforests.eu\/de\/wp-json\/wp\/v2\/pages"}],"about":[{"href":"https:\/\/hu.life4oakforests.eu\/de\/wp-json\/wp\/v2\/types\/page"}],"author":[{"embeddable":true,"href":"https:\/\/hu.life4oakforests.eu\/de\/wp-json\/wp\/v2\/users\/1"}],"replies":[{"embeddable":true,"href":"https:\/\/hu.life4oakforests.eu\/de\/wp-json\/wp\/v2\/comments?post=1196"}],"version-history":[{"count":3,"href":"https:\/\/hu.life4oakforests.eu\/de\/wp-json\/wp\/v2\/pages\/1196\/revisions"}],"predecessor-version":[{"id":1493,"href":"https:\/\/hu.life4oakforests.eu\/de\/wp-json\/wp\/v2\/pages\/1196\/revisions\/1493"}],"wp:attachment":[{"href":"https:\/\/hu.life4oakforests.eu\/de\/wp-json\/wp\/v2\/media?parent=1196"}],"curies":[{"name":"wp","href":"https:\/\/api.w.org\/{rel}","templated":true}]}}