{"id":1179,"date":"2019-05-01T23:46:43","date_gmt":"2019-05-01T23:46:43","guid":{"rendered":"http:\/\/hu.life4oakforests.eu\/?page_id=1179"},"modified":"2023-10-03T11:22:09","modified_gmt":"2023-10-03T11:22:09","slug":"projekt-videok","status":"publish","type":"page","link":"https:\/\/hu.life4oakforests.eu\/de\/projekt-videok\/","title":{"rendered":"Projekt vide\u00f3k"},"content":{"rendered":"\n<h3 class=\"wp-block-heading\">2023 Projektvide\u00f3k<\/h3>\n\n\n\n<div class=\"wp-block-columns is-layout-flex wp-container-core-columns-is-layout-9d6595d7 wp-block-columns-is-layout-flex\">\n<div class=\"wp-block-column is-layout-flow wp-block-column-is-layout-flow\">\n<figure><iframe loading=\"lazy\" src=\"https:\/\/www.youtube.com\/embed\/FTWZ53Nus-Q?si=_fgBD2pmRCMTTRuc\" width=\"300\" height=\"200\"  title=\"YouTube video player\" frameborder=\"0\" allow=\"accelerometer; autoplay; clipboard-write; encrypted-media; gyroscope; picture-in-picture; web-share \"allowfullscreen><\/iframe><\/figure>\n<\/div>\n\n\n\n<div class=\"wp-block-column is-layout-flow wp-block-column-is-layout-flow\">\n<figure><iframe loading=\"lazy\" width=\"300\" height=\"200\" src=\"https:\/\/www.youtube.com\/embed\/FCaDmM6FBKo?si=sREdpxcBlEVJKYjf\" title=\"YouTube video player\" frameborder=\"0\" allow=\"accelerometer; autoplay; clipboard-write; encrypted-media; gyroscope; picture-in-picture; web-share \"allowfullscreen><\/iframe><\/figure>\n<\/div>\n\n\n\n<div class=\"wp-block-column is-layout-flow wp-block-column-is-layout-flow\"><\/div>\n<\/div>\n\n\n\n<h3 class=\"wp-block-heading\">2020 Projektvide\u00f3k<\/h3>\n\n\n\n<div class=\"wp-block-columns is-layout-flex wp-container-core-columns-is-layout-9d6595d7 wp-block-columns-is-layout-flex\">\n<div class=\"wp-block-column is-layout-flow wp-block-column-is-layout-flow\">\n<figure><iframe loading=\"lazy\" src=\"https:\/\/www.youtube.com\/embed\/XtjUcVy6AFs\" width=\"300\" height=\"200\" allowfullscreen=\"allowfullscreen\"><\/iframe><\/figure>\n<\/div>\n\n\n\n<div class=\"wp-block-column is-layout-flow wp-block-column-is-layout-flow\">\n<figure><iframe loading=\"lazy\" src=\"https:\/\/drive.google.com\/file\/d\/1gxQSa31aWmwqlrmn6wFBMlgutv_8C0Sl\/preview\" width=\"300\" height=\"200\" allowfullscreen=\"allowfullscreen\"><\/iframe><\/figure>\n<\/div>\n\n\n\n<div class=\"wp-block-column is-layout-flow wp-block-column-is-layout-flow\"><\/div>\n<\/div>\n\n\n\n<h3 class=\"wp-block-heading\">2019 Projektvide\u00f3k<\/h3>\n\n\n\n<div class=\"wp-block-columns has-3-columns is-layout-flex wp-container-core-columns-is-layout-9d6595d7 wp-block-columns-is-layout-flex\">\n<div class=\"wp-block-column is-layout-flow wp-block-column-is-layout-flow\">\n<figure><iframe loading=\"lazy\" src=\"https:\/\/drive.google.com\/file\/d\/1jVs_yxZ5l2AhV5XaRUxRG4o93LAayEL0\/preview\" width=\"300\" height=\"200\" allowfullscreen=\"allowfullscreen\"><\/iframe><\/figure>\n\n\n\n<p>\n\nLife4OakForests \u2013 \u00f6sszefog\u00e1s a t\u00f6lgyerd\u0151k\u00e9rt\n\n<\/p>\n\n\n\n<p>\n\n2019.02.26.\n\n<\/p>\n<\/div>\n\n\n\n<div class=\"wp-block-column is-layout-flow wp-block-column-is-layout-flow\">\n<figure><iframe loading=\"lazy\" src=\"https:\/\/www.youtube.com\/embed\/5r8_jATVVQk\" width=\"300\" height=\"200\" allowfullscreen=\"allowfullscreen\"><\/iframe><\/figure>\n\n\n\n<p> Ozone TV &#8211; Projekt riport<\/p>\n\n\n\n<p>2019.03.14.<\/p>\n<\/div>\n\n\n\n<div class=\"wp-block-column is-layout-flow wp-block-column-is-layout-flow\">\n<figure><iframe loading=\"lazy\" src=\"https:\/\/drive.google.com\/file\/d\/12VGcZEBLwxuF2jez7NURxWouJBnMc3FO\/preview\" width=\"300\" height=\"200\" allowfullscreen=\"allowfullscreen\"><\/iframe><\/figure>\n\n\n\n<p> K\u00e9k bolyg\u00f3 &#8211; M1 <\/p>\n\n\n\n<p> 2019.09.16. <\/p>\n<\/div>\n<\/div>\n\n\n\n<div class=\"wp-block-columns has-3-columns is-layout-flex wp-container-core-columns-is-layout-9d6595d7 wp-block-columns-is-layout-flex\">\n<div class=\"wp-block-column is-layout-flow wp-block-column-is-layout-flow\">\n\n\n<p> <\/p>\n<\/div>\n\n\n\n<div class=\"wp-block-column is-layout-flow wp-block-column-is-layout-flow\"><\/div>\n\n\n\n<div class=\"wp-block-column is-layout-flow wp-block-column-is-layout-flow\"><\/div>\n<\/div>\n\n\n\n<h3 class=\"wp-block-heading\">2018 Projektvide\u00f3k<\/h3>\n\n\n\n<div class=\"wp-block-columns has-3-columns is-layout-flex wp-container-core-columns-is-layout-9d6595d7 wp-block-columns-is-layout-flex\">\n<div class=\"wp-block-column is-layout-flow wp-block-column-is-layout-flow\">\n<figure><iframe loading=\"lazy\" src=\"https:\/\/www.youtube.com\/embed\/Npi2owZ2TQs\" width=\"300\" height=\"200\" allowfullscreen=\"allowfullscreen\"><\/iframe><\/figure>\n\n\n\n<p>\n\nFrank Tam\u00e1s &#8222;Life4oakforests projektbemutat\u00f3&#8220; OKEYLIFE projektnyit\u00f3 rendezv\u00e9ny\n\n<\/p>\n\n\n\n<p>\n\n2018.03.28.\n\n<\/p>\n<\/div>\n\n\n\n<div class=\"wp-block-column is-layout-flow wp-block-column-is-layout-flow\">\n<figure><iframe loading=\"lazy\" src=\"https:\/\/www.youtube.com\/embed\/C15VDHHglBo\" width=\"300\" height=\"200\" allowfullscreen=\"allowfullscreen\"><\/iframe><\/figure>\n\n\n\n<p>\n\nKoncz P\u00e9ter &#8222;Term\u00e9szetv\u00e9delmi kezel\u00e9si eszk\u00f6z\u00f6kkel az \u00e9letteli erd\u0151k\u00e9rt&#8220; OAKEYLIFE projektnyit\u00f3 rendezv\u00e9ny\n\n<\/p>\n\n\n\n<p>\n\n2018.03.28.\n\n<\/p>\n<\/div>\n\n\n\n<div class=\"wp-block-column is-layout-flow wp-block-column-is-layout-flow\">\n<figure><iframe loading=\"lazy\" src=\"https:\/\/www.youtube.com\/embed\/x8wsZqB759U\" width=\"300\" height=\"200\" allowfullscreen=\"allowfullscreen\"><\/iframe><\/figure>\n\n\n\n<p>\n\n\u00daJBUDAI MOZAIK: 60 \u00e9ve \u00e1ll oltalom alatt a Sas-hegy &#8211; \u00daj Buda TV\n\n<\/p>\n\n\n\n<p>\n\n2018.10.15.\n\n<\/p>\n<\/div>\n<\/div>\n","protected":false},"excerpt":{"rendered":"<p>2023 Projektvide\u00f3k 2020 Projektvide\u00f3k 2019 Projektvide\u00f3k Life4OakForests \u2013 \u00f6sszefog\u00e1s a t\u00f6lgyerd\u0151k\u00e9rt 2019.02.26. Ozone TV &#8211; Projekt riport 2019.03.14. K\u00e9k bolyg\u00f3 &#8211; M1 2019.09.16. 2018 Projektvide\u00f3k Frank Tam\u00e1s &#8222;Life4oakforests projektbemutat\u00f3&#8220; OKEYLIFE projektnyit\u00f3 rendezv\u00e9ny 2018.03.28. Koncz P\u00e9ter &#8222;Term\u00e9szetv\u00e9delmi kezel\u00e9si eszk\u00f6z\u00f6kkel az \u00e9letteli &hellip; <a href=\"https:\/\/hu.life4oakforests.eu\/de\/projekt-videok\/\">Weiterlesen<\/a><\/p>\n","protected":false},"author":1,"featured_media":0,"parent":0,"menu_order":0,"comment_status":"closed","ping_status":"closed","template":"","meta":{"kt_blocks_editor_width":"","_monsterinsights_skip_tracking":false,"_monsterinsights_sitenote_active":false,"_monsterinsights_sitenote_note":"","_monsterinsights_sitenote_category":0,"footnotes":""},"class_list":["post-1179","page","type-page","status-publish","hentry"],"translation":{"provider":"WPGlobus","version":"3.0.1","language":"de","enabled_languages":["en","es","de","fr","ru"],"languages":{"en":{"title":true,"content":true,"excerpt":false},"es":{"title":false,"content":false,"excerpt":false},"de":{"title":false,"content":false,"excerpt":false},"fr":{"title":false,"content":false,"excerpt":false},"ru":{"title":false,"content":false,"excerpt":false}}},"aioseo_notices":[],"_links":{"self":[{"href":"https:\/\/hu.life4oakforests.eu\/de\/wp-json\/wp\/v2\/pages\/1179","targetHints":{"allow":["GET"]}}],"collection":[{"href":"https:\/\/hu.life4oakforests.eu\/de\/wp-json\/wp\/v2\/pages"}],"about":[{"href":"https:\/\/hu.life4oakforests.eu\/de\/wp-json\/wp\/v2\/types\/page"}],"author":[{"embeddable":true,"href":"https:\/\/hu.life4oakforests.eu\/de\/wp-json\/wp\/v2\/users\/1"}],"replies":[{"embeddable":true,"href":"https:\/\/hu.life4oakforests.eu\/de\/wp-json\/wp\/v2\/comments?post=1179"}],"version-history":[{"count":21,"href":"https:\/\/hu.life4oakforests.eu\/de\/wp-json\/wp\/v2\/pages\/1179\/revisions"}],"predecessor-version":[{"id":2326,"href":"https:\/\/hu.life4oakforests.eu\/de\/wp-json\/wp\/v2\/pages\/1179\/revisions\/2326"}],"wp:attachment":[{"href":"https:\/\/hu.life4oakforests.eu\/de\/wp-json\/wp\/v2\/media?parent=1179"}],"curies":[{"name":"wp","href":"https:\/\/api.w.org\/{rel}","templated":true}]}}