{"id":1171,"date":"2019-05-01T23:39:49","date_gmt":"2019-05-01T23:39:49","guid":{"rendered":"http:\/\/hu.life4oakforests.eu\/?page_id=1171"},"modified":"2023-10-02T13:37:48","modified_gmt":"2023-10-02T13:37:48","slug":"projektkimenetek","status":"publish","type":"page","link":"https:\/\/hu.life4oakforests.eu\/de\/projektkimenetek\/","title":{"rendered":"Projekteredm\u00e9nyek"},"content":{"rendered":"\n<div class=\"wp-block-columns is-layout-flex wp-container-core-columns-is-layout-9d6595d7 wp-block-columns-is-layout-flex\">\n<div class=\"wp-block-column is-layout-flow wp-block-column-is-layout-flow\">\n<h3 class=\"wp-block-heading\">2023<\/h3>\n\n\n\n<p><a href=\"https:\/\/hu.life4oakforests.eu\/projekt-videok\/\">LIFE OAK Forests Anim\u00e1ci\u00f3s Film (2023)<\/a><\/p>\n<\/div>\n\n\n\n<div class=\"wp-block-column is-layout-flow wp-block-column-is-layout-flow\">\n<h3 class=\"wp-block-heading\">2022<\/h3>\n<\/div>\n\n\n\n<div class=\"wp-block-column is-layout-flow wp-block-column-is-layout-flow\">\n<h3 class=\"wp-block-heading\">2021<\/h3>\n\n\n\n<p><a href=\"https:\/\/drive.google.com\/file\/d\/1rYvbb4rxCmJmhBg1Wbit4jgscHnduHKE\/view?usp=sharing\">&#8211; LIFE16NAT\/IT\/000245 \u201eConservation management tools for increasing structural and compositional biodiversity in Natura2000 oak forests\u201d project<br>Kezel\u00e9si \u00fatmutat\u00f3 \u2013 Tervezett term\u00e9szetv\u00e9delmi kezel\u00e9si beavatkoz\u00e1sok t\u00e1bl\u00e1zata Version \u20191\u2019<br>\u00d6ssze\u00e1ll\u00edtotta: Aszal\u00f3s R\u00e9ka, B\u00f6l\u00f6ni J\u00e1nos, Frank Tam\u00e1s, Vers J\u00f3zsef<br>be\u00e9p\u00edtve Koncz P\u00e9ter, Baranyai Zsolt javaslatai 2020. m\u00e1jus<\/a><\/p>\n\n\n\n<p><a href=\"https:\/\/drive.google.com\/file\/d\/1lBj8V_hnwcGhX8FKSM7A4fMk7WBBzU6P\/view?usp=sharing\">&#8211; \u201eA term\u00e9szetv\u00e9delmi erd\u0151kezel\u00e9sben alkalmazand\u00f3 f\u00e1ssz\u00e1r\u00faak magj\u00e1nak \u00e9s makkj\u00e1nak alkalmaz\u00e1sa, seg\u00e9dlet \u2013 \u00f6ssze\u00e1ll\u00edtotta: Frank Tam\u00e1s\u201d<\/a><\/p>\n\n\n\n<p><a href=\"https:\/\/drive.google.com\/file\/d\/18pHnPm5_hEfvJksLxyv0nakgpXG5zndW\/view?usp=sharing\">&#8211; K\u00f6zel az erd\u0151h\u00f6z<br>Kultur\u00e1lis \u00f6kosziszt\u00e9ma-szolg\u00e1ltat\u00e1sok, ahogy a helyiek meg\u00e9lik<br>Close to the forests \u2013 The cultural ecosystem services from the perspective of local people<br>Deliverable of D.2 activity<\/a><\/p>\n<\/div>\n<\/div>\n\n\n\n<p><\/p>\n\n\n\n<p><\/p>\n\n\n\n<div class=\"wp-block-columns is-layout-flex wp-container-core-columns-is-layout-9d6595d7 wp-block-columns-is-layout-flex\">\n<div class=\"wp-block-column is-layout-flow wp-block-column-is-layout-flow\">\n<h3 class=\"wp-block-heading\">2020<\/h3>\n\n\n\n<p><a href=\"https:\/\/drive.google.com\/file\/d\/1zBXilWam3DQuWmYfKQ_HFR7ni9pNAvVR\/view?usp=sharing\">&#8211; Referenciak\u00e9nt felm\u00e9rt t\u00f6lgy \u00e1llom\u00e1nyok adatainak vizsg\u00e1lata \u00d6sszefoglal\u00e1s, valamint GIS .shp adatb\u00e1zis with English summary of report of old-growth forests survey in Hungary including the GIS shp data (Deliverable of A1.3 sub-action)<\/a><\/p>\n\n\n\n<p><a href=\"https:\/\/drive.google.com\/file\/d\/1tq5wgDWmzHFjUcC7L49dSggyaQS1EnXW\/view?usp=sharing\">&#8211; Pusztai t\u00f6lgyesek Nagyk\u0151r\u00f6s\u00f6n: gyepes erd\u0151k erd\u0151s gyepekkel vegy\u00edtve<\/a><\/p>\n\n\n\n<p><a href=\"https:\/\/drive.google.com\/file\/d\/1BHfKZacLYJ7YvaJpXJeWbJFM2ZbEZ7Gh\/view?usp=sharing\">&#8211; Feketefeny\u0151 visszaszor\u00edt\u00e1s a Sz\u00e9n\u00e1s-hegycsoport Eur\u00f3pa Diplom\u00e1s Ter\u00fcleten<\/a><\/p>\n\n\n\n<p><a href=\"https:\/\/drive.google.com\/file\/d\/1-PB7Dj2Xh7p4bjCPq5L7Z961qoeFRyGT\/view?usp=sharing\">&#8211; Erd\u0151szerkezet gazdag\u00edt\u00e1s az \u00d3csai T\u00e1jv\u00e9delmi K\u00f6rzetben<\/a><\/p>\n\n\n\n<p><a href=\"https:\/\/drive.google.com\/file\/d\/11PAMuVLUgySa-OstWwBIXj_gjjYPcSW9\/view?usp=sharing\">&#8211; Di\u00f3sjen\u0151 82N erd\u0151r\u00e9szlet term\u00e9szetv\u00e9delmi erd\u0151kezel\u00e9se<\/a><\/p>\n\n\n\n<p><a href=\"https:\/\/drive.google.com\/file\/d\/1sguYoSG4UBCTqu8CnCvumsJPNtaWn2Du\/view?usp=sharing\">&#8211; Erd\u0151b\u00f6ng\u00e9sz\u0151 f\u00fczet (HU) (Deliverable of E.2.1.)<\/a><\/p>\n\n\n\n<p>&#8211; Infografika sorozat a term\u00e9szetes erd\u0151k \u00f6kosziszt\u00e9ma szolg\u00e1ltat\u00e1sair\u00f3l (<a href=\"http:\/\/www.life4oakforests.eu\/wp-content\/uploads\/2020\/05\/WWF_L4Oak_infografika_1-1024x664.jpg\">Infografika 1<\/a>, <a href=\"http:\/\/www.life4oakforests.eu\/wp-content\/uploads\/2020\/05\/WWF_L4Oak_infografika_2-1024x664.jpg\">Infografika 2<\/a>, <a href=\"http:\/\/www.life4oakforests.eu\/wp-content\/uploads\/2020\/05\/WWF_L4Oak_infografika_3-1024x664.jpg\">Infografika 3<\/a> ) A sorozat elemei egyben, eredeti m\u00e9retben is let\u00f6lthet\u0151ek <a href=\"https:\/\/drive.google.com\/file\/d\/14R5dSj71NTxDhOQKqp9NzN5sWkKF02FP\/view?usp=sharing\">innen<\/a>.  <\/p>\n\n\n\n<p><a href=\"https:\/\/drive.google.com\/file\/d\/1we71CfMCYtQ19OHOHgJ_TU4UBK5r1sGA\/view?usp=sharing\">&#8211;  Erd\u0151b\u00f6ng\u00e9sz\u0151 \u00f3rav\u00e1zlat<\/a><\/p>\n\n\n\n<p><a href=\"https:\/\/drive.google.com\/file\/d\/1JuBuHqYuM8IhmFDct5Ung-XTRDwWI-ef\/view?usp=sharing\">&#8211; Erd\u0151b\u00f6ng\u00e9sz\u0151 foglalkoztat\u00f3 f\u00fczet &#8211; prezent\u00e1ci\u00f3<\/a><\/p>\n\n\n\n<p><a href=\"https:\/\/drive.google.com\/file\/d\/1njmk9zrZ-u0910j828AkZ9l9vzk_rFNc\/view?usp=sharing\">&#8211; Az erdei \u00f6kosziszt\u00e9m\u00e1k szolg\u00e1ltat\u00e1sai <\/a>  <\/p>\n\n\n\n<p><a href=\"https:\/\/drive.google.com\/file\/d\/1eJMF1FNdLYSubY0o9s9svzIBrktHcNys\/view?usp=sharing\">&#8211; Magas term\u00e9szeti \u00e9rt\u00e9k\u0171 \u201eszent\u00e9lyerd\u0151k\u201d azonos\u00edt\u00e1s\u00e1hoz felhaszn\u00e1lhat\u00f3 szempontrendszer \u00f6ssze\u00e1ll\u00edt\u00e1sa, a felhaszn\u00e1lhat\u00f3 adatok azonos\u00edt\u00e1sa, tesztel\u00e9se, elemz\u00e9se, javaslatok a gyakorlati c\u00e9l\u00fa felhaszn\u00e1l\u00e1sra<\/a><\/p>\n\n\n\n<p><a href=\"https:\/\/drive.google.com\/file\/d\/1b5StM153vm6nx8mw9gO-L-tIn9NW98cI\/view?usp=sharing\">t\u00e9rk\u00e9pek le\u00edr\u00e1sa<\/a> (<a href=\"https:\/\/drive.google.com\/file\/d\/1Dye0ih-yzvujneBNlucBF3vx5-hjb5Yu\/view?usp=sharing\">N\u00d6SZTOP<\/a>, <a href=\"https:\/\/drive.google.com\/file\/d\/1iDO7Y25OzE4BwvxzLXbWxQQkRq0e5DLG\/view?usp=sharing\">STANDY Select GEO<\/a>, <a href=\"https:\/\/drive.google.com\/file\/d\/1zT29LvLD24CgTH8CJHVIAsK51b9H1Sfw\/view?usp=sharing\">\u00c1LLAPOT_Select GEO<\/a>, <a href=\"https:\/\/drive.google.com\/file\/d\/1FKxyc1QrvZKjfblug5NdDX-mzU2UtzJS\/view?usp=sharing\">NP LIST<\/a>, <a href=\"https:\/\/drive.google.com\/file\/d\/1kiujlnGwr3Mpzg3oT43Yh1yBAaEOInID\/view?usp=sharing\">HOTSPOT<\/a>, <a href=\"https:\/\/drive.google.com\/file\/d\/1A_ly5ANLCC5cl_IOhNWNMw4CewVff1Fu\/view?usp=sharing\">FANE<\/a> )<\/p>\n<\/div>\n\n\n\n<div class=\"wp-block-column is-layout-flow wp-block-column-is-layout-flow\">\n<h3 class=\"wp-block-heading\"><\/h3>\n<\/div>\n\n\n\n<div class=\"wp-block-column is-layout-flow wp-block-column-is-layout-flow\">\n<h3 class=\"wp-block-heading\"><\/h3>\n\n\n\n<p><\/p>\n<\/div>\n<\/div>\n\n\n\n<p><\/p>\n","protected":false},"excerpt":{"rendered":"<p>2023 LIFE OAK Forests Anim\u00e1ci\u00f3s Film (2023) 2022 2021 &#8211; LIFE16NAT\/IT\/000245 \u201eConservation management tools for increasing structural and compositional biodiversity in Natura2000 oak forests\u201d projectKezel\u00e9si \u00fatmutat\u00f3 \u2013 Tervezett term\u00e9szetv\u00e9delmi kezel\u00e9si beavatkoz\u00e1sok t\u00e1bl\u00e1zata Version \u20191\u2019\u00d6ssze\u00e1ll\u00edtotta: Aszal\u00f3s R\u00e9ka, B\u00f6l\u00f6ni J\u00e1nos, Frank Tam\u00e1s, &hellip; <a href=\"https:\/\/hu.life4oakforests.eu\/de\/projektkimenetek\/\">Weiterlesen<\/a><\/p>\n","protected":false},"author":1,"featured_media":0,"parent":0,"menu_order":0,"comment_status":"closed","ping_status":"closed","template":"","meta":{"kt_blocks_editor_width":"","_monsterinsights_skip_tracking":false,"_monsterinsights_sitenote_active":false,"_monsterinsights_sitenote_note":"","_monsterinsights_sitenote_category":0,"footnotes":""},"class_list":["post-1171","page","type-page","status-publish","hentry"],"translation":{"provider":"WPGlobus","version":"3.0.1","language":"de","enabled_languages":["en","es","de","fr","ru"],"languages":{"en":{"title":true,"content":true,"excerpt":false},"es":{"title":false,"content":false,"excerpt":false},"de":{"title":false,"content":false,"excerpt":false},"fr":{"title":false,"content":false,"excerpt":false},"ru":{"title":false,"content":false,"excerpt":false}}},"aioseo_notices":[],"_links":{"self":[{"href":"https:\/\/hu.life4oakforests.eu\/de\/wp-json\/wp\/v2\/pages\/1171","targetHints":{"allow":["GET"]}}],"collection":[{"href":"https:\/\/hu.life4oakforests.eu\/de\/wp-json\/wp\/v2\/pages"}],"about":[{"href":"https:\/\/hu.life4oakforests.eu\/de\/wp-json\/wp\/v2\/types\/page"}],"author":[{"embeddable":true,"href":"https:\/\/hu.life4oakforests.eu\/de\/wp-json\/wp\/v2\/users\/1"}],"replies":[{"embeddable":true,"href":"https:\/\/hu.life4oakforests.eu\/de\/wp-json\/wp\/v2\/comments?post=1171"}],"version-history":[{"count":17,"href":"https:\/\/hu.life4oakforests.eu\/de\/wp-json\/wp\/v2\/pages\/1171\/revisions"}],"predecessor-version":[{"id":2141,"href":"https:\/\/hu.life4oakforests.eu\/de\/wp-json\/wp\/v2\/pages\/1171\/revisions\/2141"}],"wp:attachment":[{"href":"https:\/\/hu.life4oakforests.eu\/de\/wp-json\/wp\/v2\/media?parent=1171"}],"curies":[{"name":"wp","href":"https:\/\/api.w.org\/{rel}","templated":true}]}}