{"id":1115,"date":"2019-05-01T21:12:18","date_gmt":"2019-05-01T21:12:18","guid":{"rendered":"http:\/\/hu.life4oakforests.eu\/?page_id=1115"},"modified":"2026-02-10T08:48:39","modified_gmt":"2026-02-10T08:48:39","slug":"erintett-szereplok-es-a-celkozonseg","status":"publish","type":"page","link":"https:\/\/hu.life4oakforests.eu\/de\/erintett-szereplok-es-a-celkozonseg\/","title":{"rendered":"\u00c9rintett szerepl\u0151k \u00e9s a c\u00e9lk\u00f6z\u00f6ns\u00e9g"},"content":{"rendered":"<div class=\"row\"> <div class=\"col-md-2\">\n<\/div><div class=\"col-md-8\">\n<h5><span style=\"font-weight: 400;\">Magyarorsz\u00e1gon<\/span><\/h5>\n<p><span style=\"font-weight: 400;\">A projekt <\/span><b>nemzeti parki v\u00e9dett, NATURA 2000 <\/b><span style=\"font-weight: 400;\">ter\u00fcleteken val\u00f3sul meg. A kezel\u00e9seket a <\/span><b>szakmai k\u00f6z\u00f6ns\u00e9g <\/b><span style=\"font-weight: 400;\">sz\u00e1m\u00e1ra terepi bej\u00e1r\u00e1sok, f\u00f3rumok keret\u00e9ben mutatjuk be. Egyes kezel\u00e9sekben szervezett<\/span><b> iskol\u00e1s csoportok<\/b><span style=\"font-weight: 400;\">, <\/span><b>\u00f6nk\u00e9ntesek <\/b><span style=\"font-weight: 400;\">is r\u00e9szt vesznek, \u00edgy els\u0151 k\u00e9zb\u0151l tanulhatj\u00e1k meg a term\u00e9szetv\u00e9delmi erd\u0151kezel\u00e9sek fort\u00e9lyait.\u00a0<\/span><\/p>\n<p><span style=\"font-weight: 400;\">Sz\u00e1mos projekt ter\u00fcleten <\/span><b>turista \u00fat<\/b><span style=\"font-weight: 400;\"> halad \u00e1t, ahol a kir\u00e1ndul\u00f3k kihelyezett inform\u00e1ci\u00f3s t\u00e1bl\u00e1k seg\u00edts\u00e9g\u00e9vel t\u00e1j\u00e9koz\u00f3dhatnak a kezel\u00e9sekr\u0151l.\u00a0<\/span><\/p>\n<p><span style=\"font-weight: 400;\">A projektben k\u00f6zvetlen\u00fcl \u00e9rintettek azok a <\/span><b>f\u00f6ldtulajdonosok<\/b><span style=\"font-weight: 400;\">, akik erdeiket eladj\u00e1k a nemzeti parkok \u00e1ltal v\u00e9gzett term\u00e9szetv\u00e9delmi kezel\u00e9s \u00e9rdek\u00e9ben. Az erd\u0151kezel\u00e9sek megval\u00f3s\u00edt\u00e1s\u00e1ban (pl. invaz\u00edv irt\u00e1s, ker\u00edt\u00e9s \u00e9p\u00edt\u00e9s, csemete \u00fcltet\u00e9s) a helyi k\u00f6z\u00f6ss\u00e9gek, <\/span><b>v\u00e1llalkoz\u00f3k <\/b><span style=\"font-weight: 400;\">is r\u00e9szt vesznek. Ez k\u00fcl\u00f6n\u00f6sen az \u00e9szakkeleti r\u00e9gi\u00f3ban fontos, ahol magas a munkan\u00e9lk\u00fclis\u00e9g.<\/span><span style=\"font-weight: 400;\"><br \/>\n<\/span><span style=\"font-weight: 400;\">\u00a0<\/span><\/p>\n<h5><span style=\"font-weight: 400;\">Olaszorsz\u00e1gban<\/span><\/h5>\n<p><span style=\"font-weight: 400;\">Az erd\u0151k helyre\u00e1ll\u00edt\u00e1sa nemcsak a <\/span><b>szakemberek<\/b><span style=\"font-weight: 400;\">, hanem a <\/span><b>turist\u00e1k <\/b><span style=\"font-weight: 400;\">sz\u00e1m\u00e1ra is \u00e9rdekes lehet. A <\/span><b>t\u00f6lgyerd\u0151k <\/b><span style=\"font-weight: 400;\">a hagyom\u00e1nyos t\u00e1jk\u00e9p r\u00e9szei. Ezeket sokkal t\u00f6bbre \u00e9rt\u00e9kelik a turist\u00e1k, mint az egyes projektter\u00fcleten is tal\u00e1lhat\u00f3 mesters\u00e9ges <\/span><b>feny\u0151 erd\u0151ket. <\/b><span style=\"font-weight: 400;\">K\u00fcl\u00f6n\u00f6sen fontos idegenforgalmi szempont mivel a turist\u00e1k fele k\u00fclf\u00f6ldi. A sz\u00e1razs\u00e1g miatt a feny\u0151erd\u0151k t\u0171zvesz\u00e9lyesek, \u00edgy lecser\u00e9l\u00e9s\u00fcket a helyi polg\u00e1rmesterek is t\u00e1mogatj\u00e1k.<\/span><\/p>\n<p><span style=\"font-weight: 400;\">A term\u00e9szetes t\u00f6lgyesek hat\u00e9konyabban k\u00e9pesek a talajt megk\u00f6tni \u00e9s a vizet sz\u0171rni, \u00edgy rendk\u00edv\u00fcl fontosak az <\/span><b>er\u00f3zi\u00f3 cs\u00f6kkent\u00e9s\u00e9ben<\/b><span style=\"font-weight: 400;\"> \u00e9s a projektter\u00fcletek alatt l\u00e9v\u0151 <\/span><b>barlangok v\u00e9delm\u00e9ben<\/b><span style=\"font-weight: 400;\">.<\/span><span style=\"font-weight: 400;\"><br \/>\n<\/span><span style=\"font-weight: 400;\">A projektben els\u0151dlegesen az <\/span><b>erd\u00e9szeti \u00e9s term\u00e9szetv\u00e9delmi hat\u00f3s\u00e1gok<\/b><span style=\"font-weight: 400;\"> (\u00e1llami \u00e9s mag\u00e1n erd\u0151gazdas\u00e1gok), term\u00e9szetv\u00e9d\u0151k az \u00e9rintettek, de l\u00e1that\u00f3, hogy a projekt a sz\u00e9lesebb <\/span><b>szakma <\/b><span style=\"font-weight: 400;\">(botanikusok, zool\u00f3gusok, kutat\u00f3k, iskol\u00e1sok) \u00e9s az <\/span><b>\u00e9rdekl\u0151d\u0151k <\/b><span style=\"font-weight: 400;\">(civil szervezetek, helyi k\u00f6z\u00f6ss\u00e9gek, nyilv\u00e1noss\u00e1g) sz\u00e1m\u00e1ra is ny\u00fajt \u00faj \u00e9s hasznos inform\u00e1ci\u00f3kat.<\/span><\/p>\n<\/div><div class=\"col-md-4\">\n<\/div><\/div>\n<div><\/div>\n<div><\/div>\n<div><\/div>\n<div><\/div>\n<div><\/div>\n<div><\/div>\n<div style=\"\u201dwidth: 50%; padding: 0;\"><\/div>\n","protected":false},"excerpt":{"rendered":"","protected":false},"author":1,"featured_media":0,"parent":0,"menu_order":0,"comment_status":"closed","ping_status":"closed","template":"","meta":{"kt_blocks_editor_width":"","_monsterinsights_skip_tracking":false,"_monsterinsights_sitenote_active":false,"_monsterinsights_sitenote_note":"","_monsterinsights_sitenote_category":0,"footnotes":""},"class_list":["post-1115","page","type-page","status-publish","hentry"],"translation":{"provider":"WPGlobus","version":"3.0.1","language":"de","enabled_languages":["en","es","de","fr","ru"],"languages":{"en":{"title":true,"content":true,"excerpt":false},"es":{"title":false,"content":false,"excerpt":false},"de":{"title":false,"content":false,"excerpt":false},"fr":{"title":false,"content":false,"excerpt":false},"ru":{"title":false,"content":false,"excerpt":false}}},"aioseo_notices":[],"_links":{"self":[{"href":"https:\/\/hu.life4oakforests.eu\/de\/wp-json\/wp\/v2\/pages\/1115","targetHints":{"allow":["GET"]}}],"collection":[{"href":"https:\/\/hu.life4oakforests.eu\/de\/wp-json\/wp\/v2\/pages"}],"about":[{"href":"https:\/\/hu.life4oakforests.eu\/de\/wp-json\/wp\/v2\/types\/page"}],"author":[{"embeddable":true,"href":"https:\/\/hu.life4oakforests.eu\/de\/wp-json\/wp\/v2\/users\/1"}],"replies":[{"embeddable":true,"href":"https:\/\/hu.life4oakforests.eu\/de\/wp-json\/wp\/v2\/comments?post=1115"}],"version-history":[{"count":2,"href":"https:\/\/hu.life4oakforests.eu\/de\/wp-json\/wp\/v2\/pages\/1115\/revisions"}],"predecessor-version":[{"id":8516,"href":"https:\/\/hu.life4oakforests.eu\/de\/wp-json\/wp\/v2\/pages\/1115\/revisions\/8516"}],"wp:attachment":[{"href":"https:\/\/hu.life4oakforests.eu\/de\/wp-json\/wp\/v2\/media?parent=1115"}],"curies":[{"name":"wp","href":"https:\/\/api.w.org\/{rel}","templated":true}]}}