{"id":1105,"date":"2019-05-01T21:00:10","date_gmt":"2019-05-01T21:00:10","guid":{"rendered":"http:\/\/hu.life4oakforests.eu\/?page_id=1105"},"modified":"2019-05-01T21:00:10","modified_gmt":"2019-05-01T21:00:10","slug":"alapadatok-es-penzugyi-adatok","status":"publish","type":"page","link":"https:\/\/hu.life4oakforests.eu\/de\/alapadatok-es-penzugyi-adatok\/","title":{"rendered":"Alapadatok \u00e9s p\u00e9nz\u00fcgyi adatok"},"content":{"rendered":"<div class=\"row\"> <div class=\"col-md-2\">\n<\/div><div class=\"col-md-8\">\nProjekt id\u0151tartam: 2017. 07. 01. \u2013 2026. 12. 31.<br \/>\nTeljes projektk\u00f6lts\u00e9g: 7,980,586 \u20ac<br \/>\nEU p\u00e9nz\u00fcgyi t\u00e1mogat\u00e1s: 73.87% (5,895,289 \u20ac)<br \/>\nT\u00e1rsfinansz\u00edroz\u00f3i t\u00e1mogat\u00e1s: 8.89% (709,405 \u20ac)<br \/>\nKoordin\u00e1l\u00f3 kedvezm\u00e9nyezett:  Ente di gestione per i Parchi e la Biodiversit\u00e0-Romagna (Olaszorsz\u00e1g)<br \/>\nT\u00e1rsult kedvezm\u00e9nyezettek: Balaton-felvid\u00e9ki Nemzeti Park Igazgat\u00f3s\u00e1g, B\u00fckki Nemzeti Park Igazgat\u00f3s\u00e1g, Duna-Ipoly Nemzeti Park Igazgat\u00f3s\u00e1g, MTA \u00d6kol\u00f3giai Kutat\u00f3k\u00f6zpont, ETTE, WWF Magyarorsz\u00e1g<br \/>\nT\u00e1rsfinansz\u00edroz\u00f3: Magyar F\u00f6ldm\u0171vel\u00e9s\u00fcgyi Miniszt\u00e9rium<\/p>\n<p>&nbsp;<\/p>\n<p>&nbsp;<\/p>\n<p>&nbsp;<\/p>\n<p>&nbsp;<\/p>\n<p>&nbsp;<\/p>\n<p>&nbsp;<\/p>\n<\/div><div class=\"col-md-4\">\n<\/div><\/div>\n","protected":false},"excerpt":{"rendered":"","protected":false},"author":1,"featured_media":0,"parent":0,"menu_order":0,"comment_status":"closed","ping_status":"closed","template":"","meta":{"kt_blocks_editor_width":"","_monsterinsights_skip_tracking":false,"_monsterinsights_sitenote_active":false,"_monsterinsights_sitenote_note":"","_monsterinsights_sitenote_category":0,"footnotes":""},"class_list":["post-1105","page","type-page","status-publish","hentry"],"translation":{"provider":"WPGlobus","version":"3.0.1","language":"de","enabled_languages":["en","es","de","fr","ru"],"languages":{"en":{"title":true,"content":true,"excerpt":false},"es":{"title":false,"content":false,"excerpt":false},"de":{"title":false,"content":false,"excerpt":false},"fr":{"title":false,"content":false,"excerpt":false},"ru":{"title":false,"content":false,"excerpt":false}}},"aioseo_notices":[],"_links":{"self":[{"href":"https:\/\/hu.life4oakforests.eu\/de\/wp-json\/wp\/v2\/pages\/1105","targetHints":{"allow":["GET"]}}],"collection":[{"href":"https:\/\/hu.life4oakforests.eu\/de\/wp-json\/wp\/v2\/pages"}],"about":[{"href":"https:\/\/hu.life4oakforests.eu\/de\/wp-json\/wp\/v2\/types\/page"}],"author":[{"embeddable":true,"href":"https:\/\/hu.life4oakforests.eu\/de\/wp-json\/wp\/v2\/users\/1"}],"replies":[{"embeddable":true,"href":"https:\/\/hu.life4oakforests.eu\/de\/wp-json\/wp\/v2\/comments?post=1105"}],"version-history":[{"count":1,"href":"https:\/\/hu.life4oakforests.eu\/de\/wp-json\/wp\/v2\/pages\/1105\/revisions"}],"predecessor-version":[{"id":1107,"href":"https:\/\/hu.life4oakforests.eu\/de\/wp-json\/wp\/v2\/pages\/1105\/revisions\/1107"}],"wp:attachment":[{"href":"https:\/\/hu.life4oakforests.eu\/de\/wp-json\/wp\/v2\/media?parent=1105"}],"curies":[{"name":"wp","href":"https:\/\/api.w.org\/{rel}","templated":true}]}}