{"id":1101,"date":"2019-05-01T20:57:07","date_gmt":"2019-05-01T20:57:07","guid":{"rendered":"http:\/\/hu.life4oakforests.eu\/?page_id=1101"},"modified":"2025-03-06T09:40:47","modified_gmt":"2025-03-06T09:40:47","slug":"altalanos-informaciok-2","status":"publish","type":"page","link":"https:\/\/hu.life4oakforests.eu\/de\/altalanos-informaciok-2\/","title":{"rendered":"Inform\u00e1ci\u00f3k, adatok"},"content":{"rendered":"<div class=\"row\"> <div class=\"col-md-2\">\n<\/div><div class=\"col-md-8\">\n<h5 style=\"text-align: center;\"><strong>Term\u00e9szetv\u00e9delmi eszk\u00f6z\u00f6k a Natura2000 t\u00f6lgyerd\u0151k szerkezeti \u00e9s kompoz\u00edci\u00f3s biodiverzit\u00e1s\u00e1nak n\u00f6vel\u00e9s\u00e9re<\/strong><\/h5>\n<p>Az intenz\u00edv emberi haszn\u00e1lat k\u00f6vetkezt\u00e9ben a t\u00f6lgyes erd\u0151kben cs\u00f6kken a biol\u00f3giai sokf\u00e9les\u00e9g. A LIFE4OAKFORESTS projekt c\u00e9lja term\u00e9szetv\u00e9delmi erd\u0151kezel\u00e9si beavatkoz\u00e1sokkal ennek a folyamatnak a megford\u00edt\u00e1sa. A projekt c\u00e9lja az erd\u0151 regener\u00e1ci\u00f3j\u00e1nak el\u0151seg\u00edt\u00e9se, valamint a v\u00e1ltozatos erd\u0151szerkezet, az \u0151shonos fafaj\u00f6sszet\u00e9tel, \u00e9s a mikro\u00e9l\u0151helyek helyre\u00e1ll\u00edt\u00e1sa. Ennek eredm\u00e9nyek\u00e9nt meg\u0151rz\u0151dik \u00e9s n\u00f6vekszik a v\u00e9dett erdei eml\u0151s\u00f6k, madarak, rovarok, n\u00f6v\u00e9nyek \u00e9s gomb\u00e1k \u00e1llom\u00e1nya. A projekt az Eur\u00f3pai Uni\u00f3 LIFE programj\u00e1nak t\u00e1rsfinansz\u00edroz\u00e1s\u00e1val val\u00f3sul meg.<\/p>\n<p><strong>Projekt id\u0151tartam<\/strong>:\u00a0 \u00a0 \u00a0 \u00a0 \u00a0 \u00a0 \u00a0 \u00a0 \u00a0 \u00a0 \u00a02017. 07. 01. \u2013 2026. 12. 31.<br \/>\n<strong>Teljes projektk\u00f6lts\u00e9g:<\/strong>\u00a0 \u00a0 \u00a0 \u00a0 \u00a0 \u00a0 \u00a0 \u00a07,980,586 \u20ac<br \/>\n<strong>EU p\u00e9nz\u00fcgyi t\u00e1mogat\u00e1s:<\/strong>\u00a0 \u00a0 \u00a0 \u00a0 \u00a0 \u00a073.87% (5,895,289 \u20ac)<br \/>\n<strong>T\u00e1rsfinansz\u00edroz\u00f3i t\u00e1mogat\u00e1s:<\/strong> 8.89% (709,405 \u20ac)<br \/>\n<strong>Koordin\u00e1l\u00f3 kedvezm\u00e9nyezett:<\/strong> Ente di gestione per i Parchi e la Biodiversit\u00e0-Romagna (Olaszorsz\u00e1g)<br \/>\n<strong>T\u00e1rsult kedvezm\u00e9nyezettek:<\/strong>\u00a0 \u00a0 Balaton-felvid\u00e9ki Nemzeti Park Igazgat\u00f3s\u00e1g, B\u00fckki Nemzeti Park Igazgat\u00f3s\u00e1g,\u00a0 \u00a0 \u00a0 \u00a0 \u00a0 \u00a0 \u00a0 \u00a0 \u00a0 \u00a0 \u00a0 \u00a0 \u00a0 \u00a0 \u00a0 \u00a0 \u00a0 \u00a0 \u00a0 \u00a0 \u00a0 \u00a0 \u00a0 \u00a0 \u00a0 \u00a0 \u00a0 \u00a0 \u00a0 \u00a0 \u00a0 \u00a0 \u00a0 \u00a0 \u00a0 \u00a0 \u00a0 \u00a0 \u00a0Duna-Ipoly Nemzeti Park Igazgat\u00f3s\u00e1g, HUN-REN \u00d6kol\u00f3giai Kutat\u00f3k\u00f6zpont, ETTE,\u00a0 \u00a0 \u00a0 \u00a0 \u00a0 \u00a0 \u00a0 \u00a0 \u00a0 \u00a0 \u00a0 \u00a0 \u00a0 \u00a0 \u00a0 \u00a0 \u00a0 \u00a0 \u00a0 \u00a0 \u00a0 \u00a0 \u00a0 \u00a0 \u00a0 \u00a0 \u00a0 \u00a0 \u00a0 \u00a0 \u00a0 \u00a0 \u00a0 \u00a0 \u00a0WWF Magyarorsz\u00e1g<br \/>\n<strong>T\u00e1rsfinansz\u00edroz\u00f3:<\/strong>\u00a0 \u00a0 \u00a0 \u00a0 \u00a0 \u00a0 \u00a0 \u00a0 \u00a0 \u00a0 \u00a0 Agr\u00e1rminiszt\u00e9rium<\/p>\n<\/div><div class=\"col-md-4\">\n<\/div><\/div>\n<div><\/div>\n<div><\/div>\n<div><\/div>\n<div><\/div>\n<div><\/div>\n<div><\/div>\n<div style=\"\u201dwidth: 50%; padding: 0;\"><\/div>\n","protected":false},"excerpt":{"rendered":"","protected":false},"author":1,"featured_media":0,"parent":0,"menu_order":0,"comment_status":"closed","ping_status":"closed","template":"","meta":{"kt_blocks_editor_width":"","_monsterinsights_skip_tracking":false,"_monsterinsights_sitenote_active":false,"_monsterinsights_sitenote_note":"","_monsterinsights_sitenote_category":0,"footnotes":""},"class_list":["post-1101","page","type-page","status-publish","hentry"],"translation":{"provider":"WPGlobus","version":"3.0.1","language":"de","enabled_languages":["en","es","de","fr","ru"],"languages":{"en":{"title":true,"content":true,"excerpt":false},"es":{"title":false,"content":false,"excerpt":false},"de":{"title":false,"content":false,"excerpt":false},"fr":{"title":false,"content":false,"excerpt":false},"ru":{"title":false,"content":false,"excerpt":false}}},"aioseo_notices":[],"_links":{"self":[{"href":"https:\/\/hu.life4oakforests.eu\/de\/wp-json\/wp\/v2\/pages\/1101","targetHints":{"allow":["GET"]}}],"collection":[{"href":"https:\/\/hu.life4oakforests.eu\/de\/wp-json\/wp\/v2\/pages"}],"about":[{"href":"https:\/\/hu.life4oakforests.eu\/de\/wp-json\/wp\/v2\/types\/page"}],"author":[{"embeddable":true,"href":"https:\/\/hu.life4oakforests.eu\/de\/wp-json\/wp\/v2\/users\/1"}],"replies":[{"embeddable":true,"href":"https:\/\/hu.life4oakforests.eu\/de\/wp-json\/wp\/v2\/comments?post=1101"}],"version-history":[{"count":8,"href":"https:\/\/hu.life4oakforests.eu\/de\/wp-json\/wp\/v2\/pages\/1101\/revisions"}],"predecessor-version":[{"id":5641,"href":"https:\/\/hu.life4oakforests.eu\/de\/wp-json\/wp\/v2\/pages\/1101\/revisions\/5641"}],"wp:attachment":[{"href":"https:\/\/hu.life4oakforests.eu\/de\/wp-json\/wp\/v2\/media?parent=1101"}],"curies":[{"name":"wp","href":"https:\/\/api.w.org\/{rel}","templated":true}]}}